{"id":484,"date":"2014-09-03T21:11:40","date_gmt":"2014-09-03T21:11:40","guid":{"rendered":"http:\/\/50.28.86.182\/~craigswapp\/brain-injury-attorney\/"},"modified":"2021-05-12T14:28:10","modified_gmt":"2021-05-12T14:28:10","slug":"abogado-lesiones-cerebrales","status":"publish","type":"page","link":"https:\/\/craigswapp.com\/spanish\/abogado-lesiones-cerebrales\/","title":{"rendered":"Abogado de Lesiones Cerebrales de Salt Lake City"},"content":{"rendered":"<p>\n<img loading=\"lazy\" decoding=\"async\" class=\"alignright size-full wp-image-510\" src=\"https:\/\/craigswapp.com\/spanish\/wp-content\/uploads\/2014\/09\/bigstock_brain-injury-Female_Doctor_3209608-300x200.jpg\" alt=\"Traumatic Brain Injury\" width=\"300\" height=\"200\" \/><\/p>\n<div id=\"tw-target-text-container\" class=\"tw-ta-container tw-nfl\">\n<pre class=\"tw-data-text tw-ta tw-text-small\" dir=\"ltr\" data-placeholder=\"Translation\" data-fulltext=\"\"><\/pre>\n<p>Un golpe, sacudida o un golpe en la cabeza es lo \u00faltimo que nadie espera que suceda cuando se trata de su negocio diario. De las conmociones cerebrales a graves da\u00f1os cerebrales,\u00a0<a href=\"https:\/\/www.cdc.gov\/traumaticbraininjury\/\" target=\"_blank\" rel=\"noopener noreferrer\">lesiones cerebrales traum\u00e1ticas (LCT)<\/a>\u00a0puede ser el m\u00e1s devastador de todos los traumatismos de cabeza.<\/p>\n<\/div>\n<p>Lesiones en el cerebro a menudo causan da\u00f1os a largo plazo y pueden cambiar dram\u00e1ticamente el curso de su vida. El costo del tratamiento m\u00e9dico continuo y el cuidado de rehabilitaci\u00f3n pueden causar tensiones financieras significativas tanto en usted como en su familia.<\/p>\n<p>Para recuperar los da\u00f1os financieros asociados con un LCT, es crucial para retener los servicios de un abogado de lesiones cerebrales de\u00a0<a href=\"https:\/\/craigswapp.com\/spanish\/\">Craig Swapp &amp; Associates<\/a>.<\/p>\n<p>&nbsp;<\/p>\n<h2>Las Lesiones Cerebrales son a menudo Lesiones Retardadas<\/h2>\n<p>El Instituto Nacional de Trastornos Neurol\u00f3gicos y Derrame Cerebral\u00a0informa que los s\u00edntomas de una lesi\u00f3n cerebral pueden ser leves, moderados o severos, dependiendo de la extensi\u00f3n del da\u00f1o sufrido por el cerebro.<\/p>\n<p>Es crucial buscar atenci\u00f3n m\u00e9dica inmediatamente despu\u00e9s de cualquier tipo de traumatismo cerebral. Muchos LCTs no muestran ning\u00fan s\u00edntoma hasta que pasan varias semanas o meses y la lesi\u00f3n cerebral se ha deteriorado a\u00fan m\u00e1s. Cuanto antes te examinen y traten, mejor ser\u00e1 tu oportunidad de recuperarte.<\/p>\n<p>Una vez que haya sido diagnosticado, aseg\u00farese de ponerse en contacto con un abogado de lesiones cerebrales de Salt Lake City de nuestra oficina para que podamos comenzar a trabajar en su caso lo antes posible.<\/p>\n<h2>Los S\u00edntomas de Lesiones Cerebrales puedan ser Graves<\/h2>\n<p>Las v\u00edctimas de lesiones cerebrales de los tres niveles de gravedad pueden compartir s\u00edntomas similares, por lo que a veces es dif\u00edcil saber si una lesi\u00f3n en la cabeza es leve o grave sin pruebas extensas.<\/p>\n<p>Algunos de los s\u00edntomas que usted experimenta pueden incluir lo siguiente:<\/p>\n<ul>\n<li style=\"font-weight: 400;\">Dolores de cabeza y aturdimiento<\/li>\n<li style=\"font-weight: 400;\">Confusi\u00f3n<\/li>\n<li style=\"font-weight: 400;\">Mareos y p\u00e9rdida de coordinaci\u00f3n<\/li>\n<li style=\"font-weight: 400;\">Visi\u00f3n borrosa u ojos cansados<\/li>\n<li style=\"font-weight: 400;\">Fatiga o letargo<\/li>\n<li style=\"font-weight: 400;\">Cambios de comportamiento o de humor<\/li>\n<li style=\"font-weight: 400;\">Problemas con la memoria, concentraci\u00f3n, atenci\u00f3n y pensamiento<\/li>\n<\/ul>\n<p>&nbsp;<\/p>\n<h2>Causas de Concusiones y Otras Lesiones Cerebrales Traum\u00e1ticas<\/h2>\n<p>Muchas personas creen que una concusi\u00f3n es una lesi\u00f3n leve; Sin embargo, las conmociones cerebrales pueden ser graves, y la atenci\u00f3n m\u00e9dica siempre es necesario. Un golpe en la cabeza puede causar sangrado dentro del cerebro, hinchaz\u00f3n y un cr\u00e1neo fracturado, todo lo cual puede causar da\u00f1o cerebral permanente.<\/p>\n<p>Los accidentes\u00a0de\u00a0<a href=\"https:\/\/craigswapp.com\/spanish\/salt-lake-city\/\">lesiones personales<\/a>\u00a0mas comunes asocidos\u00a0con lesiones cerebrales incluyen los siguientes escenarios:<\/p>\n<ul>\n<li style=\"font-weight: 400;\"><a href=\"https:\/\/craigswapp.com\/spanish\/abogado-de-accidentes-de-carro-de-salt-lake-city\/\">Accidentes de carro<\/a><\/li>\n<li style=\"font-weight: 400;\"><a href=\"https:\/\/craigswapp.com\/spanish\/abogado-accidente-camion-salt-lake-city\/\">Accidentes de cami\u00f3n<\/a><\/li>\n<li style=\"font-weight: 400;\"><a href=\"https:\/\/craigswapp.com\/spanish\/abogado-de-accidente-de-motocicleta-en-salt-lake-city\/\">Accidentes de motocicleta<\/a><\/li>\n<li style=\"font-weight: 400;\"><a href=\"https:\/\/craigswapp.com\/spanish\/bicycle-accident-attorney\/\">Accidentes de bicicleta<\/a><\/li>\n<li style=\"font-weight: 400;\">Lesiones de nacimiento<\/li>\n<li style=\"font-weight: 400;\"><a href=\"https:\/\/craigswapp.com\/spanish\/abogado-resbalar-caer\/\">Resbalones y ca\u00eddas<\/a><\/li>\n<li style=\"font-weight: 400;\"><a href=\"https:\/\/craigswapp.com\/spanish\/abogado-negligencia-medica\/\">Negligencia m\u00e9dica<\/a><\/li>\n<li style=\"font-weight: 400;\">Asaltos<\/li>\n<\/ul>\n<p>Su abogado de lesiones cerebrales de Salt Lake City estar\u00e1 familiarizado con litigar todos estos tipos de casos y manejar\u00e1 la investigaci\u00f3n y la recolecci\u00f3n de evidencia mientras se enfoca en su recuperaci\u00f3n.<\/p>\n<p>&nbsp;<\/p>\n<h2>Ayuda de un Abogado de Lesiones Cerebrales de Salt Lake City<\/h2>\n<p>Es importante obtener un asesoramiento legal s\u00f3lido de un abogado de lesiones cerebrales de Salt Lake City que entiende las legalidades que rodean su accidente y la gravedad de sus lesiones. Las lesiones cerebrales traum\u00e1ticas no s\u00f3lo son f\u00edsicamente y emocionalmente devastadoras, sino que las consecuencias financieras pueden ser catastr\u00f3ficas tambi\u00e9n.<\/p>\n<p>Un experimentado abogado de lesiones cerebrales de Salt Lake City de Craig Swapp &amp; Associates\u00a0<a href=\"https:\/\/birdeye.com\/craig-swapp-associates-147042625253278\" target=\"_blank\" rel=\"noopener noreferrer\">puede ayudarle<\/a>\u00a0a trav\u00e9s de este tiempo dif\u00edcil. Dedicado a perseguir agresivamente su reclamaci\u00f3n de lesi\u00f3n cerebral, vamos a hacer frente a las compa\u00f1\u00edas de seguros y sus abogados, mientras que seguimos la b\u00fasqueda de la soluci\u00f3n de su caso que usted merece. Para empezar, llame al <a href=\"tel:18004049000\">1-855-628-5050<\/a> o llene el formulario de contacto a continuaci\u00f3n para disponer un tiempo para una evaluaci\u00f3n gratuita del caso.<\/p>\n","protected":false},"excerpt":{"rendered":"<p>Un golpe, sacudida o un golpe en la cabeza es lo \u00faltimo que nadie espera que suceda cuando se trata de su negocio diario. De [&hellip;]<\/p>\n","protected":false},"author":2,"featured_media":0,"parent":0,"menu_order":5,"comment_status":"open","ping_status":"open","template":"","meta":{"_acf_changed":false,"inline_featured_image":false,"footnotes":""},"class_list":["post-484","page","type-page","status-publish","hentry"],"acf":[],"_links":{"self":[{"href":"https:\/\/craigswapp.com\/spanish\/wp-json\/wp\/v2\/pages\/484","targetHints":{"allow":["GET"]}}],"collection":[{"href":"https:\/\/craigswapp.com\/spanish\/wp-json\/wp\/v2\/pages"}],"about":[{"href":"https:\/\/craigswapp.com\/spanish\/wp-json\/wp\/v2\/types\/page"}],"author":[{"embeddable":true,"href":"https:\/\/craigswapp.com\/spanish\/wp-json\/wp\/v2\/users\/2"}],"replies":[{"embeddable":true,"href":"https:\/\/craigswapp.com\/spanish\/wp-json\/wp\/v2\/comments?post=484"}],"version-history":[{"count":2,"href":"https:\/\/craigswapp.com\/spanish\/wp-json\/wp\/v2\/pages\/484\/revisions"}],"predecessor-version":[{"id":11430,"href":"https:\/\/craigswapp.com\/spanish\/wp-json\/wp\/v2\/pages\/484\/revisions\/11430"}],"wp:attachment":[{"href":"https:\/\/craigswapp.com\/spanish\/wp-json\/wp\/v2\/media?parent=484"}],"curies":[{"name":"wp","href":"https:\/\/api.w.org\/{rel}","templated":true}]}}