{"id":483,"date":"2014-09-03T21:11:40","date_gmt":"2014-09-03T21:11:40","guid":{"rendered":"http:\/\/50.28.86.182\/~craigswapp\/bicycle-accident\/"},"modified":"2021-05-12T14:27:39","modified_gmt":"2021-05-12T14:27:39","slug":"abogado-accidente-bicicleta-salt-lake-city","status":"publish","type":"page","link":"https:\/\/craigswapp.com\/spanish\/abogado-accidente-bicicleta-salt-lake-city\/","title":{"rendered":"Abogado de Accidente de Bicicleta de Salt Lake City"},"content":{"rendered":"<br \/>\n<h3>ABOGADO DE CICLISTA DE SALT LAKE CITY<\/h3>\n<p>En Craig Swapp &amp; Associates, estamos viendo m\u00e1s accidentes de bicicleta que nunca, especialmente porque la gente se ha vuelto al ciclismo para el disfrute, el ejercicio y el desplazamiento. Mientras la mayoria\u00a0de accidentes\u00a0bicicleta-<a href=\"https:\/\/craigswapp.com\/spanish\/abogado-de-accidente-de-carro-en-salt-lake-city\/\">vehiculo<\/a>\u00a0son causados por conductores que simplemente no ven a un ciclista, algunos accidentes son causados por conductores agresivos que intentan intimidar o da\u00f1ar a ciclistas. Desafortunadamente, cuando una bicicleta y un autom\u00f3vil chocan, el resultado final es <a href=\"https:\/\/craigswapp.com\/spanish\/abogado-de-accidente-de-carro-en-salt-lake-city\/common-injuries\/\">lesiones<\/a>\u00a0graves por la ciclista. Ese es cuando usted necesita un abogado de accidente de bicicleta de Salt Lake City.<\/p>\n<div class=\"videoWidth\"><\/div>\n<p>Los ajustadores de seguros son r\u00e1pidos para se\u00f1alar un dedo de culpa al ciclista, o hacer poco para ayudarle a recuperar los costos totales asociados con el accidente. Como ciclista, es posible que ya est\u00e9s tratando con un ajustador que est\u00e1 confundiendo la cuesti\u00f3n de\u00a0<a href=\"https:\/\/craigswapp.com\/spanish\/abogado-de-accidente-de-carro-en-salt-lake-city\/\">responsabilidad<\/a>, cuestionando los costos de la bicicleta y los accesorios, o no comprendiendo el alcance total de las lesiones.<\/p>\n<p>El objetivo del ajustador es retrasar o negarle que obtenga un arreglo completo y justo.<\/p>\n<p>No deje que esto le suceda. La ley de Utah define claramente los derechos de los ciclistas respetuosos de la ley y buscamos proteger esos derechos. Un abogado de accidente de bicicleta necesita entender la ley como aplica a\u00a0<a href=\"https:\/\/craigswapp.com\/spanish\/\">lesiones personales<\/a>\u00a0como nosotros lo entendemos.<\/p>\n<p>Si usted fue herido en un accidente de bicicleta-vehiculo, y el accidente no fue su culpa, Craig Swapp &amp; Associates puede negociar un acuerdo justo que:<\/p>\n<ul>\n<li>Reembolsarle por sus facturas medicas<\/li>\n<li>Reemplazar ingresos perdidos<\/li>\n<li>Reparar o reemplazar su bicicleta<\/li>\n<li>Reembolsarle por equipo y accesorios da\u00f1ados, incluyendo computadoras, gafas de sol, cascos, ropa de ciclismo, etc.<\/li>\n<li>Compensarle por\u00a0el dolor asociado\u00a0con su\u00a0recubrimiento de salud<\/li>\n<\/ul>\n<p>Desafortunadamente, un accidente severo de bicicleta-autom\u00f3vil puede da\u00f1ar fatalmente al ciclista. Durante este tiempo dif\u00edcil, un abogado de accidente de bicicleta de Salt Lake City en Craig Swapp &amp; Associates puede iniciar una demanda de muerte por negligencia para el c\u00f3nyuge o familia sobreviviente.<\/p>\n<p>Un accidente de ciclismo tambi\u00e9n puede ser causado por un defecto en la fabricaci\u00f3n o fabricaci\u00f3n de la bicicleta, su marco, tenedor, ruedas, etc. Si este es el caso, nuestros abogados de defectos del producto utilizar\u00e1n su vasto conocimiento de\u00a0<a href=\"https:\/\/craigswapp.com\/spanish\/abogado-responsabilidad-producto\/\">responsabilidad del producto<\/a>\u00a0para examinar el componente fallido, y evaluar si un defecto de dise\u00f1o o de fabricaci\u00f3n era responsable del accidente.<\/p>\n<p>En Craig Swapp &amp; Associates, tenemos varios abogados en el personal que disfrutan del deporte del ciclismo y aprecian los desaf\u00edos que enfrentan. No lleve su caso a alguien que no entiende su situaci\u00f3n. P\u00f3ngase en contacto con un abogado de accidente de bicicleta de Salt Lake City para una consulta GRATUITA al 208-331-0167 o env\u00ede los detalles de su caso en l\u00ednea. No demores. Aquellos con los casos m\u00e1s fuertes involucran a Craig Swapp &amp; Associates temprano.<\/p>\n","protected":false},"excerpt":{"rendered":"<p>ABOGADO DE CICLISTA DE SALT LAKE CITY En Craig Swapp &amp; Associates, estamos viendo m\u00e1s accidentes de bicicleta que nunca, especialmente porque la gente se [&hellip;]<\/p>\n","protected":false},"author":2,"featured_media":0,"parent":0,"menu_order":4,"comment_status":"open","ping_status":"open","template":"","meta":{"_acf_changed":false,"inline_featured_image":false,"footnotes":""},"class_list":["post-483","page","type-page","status-publish","hentry"],"acf":[],"_links":{"self":[{"href":"https:\/\/craigswapp.com\/spanish\/wp-json\/wp\/v2\/pages\/483","targetHints":{"allow":["GET"]}}],"collection":[{"href":"https:\/\/craigswapp.com\/spanish\/wp-json\/wp\/v2\/pages"}],"about":[{"href":"https:\/\/craigswapp.com\/spanish\/wp-json\/wp\/v2\/types\/page"}],"author":[{"embeddable":true,"href":"https:\/\/craigswapp.com\/spanish\/wp-json\/wp\/v2\/users\/2"}],"replies":[{"embeddable":true,"href":"https:\/\/craigswapp.com\/spanish\/wp-json\/wp\/v2\/comments?post=483"}],"version-history":[{"count":1,"href":"https:\/\/craigswapp.com\/spanish\/wp-json\/wp\/v2\/pages\/483\/revisions"}],"predecessor-version":[{"id":11427,"href":"https:\/\/craigswapp.com\/spanish\/wp-json\/wp\/v2\/pages\/483\/revisions\/11427"}],"wp:attachment":[{"href":"https:\/\/craigswapp.com\/spanish\/wp-json\/wp\/v2\/media?parent=483"}],"curies":[{"name":"wp","href":"https:\/\/api.w.org\/{rel}","templated":true}]}}