{"id":482,"date":"2014-09-03T21:11:40","date_gmt":"2014-09-03T21:11:40","guid":{"rendered":"http:\/\/50.28.86.182\/~craigswapp\/aviation-accident\/"},"modified":"2021-05-12T14:27:30","modified_gmt":"2021-05-12T14:27:30","slug":"abogado-accidente-aviacion-salt-lake-city","status":"publish","type":"page","link":"https:\/\/craigswapp.com\/spanish\/abogado-accidente-aviacion-salt-lake-city\/","title":{"rendered":"Abogado de Accidente de Aviaci\u00f3n de Salt Lake City"},"content":{"rendered":"<p>\nLos accidentes de la aviaci\u00f3n que ocurren en Utah son t\u00edpicamente catastr\u00f3ficos en naturaleza, dando por resultado a v\u00edctimas que se da\u00f1an severo o fatalmente como pasajeros en el avi\u00f3n o personas inocentes en la tierra. Tales casos son altamente complejos y requieren un abogado de accidente de aviaci\u00f3n experimentado de la aviaci\u00f3n para guiar a la v\u00edctima herida o los supervivientes de la familia a trav\u00e9s de todo el proceso del arreglo.<\/p>\n<p>En Craig Swapp &amp; Associates, tratamos casos de lesiones de aviaci\u00f3n que involucran:<\/p>\n<ul>\n<li>Aerol\u00edneas comerciales<\/li>\n<li>Aviones privados peque\u00f1os<\/li>\n<li>Aeronaves de negocios arrendadas (incluidos aviones y helic\u00f3pteros)<\/li>\n<li>Aeronaves utilizadas para combatir incendios, recolecci\u00f3n de datos, recolecci\u00f3n de noticias, b\u00fasqueda policial, visitas tur\u00edsticas, etc.<\/li>\n<li>Las v\u00edctimas que fueron heridas o muertas en el suelo<\/li>\n<\/ul>\n<p>Los accidentes de aviaci\u00f3n suelen implicar a m\u00faltiples demandados, como el fabricante de la aeronave, las empresas de mantenimiento, el propietario \/ operador de la aeronave y \/ o los controladores de tr\u00e1fico del aeropuerto. Adem\u00e1s, una serie de entidades gubernamentales, como la Junta Nacional de Seguridad en el Transporte o la Agencia Federal de Aviaci\u00f3n pueden desempe\u00f1ar un papel crucial en el establecimiento de la responsabilidad. Debido a que los litigios por accidentes de aviaci\u00f3n pueden involucrar a varios estados y jurisdicciones, la acci\u00f3n legal generalmente requiere presentar una demanda en la Corte Federal.<\/p>\n<p>La participaci\u00f3n de m\u00faltiples demandados y jurisdicciones requiere un abogado de lesiones personales en Utah que est\u00e9 calificado para representar a las v\u00edctimas en la Corte Federal, y tiene experiencia en establecer responsabilidades claras para cada acusado.<\/p>\n<p>P\u00f3ngase en contacto con Craig Swapp &amp; Associates para reunirse con nuestro abogado de accidente de aviaci\u00f3n para una consulta GRATUITA sin compromiso puede comenzar el proceso para ayudar a sanar hacia un arreglo justo y completo.<\/p>\n<p>No demores. Aquellos con los casos m\u00e1s fuertes involucran a Craig Swapp &amp; Associates justo en las primeras etapas de su accidente. Comun\u00edquese con nosotros al 208-331-0167 o env\u00ede los detalles de su caso en nuestro sitio web.<\/p>\n","protected":false},"excerpt":{"rendered":"<p>Los accidentes de la aviaci\u00f3n que ocurren en Utah son t\u00edpicamente catastr\u00f3ficos en naturaleza, dando por resultado a v\u00edctimas que se da\u00f1an severo o fatalmente [&hellip;]<\/p>\n","protected":false},"author":2,"featured_media":0,"parent":0,"menu_order":3,"comment_status":"open","ping_status":"open","template":"","meta":{"_acf_changed":false,"inline_featured_image":false,"footnotes":""},"class_list":["post-482","page","type-page","status-publish","hentry"],"acf":[],"_links":{"self":[{"href":"https:\/\/craigswapp.com\/spanish\/wp-json\/wp\/v2\/pages\/482","targetHints":{"allow":["GET"]}}],"collection":[{"href":"https:\/\/craigswapp.com\/spanish\/wp-json\/wp\/v2\/pages"}],"about":[{"href":"https:\/\/craigswapp.com\/spanish\/wp-json\/wp\/v2\/types\/page"}],"author":[{"embeddable":true,"href":"https:\/\/craigswapp.com\/spanish\/wp-json\/wp\/v2\/users\/2"}],"replies":[{"embeddable":true,"href":"https:\/\/craigswapp.com\/spanish\/wp-json\/wp\/v2\/comments?post=482"}],"version-history":[{"count":2,"href":"https:\/\/craigswapp.com\/spanish\/wp-json\/wp\/v2\/pages\/482\/revisions"}],"predecessor-version":[{"id":11426,"href":"https:\/\/craigswapp.com\/spanish\/wp-json\/wp\/v2\/pages\/482\/revisions\/11426"}],"wp:attachment":[{"href":"https:\/\/craigswapp.com\/spanish\/wp-json\/wp\/v2\/media?parent=482"}],"curies":[{"name":"wp","href":"https:\/\/api.w.org\/{rel}","templated":true}]}}