{"id":4787,"date":"2016-06-10T16:15:48","date_gmt":"2016-06-10T16:15:48","guid":{"rendered":"http:\/\/craigswapp1.wpengine.com\/?page_id=4787"},"modified":"2021-05-05T16:38:49","modified_gmt":"2021-05-05T16:38:49","slug":"quien-pagara-mis-facturas-medicas","status":"publish","type":"page","link":"https:\/\/craigswapp.com\/spanish\/quien-pagara-mis-facturas-medicas\/","title":{"rendered":"\u00bfQui\u00e9n pagar\u00e1 mis facturas m\u00e9dicas despu\u00e9s de un accidente de carro?"},"content":{"rendered":"<p>\nSi usted ha sido lesionado en un\u00a0<a href=\"https:\/\/craigswapp.com\/spanish\/abogado-de-accidentes-de-carro-de-salt-lake-city\/\">accidente de carro<\/a>, es probable que usted est\u00e1 preguntando \u00bfqui\u00e9n pagar\u00e1 mis facturas m\u00e9dicas? Las lesiones personales y los gastos m\u00e9dicos que ocurren despu\u00e9s de un accidente automovil\u00edstico son algunas de las razones principales por las que se presentan demandas por lesiones personales en situaciones de accidente automovil\u00edstico.<\/p>\n<p>No es justo que las personas que han sufrido heridas en un accidente automovil\u00edstico -sin culpa suya- tengan que soportar toda la carga financiera del proceso de curaci\u00f3n. Dependiendo de las circunstancias del accidente, hay muchos grupos diferentes que podr\u00edan ser\u00a0responsables\u00a0para pagar sus facturas m\u00e9dicas despu\u00e9s de un accidente de carro.<\/p>\n<h2>Seguro de Auto<\/h2>\n<p>Si el otro conductor es culpable y tiene una p\u00f3liza de seguro de auto, la compa\u00f1\u00eda de seguros de auto debe pagar por sus facturas m\u00e9dicas.<\/p>\n<p>Si el otro conductor no tiene seguro de auto pero est\u00e1 asegurado bajo un familiar que vive en la misma casa (por ejemplo, un conductor menor o adolescente), entonces la\u00a0<a href=\"http:\/\/www.claimsjournal.com\/news\/national\/2014\/06\/05\/249762.htm\" target=\"_blank\" rel=\"noopener noreferrer\">compa\u00f1\u00eda de seguros de auto del familiar<\/a>\u00a0debe pagar sus facturas m\u00e9dicas.<\/p>\n<p>Si un pasajero en uno de los veh\u00edculos fue de alguna manera en falta, entonces seguro de auto de pasajeros tendr\u00e1 que pagar por sus facturas m\u00e9dicas despu\u00e9s del accidente.<\/p>\n<h2>Responsabilidad Personal o Su Propio Seguro<\/h2>\n<p>Si ni el otro conductor ni ninguno de los pasajeros tienen\u00a0seguro de auto, entonces quien sea culpable ser\u00e1 responsable de pagar todos los gastos incurridos por usted en el accidente. Asi es la respuesta a la pregunta \u00bfqui\u00e9n pagar\u00e1 mis facturas m\u00e9dicas?\u00a0Sin seguro, esto significa que la persona tendr\u00e1 que pagar por sus facturas m\u00e9dicas de su propio bolsillo.<\/p>\n<p>Bajo el sistema de agravio, la persona que caus\u00f3\u00a0el accidente es responsable, y la v\u00edctima puede recaudar un juicio contra \u00e9l o ella. En un caso de accidente de coche, esto ser\u00e1 cierto incluso si la parte responsable fue un <a href=\"https:\/\/craigswapp.com\/spanish\/abogado-accidente-peatonal-salt-lake-city\/\">peatonal<\/a>\u00a0o en una bicicleta.<\/p>\n<h2>Nunca Admite la Culpa<\/h2>\n<p>La regla cardinal de estar en un accidente de carro es que nunca\u00a0admitir culpa. Esto se debe a que si usted admite la culpa-o se descubre que es culpable en un accidente-se convierte en <a href=\"http:\/\/injury.findlaw.com\/car-accidents\/car-accident-liability-proving-fault-in-a-car-crash.html\" target=\"_blank\" rel=\"noopener noreferrer\">financieramente responsable<\/a> de las facturas m\u00e9dicas y de reparaci\u00f3n de la v\u00edctima.<\/p>\n<p>Su compa\u00f1\u00eda de seguros va a investigar en su nombre. Determinar\u00e1 el fallo y resolver\u00e1 las reclamaciones despu\u00e9s de la investigaci\u00f3n.<\/p>\n<p>Permitir que su abogado de seguros de auto para tratar cualquier reclamo y el proceso de acompa\u00f1amiento es un paso importante para asegurar que usted no se hace responsable de un gran n\u00famero de facturas m\u00e9dicas o reparaciones, ya sea la suya o la del otro grupo.<\/p>\n<h2>Obtenga Ayuda Por Sus Facturas M\u00e9dicas<\/h2>\n<p>Usted merece una compensaci\u00f3n financiera por las lesiones que ha sufrido. Usted no deber\u00eda tener que preguntarse qui\u00e9n pagar\u00e1 mis facturas m\u00e9dicas despu\u00e9s de un accidente de carro.<\/p>\n<p>Para discutir su caso y sus opciones con m\u00e1s detalle, comun\u00edquese con Craig Swapp &amp; Associates llamando al <a href=\"tel:\/\/1-208-331-0167\">208-331-0167<\/a>\u00a0o contact\u00e1ndose con nosotros <a href=\"https:\/\/craigswapp.com\/spanish\/contactenos\/\">en nuestro sitio web<\/a>.<\/p>\n","protected":false},"excerpt":{"rendered":"<p>Si usted ha sido lesionado en un\u00a0accidente de carro, es probable que usted est\u00e1 preguntando \u00bfqui\u00e9n pagar\u00e1 mis facturas m\u00e9dicas? Las lesiones personales y los [&hellip;]<\/p>\n","protected":false},"author":2,"featured_media":0,"parent":0,"menu_order":0,"comment_status":"closed","ping_status":"closed","template":"","meta":{"_acf_changed":false,"inline_featured_image":false,"footnotes":""},"class_list":["post-4787","page","type-page","status-publish","hentry"],"acf":[],"_links":{"self":[{"href":"https:\/\/craigswapp.com\/spanish\/wp-json\/wp\/v2\/pages\/4787","targetHints":{"allow":["GET"]}}],"collection":[{"href":"https:\/\/craigswapp.com\/spanish\/wp-json\/wp\/v2\/pages"}],"about":[{"href":"https:\/\/craigswapp.com\/spanish\/wp-json\/wp\/v2\/types\/page"}],"author":[{"embeddable":true,"href":"https:\/\/craigswapp.com\/spanish\/wp-json\/wp\/v2\/users\/2"}],"replies":[{"embeddable":true,"href":"https:\/\/craigswapp.com\/spanish\/wp-json\/wp\/v2\/comments?post=4787"}],"version-history":[{"count":1,"href":"https:\/\/craigswapp.com\/spanish\/wp-json\/wp\/v2\/pages\/4787\/revisions"}],"predecessor-version":[{"id":10726,"href":"https:\/\/craigswapp.com\/spanish\/wp-json\/wp\/v2\/pages\/4787\/revisions\/10726"}],"wp:attachment":[{"href":"https:\/\/craigswapp.com\/spanish\/wp-json\/wp\/v2\/media?parent=4787"}],"curies":[{"name":"wp","href":"https:\/\/api.w.org\/{rel}","templated":true}]}}