{"id":4786,"date":"2016-06-10T16:14:05","date_gmt":"2016-06-10T16:14:05","guid":{"rendered":"http:\/\/craigswapp1.wpengine.com\/?page_id=4786"},"modified":"2021-05-12T14:17:36","modified_gmt":"2021-05-12T14:17:36","slug":"que-hacer-despues-un-accidente-de-carro","status":"publish","type":"page","link":"https:\/\/craigswapp.com\/spanish\/que-hacer-despues-un-accidente-de-carro\/","title":{"rendered":"Qu\u00e9 Hacer Despu\u00e9s de un Accidente de Carro"},"content":{"rendered":"<p>\nInmediatamente despu\u00e9s de un\u00a0<a href=\"https:\/\/craigswapp.com\/spanish\/abogado-de-accidente-de-carro-en-salt-lake-city\/\">accidente de carro<\/a>, usted probablemente estar\u00e1 en estado de shock. Esta es una reacci\u00f3n humana normal cuando hay un evento traum\u00e1tico. Nosotros queremos ayudarle a enteneder\u00a0que\u00a0hacer\u00a0despu\u00e9s de<br \/>\nSi usted esta\u00a0preguntando\u00a0que\u00a0hacer\u00a0despu\u00e9s de un accidente de carro, lo primero es asegurarse de que usted, todos los dem\u00e1s en el carro, y el conductor y los pasajeros del otro veh\u00edculo est\u00e1n f\u00edsicamente bien. Dependiendo del nivel de impacto, usted, el otro conductor o los pasajeros podr\u00edan resultar lesionados y necesitar atenci\u00f3n m\u00e9dica inmediata.<\/p>\n<h2>Las Autoridades Adecuadas<\/h2>\n<p>La siguiente cosa que hacer despu\u00e9s de haber estado en un accidente de carro es marcar 911 y ponerse en contacto con la polic\u00eda. El despachador del 911 enviar\u00e1 una ambulancia si alguien necesita\u00a0<a href=\"https:\/\/craigswapp.com\/spanish\/abogado-de-accidente-de-carro-en-salt-lake-city\/lesiones-comunes-accidentes-carros-salt-lake\/\">atenci\u00f3n m\u00e9dica<\/a>.<\/p>\n<p>El despachador tambi\u00e9n enviar\u00e1 a la polic\u00eda para que venga a investigar las <a href=\"https:\/\/craigswapp.com\/spanish\/abogado-de-accidente-de-carro-en-salt-lake-city\/causas-comunes\/\">causas<\/a>\u00a0del accidente de carro y presentar un informe de accidente.<\/p>\n<p>Asegurarse de que las autoridades adecuadas est\u00e1n a la mano le ayudar\u00e1 en el largo plazo, especialmente si hay una demanda de lesiones personales en el camino. Una vez que la polic\u00eda est\u00e9 en la escena, har\u00e1n un informe policial completo de todo lo que observen, cualquier testimonio de testigos y cualquier otra circunstancia que rodee el accidente. Este documento puede ayudarle en un caso judicial, especialmente cuando se determina la\u00a0<a href=\"http:\/\/injury.findlaw.com\/car-accidents\/comparative-negligence.html\" target=\"_blank\" rel=\"noopener noreferrer\">negligencia comparativa<\/a>\u00a0del otro\u00a0conductor.<\/p>\n<h2>Documentando el Accidente<\/h2>\n<p>Una vez que haya sido revisado por el personal m\u00e9dico y hablado con la polic\u00eda, usted querr\u00e1 documentar todo lo que rodea el accidente de carro y las circunstancias en las que se produjo. Hay tres cosas espec\u00edficas que debe hacer:<\/p>\n<ul>\n<li style=\"font-weight: 400;\">Tomar fotograf\u00edas \u2013 Tome fotograf\u00edas del accidente de carro. Esto nos ayudar\u00e1 a identificar los \u00e1ngulos con los que chocaron los veh\u00edculos, la velocidad a la que viajaban, las condiciones de las carreteras, las condiciones de la clima y el estado del propio veh\u00edculo. Tambi\u00e9n querr\u00e1 tomar fotograf\u00edas de otros detalles importantes, tales como sem\u00e1foros, aceras, cualquier trabajo de carretera, y cualquier se\u00f1al de advertencia o peligro en el \u00e1rea.<\/li>\n<li style=\"font-weight: 400;\">Registre su\u00a0cuenta \u2013 Tome notas o registre su propia cuenta en su tel\u00e9fono. Las historias cambian en nuestras propias mentes con el tiempo, y usted querr\u00e1 registrar todos los detalles como sucedieron. El mejor momento para grabar esto es en la escena tan pronto como sea posible.<\/li>\n<li style=\"font-weight: 400;\">Encuentra testigos \u2013 Si hay personas que fueron testigos del accidente de carro, debe obtener sus nombres e informaci\u00f3n de contacto para que podamos llegar a ellos en una fecha posterior. Su testimonio podr\u00eda ser instrumental para probar su caso.<\/li>\n<\/ul>\n<h2>Si Tiene Preguntas sobre qu\u00e9 Hacer Despues de un Accidente de Carro, Comun\u00edquese con Nosotros<\/h2>\n<p>Usted merece una compensaci\u00f3n financiera por las lesiones que ha sufrido. Recuerde nuestro consejo sobre qu\u00e9 hacer despu\u00e9s de un accidente de carro y, a continuaci\u00f3n, aseg\u00farese de ponerse en contacto con un abogado calificado para ayudarlo.<\/p>\n<p>Para discutir su caso y sus opciones con mayor detalle, comun\u00edquese con Craig Swapp &amp; Associates llamando al 1-800-404-9000 o poni\u00e9ndose en contacto con nosotros\u00a0<a href=\"https:\/\/craigswapp.com\/spanish\/contactenos\/\">en nuestro sitio web<\/a>.<\/p>\n","protected":false},"excerpt":{"rendered":"<p>Inmediatamente despu\u00e9s de un\u00a0accidente de carro, usted probablemente estar\u00e1 en estado de shock. Esta es una reacci\u00f3n humana normal cuando hay un evento traum\u00e1tico. Nosotros [&hellip;]<\/p>\n","protected":false},"author":2,"featured_media":0,"parent":0,"menu_order":0,"comment_status":"closed","ping_status":"closed","template":"","meta":{"_acf_changed":false,"inline_featured_image":false,"footnotes":""},"class_list":["post-4786","page","type-page","status-publish","hentry"],"acf":[],"_links":{"self":[{"href":"https:\/\/craigswapp.com\/spanish\/wp-json\/wp\/v2\/pages\/4786","targetHints":{"allow":["GET"]}}],"collection":[{"href":"https:\/\/craigswapp.com\/spanish\/wp-json\/wp\/v2\/pages"}],"about":[{"href":"https:\/\/craigswapp.com\/spanish\/wp-json\/wp\/v2\/types\/page"}],"author":[{"embeddable":true,"href":"https:\/\/craigswapp.com\/spanish\/wp-json\/wp\/v2\/users\/2"}],"replies":[{"embeddable":true,"href":"https:\/\/craigswapp.com\/spanish\/wp-json\/wp\/v2\/comments?post=4786"}],"version-history":[{"count":1,"href":"https:\/\/craigswapp.com\/spanish\/wp-json\/wp\/v2\/pages\/4786\/revisions"}],"predecessor-version":[{"id":11382,"href":"https:\/\/craigswapp.com\/spanish\/wp-json\/wp\/v2\/pages\/4786\/revisions\/11382"}],"wp:attachment":[{"href":"https:\/\/craigswapp.com\/spanish\/wp-json\/wp\/v2\/media?parent=4786"}],"curies":[{"name":"wp","href":"https:\/\/api.w.org\/{rel}","templated":true}]}}