{"id":4783,"date":"2016-07-07T03:13:56","date_gmt":"2016-07-07T03:13:56","guid":{"rendered":"http:\/\/craigswapp1.wpengine.com\/?page_id=4783"},"modified":"2021-05-12T14:47:51","modified_gmt":"2021-05-12T14:47:51","slug":"abogado-medicamentos-defectuosos-utah","status":"publish","type":"page","link":"https:\/\/craigswapp.com\/spanish\/abogado-medicamentos-defectuosos-utah\/","title":{"rendered":"\u00bfSufri\u00f3 da\u00f1o por culpa de un medicamento defectuoso? Hable con un abogado en Utah"},"content":{"rendered":"<p>\nLa mayor\u00eda de los medicamentos en el mercado proporcionan importantes beneficios para la salud y se someten a pruebas rigurosas antes de ser aprobados para uso del consumidor. Sin embargo, las fallas en el proceso de fabricaci\u00f3n y los defectos de dise\u00f1o a veces pueden causar efectos secundarios graves y duraderos que empeoran la vida del paciente.<\/p>\n<p>Un medicamento que no funciona seg\u00fan lo previsto se conoce como un medicamento defectuoso. Si su salud se ha visto afectada negativamente debido a un medicamento defectuoso, comun\u00edquese con un abogado especializado en medicamentos defectuosos en Utah y explore sus opciones de compensaci\u00f3n.<\/p>\n<h2>\u00bfTiene un caso?<\/h2>\n<p>Si ha tomado un medicamento defectuoso que result\u00f3 en un efecto secundario grave, podr\u00eda tener un caso en contra del fabricante del medicamento, el farmac\u00e9utico o incluso su m\u00e9dico.<\/p>\n<p>Para tener un caso leg\u00edtimo, el efecto secundario debe haberlo da\u00f1ado de alguna manera y no puede haber comprendido el riesgo total que implica tomar el medicamento. Como su abogado de drogas defectuosas en Utah, podemos ayudarlo a determinar c\u00f3mo proceder con su caso.<\/p>\n<h2>Defectos en el proceso de fabricaci\u00f3n<\/h2>\n<p>Las compa\u00f1\u00edas farmac\u00e9uticas pueden cometer errores en la producci\u00f3n y dise\u00f1o de medicamentos. Una vez que una compa\u00f1\u00eda farmac\u00e9utica se da cuenta de que un medicamento es peligroso, tiene el deber de retirarlo del mercado. Este proceso se conoce como un retiro de medicamentos.<\/p>\n<p>Tambi\u00e9n ha habido casos de contaminaci\u00f3n accidental durante el proceso de fabricaci\u00f3n. Al igual que con un mal dise\u00f1o, esta situaci\u00f3n requerir\u00eda un retiro inmediato del medicamentos.<\/p>\n<p>Lamentablemente, algunas empresas se preocupan m\u00e1s por sus m\u00e1rgenes de ganancia que por la salud de sus clientes. Si una compa\u00f1\u00eda farmac\u00e9utica piensa que ser\u00eda menos costoso resolver posibles demandas, es posible que no emitan un retiro de medicamentos.<\/p>\n<p>No permita que una compa\u00f1\u00eda farmac\u00e9utica priorice su dinero por encima de su salud. Si ha sido da\u00f1ado de alguna manera por un medicamento defectuoso, comun\u00edquese con uno de nuestros abogados de medicamentos defectuosos en Utah inmediatamente.<\/p>\n<h2>Proceso de aprobaci\u00f3n de la FDA<\/h2>\n<p>La Administraci\u00f3n de Alimentos y Medicamentos (FDA) tiene la responsabilidad de garantizar que cualquier medicamento o producto alimenticio sea seguro para el consumo. Esto implica un riguroso proceso de prueba por el que se supone que todos los productos farmac\u00e9uticos deben pasar antes de que est\u00e9n disponibles para el uso del consumidor.<\/p>\n<p>Sin embargo, la FDA puede cometer errores. Solo porque un medicamento est\u00e1 aprobado por la FDA, no significa necesariamente que sea 100 por ciento seguro. Algunos medicamentos tienen efectos secundarios que no se manifiestan hasta mucho m\u00e1s tarde.<\/p>\n<h2>Podr\u00eda tener derecho a compensaci\u00f3n<\/h2>\n<p>Los efectos negativos para la salud de los medicamentos defectuosos pueden ser graves y debilitantes. Cualquier gasto m\u00e9dico que resulte de esto debe ser compensado por los responsables.<\/p>\n<p>Una vez que se establezca la magnitud del impacto negativo de un medicamento defectuoso en su salud, podemos determinar cu\u00e1l ser\u00eda el monto de un acuerdo justo y ayudarlo a lograrlo.<\/p>\n<h2>P\u00f3ngase en contacto con un abogado<\/h2>\n<p>Tomar un medicamento defectuoso puede tener efectos secundarios a largo plazo y peligrosos. Si ha estado expuesto a un medicamento defectuoso, necesitar\u00e1 una representaci\u00f3n legal con experiencia cuando solicite un arreglo por los da\u00f1os causados.<\/p>\n<p>Con nuestros abogados especializados en drogas defectuosas en Utah, obtendr\u00e1 esa representaci\u00f3n. Para revisar su caso y sus opciones con m\u00e1s detalle, comun\u00edquese con Craig Swapp &amp; Associates llamando al 1-800-404-9000 o cont\u00e1ctenos por internet.<\/p>\n","protected":false},"excerpt":{"rendered":"<p>La mayor\u00eda de los medicamentos en el mercado proporcionan importantes beneficios para la salud y se someten a pruebas rigurosas antes de ser aprobados para [&hellip;]<\/p>\n","protected":false},"author":2,"featured_media":0,"parent":0,"menu_order":0,"comment_status":"closed","ping_status":"closed","template":"","meta":{"_acf_changed":false,"inline_featured_image":false,"footnotes":""},"class_list":["post-4783","page","type-page","status-publish","hentry"],"acf":[],"_links":{"self":[{"href":"https:\/\/craigswapp.com\/spanish\/wp-json\/wp\/v2\/pages\/4783","targetHints":{"allow":["GET"]}}],"collection":[{"href":"https:\/\/craigswapp.com\/spanish\/wp-json\/wp\/v2\/pages"}],"about":[{"href":"https:\/\/craigswapp.com\/spanish\/wp-json\/wp\/v2\/types\/page"}],"author":[{"embeddable":true,"href":"https:\/\/craigswapp.com\/spanish\/wp-json\/wp\/v2\/users\/2"}],"replies":[{"embeddable":true,"href":"https:\/\/craigswapp.com\/spanish\/wp-json\/wp\/v2\/comments?post=4783"}],"version-history":[{"count":3,"href":"https:\/\/craigswapp.com\/spanish\/wp-json\/wp\/v2\/pages\/4783\/revisions"}],"predecessor-version":[{"id":11476,"href":"https:\/\/craigswapp.com\/spanish\/wp-json\/wp\/v2\/pages\/4783\/revisions\/11476"}],"wp:attachment":[{"href":"https:\/\/craigswapp.com\/spanish\/wp-json\/wp\/v2\/media?parent=4783"}],"curies":[{"name":"wp","href":"https:\/\/api.w.org\/{rel}","templated":true}]}}