{"id":4779,"date":"2016-06-10T15:59:35","date_gmt":"2016-06-10T15:59:35","guid":{"rendered":"http:\/\/craigswapp1.wpengine.com\/?page_id=4779"},"modified":"2021-05-06T17:04:58","modified_gmt":"2021-05-06T17:04:58","slug":"hombro-salt-lake-city","status":"publish","type":"page","link":"https:\/\/craigswapp.com\/spanish\/abogado-de-accidente-de-carro-en-salt-lake-city\/causas-comunes\/hombro-salt-lake-city\/","title":{"rendered":"Abogado de Accidentes del Abandono de Hombro en Salt Lake City"},"content":{"rendered":"<p>\nEn Salt Lake City, hay ciertos caminos que tienen hombros con pendientes pronunciadas. Este tipo de pobre construcci\u00f3n de carreteras crea condiciones peligrosas para conductores desprevenidos.<\/p>\n<p>Si usted ha sido lesionado o su veh\u00edculo ha sido da\u00f1ado debido a una ca\u00edda de hombro, un abogado de accidentes del hombro en Salt Lake City puede representarle y ayudarle a obtener la compensaci\u00f3n que se merece. Las lesiones resultantes de los accidentes de ca\u00edda del hombro no son infrecuentes. Si el hombro de una carretera estaba mal construido, usted tiene derecho a ser compensado.<\/p>\n<h2>Tiene el Derecho de Conducir por\u00a0Carreteras\u00a0Seguras<\/h2>\n<p>Cada vez que usted est\u00e1 conduciendo en Salt Lake City, usted debe ser capaz de esperar que las superficies de la carretera para ser bien mantenido y en buen estado. Cuando no lo son, significa que cualquier empresa o agencia responsable de su mantenimiento es tambi\u00e9n responsable de su accidente.<\/p>\n<h2>\u00bfQu\u00e9 es un Abandono del Hombro?<\/h2>\n<p>En Utah, se requiere que un hombro pavimentado est\u00e9 al ras con la carretera al lado. Sin embargo, es sorprendentemente com\u00fan la frecuencia con la que este est\u00e1ndar no se cumple.<\/p>\n<p>Este tipo de negligencia puede conducir f\u00e1cilmente a un accidente. Los conductores pueden perder el control de su veh\u00edculo si un hombro cae repentinamente cuando no lo est\u00e1n esperando.<\/p>\n<h2>\u00bfC\u00f3mo causan los accidentes el hombro?<\/h2>\n<p>En alg\u00fan momento u otro, todos los conductores tienen una situaci\u00f3n que requiere que se deje en el lado de la carretera. Una vez que est\u00e1n listos para reanudar el viaje, por lo general es necesario acelerar la conducci\u00f3n en el hombro con el fin de fusionarse con el flujo de tr\u00e1fico.<\/p>\n<p>Es precisamente por esta raz\u00f3n que los est\u00e1ndares de Utah requieren que un hombro pavimentado est\u00e9 al ras con la carretera al lado. Si la carretera y el hombro no est\u00e1n nivelados en el punto donde el conductor est\u00e1 tratando de combinarse con el tr\u00e1fico, puede resultar en un accidente cuando las ruedas se sacuden en la direcci\u00f3n opuesta a donde el conductor est\u00e1 dirigiendo.<\/p>\n<h2>Los Hombros que no est\u00e1n Enrasados Conducen a Accidentes<\/h2>\n<p>Los carros que est\u00e1n bajos a la tierra est\u00e1n especialmente en riesgo. La fusi\u00f3n de nuevo en la carretera en un mal hombro puede hacer que pierdan el control o no ser capaz de acelerar con la suficiente rapidez para fusionarse con \u00e9xito en el tr\u00e1fico.<\/p>\n<p>En casos como este, es seguro que la ca\u00edda del hombro de la carretera fue la culpable en el accidente. Un abogado de accidentes del hombro en Salt Lake City puede demostrar que el defecto o deformidad en el hombro de la carretera es responsable de su accidente de carro.<\/p>\n<h2>Obtenga Ayuda de un Abogado de Accidentes del Hombro en Salt Lake City Hoy<\/h2>\n<p>Cuando la negligencia de otros resulte en da\u00f1os o lesiones, deben ser responsabilizados. Consulte con un abogado de accidentes del hombro en Salt Lake City para averiguar si usted tiene un caso de compensaci\u00f3n.<\/p>\n<p>Para discutir sus opciones con m\u00e1s detalle, comun\u00edquese con Craig Swapp &amp; Associates llamando al 800-404-9000 o comunic\u00e1ndose con nosotros por el sitio web.<\/p>\n","protected":false},"excerpt":{"rendered":"<p>En Salt Lake City, hay ciertos caminos que tienen hombros con pendientes pronunciadas. Este tipo de pobre construcci\u00f3n de carreteras crea condiciones peligrosas para conductores [&hellip;]<\/p>\n","protected":false},"author":2,"featured_media":0,"parent":4429,"menu_order":0,"comment_status":"closed","ping_status":"closed","template":"","meta":{"_acf_changed":false,"inline_featured_image":false,"footnotes":""},"class_list":["post-4779","page","type-page","status-publish","hentry"],"acf":[],"_links":{"self":[{"href":"https:\/\/craigswapp.com\/spanish\/wp-json\/wp\/v2\/pages\/4779","targetHints":{"allow":["GET"]}}],"collection":[{"href":"https:\/\/craigswapp.com\/spanish\/wp-json\/wp\/v2\/pages"}],"about":[{"href":"https:\/\/craigswapp.com\/spanish\/wp-json\/wp\/v2\/types\/page"}],"author":[{"embeddable":true,"href":"https:\/\/craigswapp.com\/spanish\/wp-json\/wp\/v2\/users\/2"}],"replies":[{"embeddable":true,"href":"https:\/\/craigswapp.com\/spanish\/wp-json\/wp\/v2\/comments?post=4779"}],"version-history":[{"count":1,"href":"https:\/\/craigswapp.com\/spanish\/wp-json\/wp\/v2\/pages\/4779\/revisions"}],"predecessor-version":[{"id":10805,"href":"https:\/\/craigswapp.com\/spanish\/wp-json\/wp\/v2\/pages\/4779\/revisions\/10805"}],"up":[{"embeddable":true,"href":"https:\/\/craigswapp.com\/spanish\/wp-json\/wp\/v2\/pages\/4429"}],"wp:attachment":[{"href":"https:\/\/craigswapp.com\/spanish\/wp-json\/wp\/v2\/media?parent=4779"}],"curies":[{"name":"wp","href":"https:\/\/api.w.org\/{rel}","templated":true}]}}