{"id":4776,"date":"2016-06-10T15:51:39","date_gmt":"2016-06-10T15:51:39","guid":{"rendered":"http:\/\/craigswapp1.wpengine.com\/?page_id=4776"},"modified":"2021-05-10T12:45:38","modified_gmt":"2021-05-10T12:45:38","slug":"parte-trasera","status":"publish","type":"page","link":"https:\/\/craigswapp.com\/spanish\/abogado-de-accidente-de-carro-en-salt-lake-city\/tipos-comunes-accidentes-carros\/parte-trasera\/","title":{"rendered":"Abogado de Accidente de Auto en la Parte Trasera en Salt Lake City"},"content":{"rendered":"<p>\nLos accidentes de auto en la parte trasero son una ocurrencia bastante com\u00fan, y se asume a menudo autom\u00e1ticamente que el conductor que detr\u00e1s termin\u00f3 el otro es responsable.<\/p>\n<p>Esto no es siempre el caso. Hay una serie de factores que contribuyen a que puede resultar en un accidente de coche trasero, algunos de los cuales pueden indicar que el conductor del plomo fue culpable.<\/p>\n<p>Antes de que un juez pueda decidir qui\u00e9n es responsable, \u00e9l o ella necesitar\u00e1n mirar toda evidencia que pueda demostrar negligencia. Es por eso que es importante que su abogado de accidente de auto en la parte trasera en Salt Lake City conozca todos los hechos involucrados en el accidente, incluyendo factores tales como reparaciones de caminos, condiciones de la carretera, o si uno de los conductores estaba conduciendo distra\u00eddo.<\/p>\n<h2>El Conductor Principal podr\u00eda ser Responsable<\/h2>\n<p>Mientras que muchas personas asumen que el conductor que fue terminado en la parte trasera no es responsable, hay, de hecho, circunstancias en las que el conductor principal podr\u00eda ser culpable de negligencia:<\/p>\n<ul>\n<li>El auto delantero invierte repentinamente el respaldo en el conductor trasero<\/li>\n<li>El conductor del plomo tiene un problema mec\u00e1nico o un neum\u00e1tico desinflado, pero no jala o engancha las luces de peligro del veh\u00edculo<\/li>\n<li>El controlador de avance activa la se\u00f1al de giro, se ralentiza, pero luego no ejecuta el giro<\/li>\n<li>El veh\u00edculo principal tiene luces de freno que no funcionan<\/li>\n<\/ul>\n<p>Cualquiera de estos escenarios podr\u00eda indicar que el conductor que fue golpeado es realmente responsable del accidente. Si usted es el conductor trasero en una de estas circunstancias, un abogado de accidente de auto en la parte trasera en Salt Lake City puede ayudarle a reclamar su compensaci\u00f3n y probar su caso ante el tribunal.<\/p>\n<h2>Cuando el Conductor Trasero est\u00e1 en Fallo<\/h2>\n<p>T\u00edpicamente, sin embargo, el auto en el plomo no es responsable de ser golpeado por atr\u00e1s. En esta situaci\u00f3n, el conductor que ha sido trasero terminado debe probar que el conductor trasero fue de alguna manera en falta por el accidente:<\/p>\n<ul>\n<li>El conductor trasero segu\u00eda a una distancia insegura<\/li>\n<li>El conductor trasero no pudo detenerse<\/li>\n<li>El conductor detr\u00e1s estaba conduciendo distra\u00eddo<\/li>\n<li>El conductor trasero conduc\u00eda imprudentemente en condiciones de carretera adversas<\/li>\n<li>El conductor trasero estaba conduciendo conscientemente un veh\u00edculo no apto para el camino (por ejemplo, el veh\u00edculo ten\u00eda un sistema de freno defectuoso)<\/li>\n<li>En estas circunstancias, el conductor trasero es casi con toda seguridad culpable del accidente.<\/li>\n<\/ul>\n<p>Un abogado de accidente de auto en la parte trasera en Salt Lake City puede ayudarle a llevar su caso ante los tribunales y asegurarse de que recibe una compensaci\u00f3n por los da\u00f1os causados \u200b\u200ba usted ya su veh\u00edculo.<\/p>\n<h2>Obtenga Ayuda de un Abogado de Accidente de Auto en la Parte Trasera en Salt Lake City<\/h2>\n<p>Usted merece una compensaci\u00f3n financiera por las lesiones y da\u00f1os que ha sufrido. Un abogado de accidente de auto en la parte trasera en Salt Lake City puede ayudarle a obtener esa compensaci\u00f3n.<\/p>\n<p>Para discutir su caso y sus opciones con m\u00e1s detalle, comun\u00edquese con Craig Swapp &amp; Associates llamando al 800-404-9000 o contact\u00e1ndose por nuestro sitio web.<\/p>\n","protected":false},"excerpt":{"rendered":"<p>Los accidentes de auto en la parte trasero son una ocurrencia bastante com\u00fan, y se asume a menudo autom\u00e1ticamente que el conductor que detr\u00e1s termin\u00f3 [&hellip;]<\/p>\n","protected":false},"author":2,"featured_media":0,"parent":4436,"menu_order":0,"comment_status":"closed","ping_status":"closed","template":"","meta":{"_acf_changed":false,"inline_featured_image":false,"footnotes":""},"class_list":["post-4776","page","type-page","status-publish","hentry"],"acf":[],"_links":{"self":[{"href":"https:\/\/craigswapp.com\/spanish\/wp-json\/wp\/v2\/pages\/4776","targetHints":{"allow":["GET"]}}],"collection":[{"href":"https:\/\/craigswapp.com\/spanish\/wp-json\/wp\/v2\/pages"}],"about":[{"href":"https:\/\/craigswapp.com\/spanish\/wp-json\/wp\/v2\/types\/page"}],"author":[{"embeddable":true,"href":"https:\/\/craigswapp.com\/spanish\/wp-json\/wp\/v2\/users\/2"}],"replies":[{"embeddable":true,"href":"https:\/\/craigswapp.com\/spanish\/wp-json\/wp\/v2\/comments?post=4776"}],"version-history":[{"count":2,"href":"https:\/\/craigswapp.com\/spanish\/wp-json\/wp\/v2\/pages\/4776\/revisions"}],"predecessor-version":[{"id":10830,"href":"https:\/\/craigswapp.com\/spanish\/wp-json\/wp\/v2\/pages\/4776\/revisions\/10830"}],"up":[{"embeddable":true,"href":"https:\/\/craigswapp.com\/spanish\/wp-json\/wp\/v2\/pages\/4436"}],"wp:attachment":[{"href":"https:\/\/craigswapp.com\/spanish\/wp-json\/wp\/v2\/media?parent=4776"}],"curies":[{"name":"wp","href":"https:\/\/api.w.org\/{rel}","templated":true}]}}