{"id":4774,"date":"2016-06-10T16:18:08","date_gmt":"2016-06-10T16:18:08","guid":{"rendered":"http:\/\/craigswapp1.wpengine.com\/?page_id=4774"},"modified":"2021-05-10T12:44:29","modified_gmt":"2021-05-10T12:44:29","slug":"reclamacion-proceso","status":"publish","type":"page","link":"https:\/\/craigswapp.com\/spanish\/abogado-de-accidente-de-carro-en-salt-lake-city\/preguntas-frecuentes-accidentes-carros-salt-lake\/reclamacion-proceso\/","title":{"rendered":"Proceso de Reclamaci\u00f3n por Accidente de Auto en Salt Lake City"},"content":{"rendered":"<p>\nDespu\u00e9s de un accidente de auto, puede tener que presentar una reclamaci\u00f3n de seguro. Trabajar a trav\u00e9s del proceso de reclamaci\u00f3n de accidentes de auto en Salt Lake City puede ser desalentador, ya que hay una serie de variables que deben tenerse en cuenta al determinar la mejor manera de avanzar.<\/p>\n<p>El proceso para presentar una reclamaci\u00f3n difiere de un estado a otro, por lo que es importante que tenga la informaci\u00f3n correcta, especialmente si se ha trasladado recientemente a Utah.<\/p>\n<h2>Obtener Ayuda para Presentar su Reclamo<\/h2>\n<p>La mejor manera de ir sobre la presentaci\u00f3n de una reclamaci\u00f3n es hacerlo con la ayuda de nuestra oficina. Como su abogado de accidente de auto, sabemos exactamente c\u00f3mo funciona proceso de reclamaci\u00f3n por accidente de auto en Salt Lake City.<\/p>\n<h2>\u00bfCuyo seguro debo presentar?<\/h2>\n<p>En Utah, tiene la opci\u00f3n de presentar una reclamaci\u00f3n tanto con su seguro como con la compa\u00f1\u00eda de seguros del otro conductor. Su propia compa\u00f1\u00eda de seguros debe cumplir con todos los t\u00e9rminos descritos en su p\u00f3liza, lo que significa que est\u00e1n obligados a pagar sus facturas m\u00e9dicas si est\u00e1n relacionadas con su accidente.<\/p>\n<p>Sin embargo, si usted no tiene suficiente cobertura personalmente, puede ser necesario tambi\u00e9n presentar una demanda solicitando compensaci\u00f3n financiera de la compa\u00f1\u00eda de seguros del otro conductor.<\/p>\n<h2>Habr\u00e1 una Investigaci\u00f3n<\/h2>\n<p>Al presentar una reclamaci\u00f3n con el seguro del otro conductor, puede esperar una investigaci\u00f3n prolongada, ya que tratan de demostrar que el otro conductor no fue negligente. Su objetivo final es evitar tener que pagar su reclamo o pagar lo menos posible.<\/p>\n<p>Esta no es la situaci\u00f3n que quieres enfrentar solo. Ayuda a tener un experimentado abogado de accidente de auto en Salt Lake City que representa sus mejores intereses mientras negocia con compa\u00f1\u00edas de seguros.<\/p>\n<h2>Gastos M\u00e9dicos en una Reclamaci\u00f3n por Accidente de Auto en Salt Lake City<\/h2>\n<p>La ley estatal de Utah requiere que cualquier persona herida en un accidente automovil\u00edstico debe tener los primeros $ 3,000 de gastos m\u00e9dicos cubiertos por su propia p\u00f3liza de seguro bajo protecci\u00f3n de lesiones personales.<\/p>\n<p>Una vez que este $ 3,000 se ha agotado, s\u00f3lo entonces se puede recoger la indemnizaci\u00f3n de una reclamaci\u00f3n contra el proveedor de la parte responsable del seguro.<\/p>\n<h2>\u00bfQui\u00e9n es Responsable?<\/h2>\n<p>Salt Lake City, como todo Utah, tiene una ley de negligencia comparativa, lo que significa que m\u00e1s de uno de los conductores puede ser considerado responsable de un accidente.<\/p>\n<p>Bajo esta ley, usted puede cobrar una indemnizaci\u00f3n por da\u00f1os y perjuicios s\u00f3lo si se encuentra menos del 50 por ciento responsable del accidente.<\/p>\n<p>Cualquier porcentaje por el que se encuentre responsable reducir\u00e1 su monto total de liquidaci\u00f3n. Por ejemplo, si se le encuentra al 10 por ciento responsable y se le otorga un acuerdo de $ 10.000, su cantidad final de liquidaci\u00f3n se reducir\u00e1 en $ 1.000.<\/p>\n<h2>Obtenga Ayuda con el Proceso de Reclamaci\u00f3n por Accidente de Auto en Salt Lake City<\/h2>\n<p>Las compa\u00f1\u00edas de seguros tienden a arrastrar reclamos por el mayor tiempo posible. A menudo, incluso esperar hasta despu\u00e9s de haber completado todos los tratamientos m\u00e9dicos antes de resolver una reclamaci\u00f3n por responsabilidad y lesiones.<\/p>\n<p>No deje que el proceso de reclamaci\u00f3n por accidente de auto en Salt Lake City le intimide. P\u00f3ngase en contacto con Craig Swapp &amp; Associates para discutir su caso y las opciones disponibles con m\u00e1s detalle. Ll\u00e1menos al 800-404-9000 o cont\u00e1ctenos por nuestro sitio web.<\/p>\n","protected":false},"excerpt":{"rendered":"<p>Despu\u00e9s de un accidente de auto, puede tener que presentar una reclamaci\u00f3n de seguro. Trabajar a trav\u00e9s del proceso de reclamaci\u00f3n de accidentes de auto [&hellip;]<\/p>\n","protected":false},"author":2,"featured_media":0,"parent":4430,"menu_order":0,"comment_status":"closed","ping_status":"closed","template":"","meta":{"_acf_changed":false,"inline_featured_image":false,"footnotes":""},"class_list":["post-4774","page","type-page","status-publish","hentry"],"acf":[],"_links":{"self":[{"href":"https:\/\/craigswapp.com\/spanish\/wp-json\/wp\/v2\/pages\/4774","targetHints":{"allow":["GET"]}}],"collection":[{"href":"https:\/\/craigswapp.com\/spanish\/wp-json\/wp\/v2\/pages"}],"about":[{"href":"https:\/\/craigswapp.com\/spanish\/wp-json\/wp\/v2\/types\/page"}],"author":[{"embeddable":true,"href":"https:\/\/craigswapp.com\/spanish\/wp-json\/wp\/v2\/users\/2"}],"replies":[{"embeddable":true,"href":"https:\/\/craigswapp.com\/spanish\/wp-json\/wp\/v2\/comments?post=4774"}],"version-history":[{"count":1,"href":"https:\/\/craigswapp.com\/spanish\/wp-json\/wp\/v2\/pages\/4774\/revisions"}],"predecessor-version":[{"id":10826,"href":"https:\/\/craigswapp.com\/spanish\/wp-json\/wp\/v2\/pages\/4774\/revisions\/10826"}],"up":[{"embeddable":true,"href":"https:\/\/craigswapp.com\/spanish\/wp-json\/wp\/v2\/pages\/4430"}],"wp:attachment":[{"href":"https:\/\/craigswapp.com\/spanish\/wp-json\/wp\/v2\/media?parent=4774"}],"curies":[{"name":"wp","href":"https:\/\/api.w.org\/{rel}","templated":true}]}}