{"id":4761,"date":"2016-06-09T20:23:52","date_gmt":"2016-06-09T20:23:52","guid":{"rendered":"http:\/\/craigswapp1.wpengine.com\/?page_id=4761"},"modified":"2021-05-10T12:46:19","modified_gmt":"2021-05-10T12:46:19","slug":"fuera-del-estado","status":"publish","type":"page","link":"https:\/\/craigswapp.com\/spanish\/abogado-de-accidente-de-carro-en-salt-lake-city\/tipos-comunes-accidentes-carros\/fuera-del-estado\/","title":{"rendered":"Abogado de Accidentes de Auto Fuera del Estado en Salt Lake City"},"content":{"rendered":"<p>\nSeg\u00fan el Departamento de Seguridad P\u00fablica de Utah, hay m\u00e1s de 50.000 accidentes que ocurren en el estado de Utah cada a\u00f1o, y aproximadamente 200 de ellos implican muertes.<\/p>\n<p>Hay muchas razones por las que los accidentes automovil\u00edsticos ocurren en Salt Lake City, y uno de los principales es debido a visitantes fuera del estado que no est\u00e1n familiarizados con las carreteras, las leyes y los l\u00edmites de velocidad. Esta falta de familiaridad pone no s\u00f3lo a los turistas en peligro, sino a todos los dem\u00e1s en el camino tambi\u00e9n.<\/p>\n<p>Cuando un viajero de otro estado causa un accidente, puede haber una serie de complicaciones imprevistas. El consejo legal s\u00f3lido de un abogado de accidentes de auto fuera del estado en Salt Lake City puede mitigar muchos de estos dolores de cabeza.<\/p>\n<h2>Qu\u00e9 hacer Despu\u00e9s de un Accidente con un Conductor Fuera del Estado<\/h2>\n<p>Los turistas visitan Salt Lake City para tomar en la ciudad y pasar un buen rato, pero eso no es una buena raz\u00f3n para los ciudadanos de Salt Lake City para hacer frente a los gastos m\u00e9dicos y de reparaci\u00f3n que se producen despu\u00e9s de haber estado en un accidente de auto.<\/p>\n<p>Cuando se trata de recuperar los da\u00f1os despu\u00e9s de ser golpeado por un conductor fuera del estado, es importante obtener la informaci\u00f3n del conductor, ya que \u00e9l o ella puede salir de la ciudad poco despu\u00e9s del accidente. Al igual que con cualquier otro accidente, tendr\u00e1 que recopilar toda la informaci\u00f3n siguiente del otro conductor:<\/p>\n<ul>\n<li style=\"font-weight: 400;\">Nombre<\/li>\n<li style=\"font-weight: 400;\">Fecha de nacemiento<\/li>\n<li style=\"font-weight: 400;\">Direccion<\/li>\n<li style=\"font-weight: 400;\">Numero telefonico<\/li>\n<li style=\"font-weight: 400;\">Numero de identificacion para el vehiculo<\/li>\n<li style=\"font-weight: 400;\">Informacion de la seguranza<\/li>\n<\/ul>\n<p>Su abogado de accidentes de auto fuera del estado en Salt Lake City va a necesitar toda esta informaci\u00f3n para asegurar que el otro conductor y su compa\u00f1\u00eda de seguros le compensan por da\u00f1os o lesiones.<\/p>\n<h2>Fuera del Estado Consideraciones<\/h2>\n<p>Desde la perspectiva del abogado de accidentes de auto fuera del estado en Salt Lake City, una de las primeras cosas que queremos saber es de qu\u00e9 estado y ciudad es el otro conductor. Esto nos permite examinar leyes espec\u00edficas, incluso si queremos o necesitamos contratar a un abogado del estado de residencia del otro conductor.<\/p>\n<p>T\u00edpicamente, esto no es un problema, pero queremos asegurarnos de cubrir todas nuestras bases, especialmente cuando estamos tratando con una compa\u00f1\u00eda de seguros fuera del estado.<\/p>\n<h2>Evaluaci\u00f3n Local de Veh\u00edculos<\/h2>\n<p>Si el veh\u00edculo del otro conductor ha sido da\u00f1ado y \u00e9l o ella es de fuera de la ciudad, una de las cosas que podemos presionar para que el veh\u00edculo se eval\u00faa localmente en Salt Lake City.<\/p>\n<p>Esto evita una evaluaci\u00f3n de un mec\u00e1nico de una peque\u00f1a ciudad que puede estar buscando los mejores intereses del conductor fuera del estado. Si cualquier da\u00f1o debe ser pagado, queremos asegurarnos de que cualquier evaluaci\u00f3n de da\u00f1os sea precisa y en su mejor inter\u00e9s.<\/p>\n<h2>Citaci\u00f3n Fuera del Estado<\/h2>\n<p>Es importante que el juez sepa que usted est\u00e1 tratando con un conductor fuera del estado, por lo que el juez puede llamar adecuadamente a todas las partes y asegurarse de que tienen suficiente tiempo para viajar.<\/p>\n<p>Los conductores quienes son de fuera del estado que est\u00e1n involucrados en un accidente en Salt Lake City no puede simplemente huir a su estado de origen y evitar las consecuencias del accidente y su negligencia.<\/p>\n<p>Si usted ha sido herido o su propiedad da\u00f1ada, usted puede tener derecho a un arreglo independientemente del estado de residencia del conductor.<\/p>\n<h2>Contacte a un Abogado de Accidente de Auto Fuera del Estado en Salt Lake City<\/h2>\n<p>Para discutir su caso y sus opciones con m\u00e1s detalle, comun\u00edquese con un abogado de accidentes de auto fuera del estado en Salt Lake City de Craig Swapp &amp; Associates llamando al 800-404-9000 o comunic\u00e1ndose con nosotros por nuestro sitio web.<\/p>\n","protected":false},"excerpt":{"rendered":"<p>Seg\u00fan el Departamento de Seguridad P\u00fablica de Utah, hay m\u00e1s de 50.000 accidentes que ocurren en el estado de Utah cada a\u00f1o, y aproximadamente 200 [&hellip;]<\/p>\n","protected":false},"author":2,"featured_media":0,"parent":4436,"menu_order":0,"comment_status":"closed","ping_status":"closed","template":"","meta":{"_acf_changed":false,"inline_featured_image":false,"footnotes":""},"class_list":["post-4761","page","type-page","status-publish","hentry"],"acf":[],"_links":{"self":[{"href":"https:\/\/craigswapp.com\/spanish\/wp-json\/wp\/v2\/pages\/4761","targetHints":{"allow":["GET"]}}],"collection":[{"href":"https:\/\/craigswapp.com\/spanish\/wp-json\/wp\/v2\/pages"}],"about":[{"href":"https:\/\/craigswapp.com\/spanish\/wp-json\/wp\/v2\/types\/page"}],"author":[{"embeddable":true,"href":"https:\/\/craigswapp.com\/spanish\/wp-json\/wp\/v2\/users\/2"}],"replies":[{"embeddable":true,"href":"https:\/\/craigswapp.com\/spanish\/wp-json\/wp\/v2\/comments?post=4761"}],"version-history":[{"count":1,"href":"https:\/\/craigswapp.com\/spanish\/wp-json\/wp\/v2\/pages\/4761\/revisions"}],"predecessor-version":[{"id":10834,"href":"https:\/\/craigswapp.com\/spanish\/wp-json\/wp\/v2\/pages\/4761\/revisions\/10834"}],"up":[{"embeddable":true,"href":"https:\/\/craigswapp.com\/spanish\/wp-json\/wp\/v2\/pages\/4436"}],"wp:attachment":[{"href":"https:\/\/craigswapp.com\/spanish\/wp-json\/wp\/v2\/media?parent=4761"}],"curies":[{"name":"wp","href":"https:\/\/api.w.org\/{rel}","templated":true}]}}