{"id":4757,"date":"2016-06-09T19:57:39","date_gmt":"2016-06-09T19:57:39","guid":{"rendered":"http:\/\/craigswapp1.wpengine.com\/?page_id=4757"},"modified":"2021-05-10T12:41:23","modified_gmt":"2021-05-10T12:41:23","slug":"muerte-injusta","status":"publish","type":"page","link":"https:\/\/craigswapp.com\/spanish\/abogado-de-accidente-de-carro-en-salt-lake-city\/lesiones-comunes-accidentes-carros-salt-lake\/muerte-injusta\/","title":{"rendered":"Abogado de Muerte Injusta en un Accidente de Auto en Salt Lake City"},"content":{"rendered":"<p>\nLos accidentes automovil\u00edsticos son una de las principales causas de muertes il\u00edcitas en todo el pa\u00eds, incluso aqu\u00ed en Salt Lake City.<\/p>\n<p>Como su abogado de muerte injusta por accidente de auto en Salt Lake City le dir\u00e1, con el fin de probar una muerte injusta por accidente de coche, tendr\u00e1 que demostrar que hubo negligencia por parte del conductor que golpe\u00f3 y mat\u00f3 a su ser querido.<\/p>\n<p>Since Utah is one of the many states that have adopted comparative negligence laws, we will also need to show that your loved one was not at fault for the accident that killed him or her.<\/p>\n<p>Esencialmente, la carga de la prueba es la misma que si su ser querido estuviera todav\u00eda vivo y perseguir una demanda de lesiones personales despu\u00e9s de estar involucrado en un accidente de auto.<\/p>\n<h2>\u00bfQui\u00e9n puede presentar una demanda por muerte injusta?<\/h2>\n<p>Hay l\u00edmites definitivos sobre qui\u00e9n puede presentar una demanda de muerte por accidente automovil\u00edstico en el estado de Utah.<\/p>\n<p>En Salt Lake City, el escenario m\u00e1s plausible es que el c\u00f3nyuge pueda demandar por una muerte injusta. Los padres de menores tambi\u00e9n pueden presentar una demanda de muerte por negligencia si uno de sus hijos ha muerto en un accidente automovil\u00edstico y, de manera similar, un menor puede presentar una demanda por muerte injusta si un padre ha muerto.<\/p>\n<p>Cuanto m\u00e1s distante es la relaci\u00f3n, menos probable es que la demanda por muerte injusta pueda continuar. Consultar un abogado de muerte injusta por accidente de auto en Salt Lake City puede proporcionar respuestas a cualquier pregunta sobre si su demanda por muerte injusta puede tener fundamento para compensaci\u00f3n.<\/p>\n<h2>\u00bfPor qu\u00e9 presentar una demanda por muerte injusta?<\/h2>\n<p>Hay muchas buenas razones por qu\u00e9 una persona debe presentar una demanda de muerte por negligencia si un ser querido ha sido asesinado en un accidente de auto en Salt Lake City.<\/p>\n<p>Mientras que un pleito de muerte por negligencia exitosa no resolver\u00e1 el dolor y el sufrimiento de perder a un ser querido, hay beneficios financieros que vienen de ganar una demanda por muerte injusta. Estos pueden ayudarle a disminuir el costo del accidente de coche y de tener que enterrar a alguien que le importa.<\/p>\n<p>Usted puede ser compensado por algunos de los siguientes si usted tiene \u00e9xito en una demanda por muerte injusta que implica un accidente de auto en Salt Lake City:<\/p>\n<ul>\n<li style=\"font-weight: 400;\">Gastos m\u00e9dicos que la v\u00edctima fallecida sufri\u00f3 como consecuencia del accidente automovil\u00edstico<\/li>\n<li style=\"font-weight: 400;\">Costo del entierro y la funeral<\/li>\n<li style=\"font-weight: 400;\">Disminuci\u00f3n de los ingresos de los hogares debido a la p\u00e9rdida del salario del fallecido<\/li>\n<li style=\"font-weight: 400;\">Una reclamaci\u00f3n de supervivencia que compensa el dolor y el sufrimiento de la persona fallecida antes de fallecer<\/li>\n<li style=\"font-weight: 400;\">La p\u00e9rdida de amor, compa\u00f1erismo, cuidado y gu\u00eda que el difunto hubiera proporcionado<\/li>\n<\/ul>\n<h2>Causas de Accidentes Fatales<\/h2>\n<p>Hay numerosas razones por qu\u00e9 una persona podr\u00eda estar involucrado en un accidente de auto fatal. Es importante en una demanda por muerte injusta entender exactamente lo que fue responsable del fallecimiento de su ser querido despu\u00e9s del accidente automovil\u00edstico.<\/p>\n<p>Un abogado de muerte injusta por accidente de auto en Salt Lake City puede usar cualquiera de estos para probar la negligencia de la otra parte, si se factorizan en la muerte de su ser querido:<\/p>\n<ul>\n<li style=\"font-weight: 400;\">Conducci\u00f3n distra\u00edda &#8211; El conductor estaba en un tel\u00e9fono celular o no estaba prestando atenci\u00f3n.<\/li>\n<li style=\"font-weight: 400;\">DWI &#8211; El conductor estaba bajo la influencia de drogas o alcohol.<\/li>\n<li style=\"font-weight: 400;\">Fatiga excesiva &#8211; Las reacciones del conductor se ralentizaron debido al cansancio.<\/li>\n<li style=\"font-weight: 400;\">Malas condiciones de la carretera-Carreteras mal mantenidas que presentaban un peligro de conducci\u00f3n.<\/li>\n<li style=\"font-weight: 400;\">Defecto del auto &#8211; Un defecto de fabricaci\u00f3n resultante de un dise\u00f1o negligente.<\/li>\n<\/ul>\n<p>&nbsp;<\/p>\n<h2>Obtenga Ayuda de un Abogado de Muerte Injusta por\u00a0Accidente de Auto en Salt Lake City<\/h2>\n<p>Usted merece una compensaci\u00f3n econ\u00f3mica por la muerte de su ser querido. Un abogado de muerte injusta por accidente de auto en Salt Lake City puede ayudarle a obtener lo que necesita.<\/p>\n<p>P\u00f3ngase en contacto con Craig Swapp &amp; Associates para discutir su caso y sus opciones con m\u00e1s detalle. Ll\u00e1menos al 800-404-9000 o cont\u00e1ctenos por nuestro sitio web.<\/p>\n","protected":false},"excerpt":{"rendered":"<p>Los accidentes automovil\u00edsticos son una de las principales causas de muertes il\u00edcitas en todo el pa\u00eds, incluso aqu\u00ed en Salt Lake City. Como su abogado [&hellip;]<\/p>\n","protected":false},"author":2,"featured_media":0,"parent":4434,"menu_order":0,"comment_status":"closed","ping_status":"closed","template":"","meta":{"_acf_changed":false,"inline_featured_image":false,"footnotes":""},"class_list":["post-4757","page","type-page","status-publish","hentry"],"acf":[],"_links":{"self":[{"href":"https:\/\/craigswapp.com\/spanish\/wp-json\/wp\/v2\/pages\/4757","targetHints":{"allow":["GET"]}}],"collection":[{"href":"https:\/\/craigswapp.com\/spanish\/wp-json\/wp\/v2\/pages"}],"about":[{"href":"https:\/\/craigswapp.com\/spanish\/wp-json\/wp\/v2\/types\/page"}],"author":[{"embeddable":true,"href":"https:\/\/craigswapp.com\/spanish\/wp-json\/wp\/v2\/users\/2"}],"replies":[{"embeddable":true,"href":"https:\/\/craigswapp.com\/spanish\/wp-json\/wp\/v2\/comments?post=4757"}],"version-history":[{"count":1,"href":"https:\/\/craigswapp.com\/spanish\/wp-json\/wp\/v2\/pages\/4757\/revisions"}],"predecessor-version":[{"id":10817,"href":"https:\/\/craigswapp.com\/spanish\/wp-json\/wp\/v2\/pages\/4757\/revisions\/10817"}],"up":[{"embeddable":true,"href":"https:\/\/craigswapp.com\/spanish\/wp-json\/wp\/v2\/pages\/4434"}],"wp:attachment":[{"href":"https:\/\/craigswapp.com\/spanish\/wp-json\/wp\/v2\/media?parent=4757"}],"curies":[{"name":"wp","href":"https:\/\/api.w.org\/{rel}","templated":true}]}}