{"id":4754,"date":"2016-06-09T19:47:51","date_gmt":"2016-06-09T19:47:51","guid":{"rendered":"http:\/\/craigswapp1.wpengine.com\/?page_id=4754"},"modified":"2021-05-10T12:43:45","modified_gmt":"2021-05-10T12:43:45","slug":"compensacion","status":"publish","type":"page","link":"https:\/\/craigswapp.com\/spanish\/abogado-de-accidente-de-carro-en-salt-lake-city\/preguntas-frecuentes-accidentes-carros-salt-lake\/compensacion\/","title":{"rendered":"Compensaci\u00f3n por Accidentes de Auto en Salt Lake City"},"content":{"rendered":"<p>\nSi usted est\u00e1 buscando la compensaci\u00f3n por accidentes de auto en Salt Lake City de su compa\u00f1\u00eda de seguros o el del otro conductor, puede encontrar el proceso extremadamente frustrante. Las compa\u00f1\u00edas de seguros nunca est\u00e1n dispuestos a pagar los asentamientos, y har\u00e1n todo lo posible para minimizar lo que pagan.<\/p>\n<p>Afortunadamente, nuestros abogados pueden ayudarlo a trav\u00e9s de este proceso y asegurarse de que reciba la compensaci\u00f3n que le corresponde.<\/p>\n<h2>Ajustadores de Seguros<\/h2>\n<p>Tratar con una compa\u00f1\u00eda de seguros puede ser la parte m\u00e1s estresante de una reclamaci\u00f3n por lesiones.<\/p>\n<p>Los ajustadores de seguros est\u00e1n espec\u00edficamente capacitados para disuadir a los reclamantes de obtener el valor total de su reclamaci\u00f3n. Lo creas o no, el trabajo de un ajustador de seguros es esencialmente para que usted, el cliente, le conformes con menos de lo que realmente vale una reclamaci\u00f3n.<\/p>\n<p>Por esta raz\u00f3n, siempre debe tener un abogado de accidentes de auto en Salt Lake City a su lado al negociar con un ajustador de seguros.<\/p>\n<h2>Su Atenci\u00f3n M\u00e9dica es Nuestra\u00a0Primera Prioridad<\/h2>\n<p>A diferencia de un ajustador de reclamaciones de seguros, nuestros abogados de accidentes de auto en Salt Lake City tienen sus mejores intereses en mente. Nos esforzaremos para demostrar que usted no es culpable y aseg\u00farese de recibir la compensaci\u00f3n por accidentes de auto en Salt Lake City que usted merece.<\/p>\n<h2>Comprender sus Necesidades Despu\u00e9s de un Accidente<\/h2>\n<p>Despu\u00e9s de un accidente automovil\u00edstico, usted puede estar emocionalmente traumatizado adem\u00e1s de sus lesiones f\u00edsicas. Sean cuales sean sus necesidades, pueden-y deben-ser tenidas en cuenta en su acuerdo.<\/p>\n<p>Nuestra meta es reducir el estr\u00e9s de lidiar con asuntos legales para que pueda concentrarse en su salud y bienestar. Podemos ayudarle identificando todos los gastos en los que puede incurrir, haciendo una reclamaci\u00f3n de seguro basada en esta informaci\u00f3n y asegur\u00e1ndose de que reciba su compensaci\u00f3n por accidentes de auto en Salt Lake City.<\/p>\n<h2>Determinaci\u00f3n de Negligencia<\/h2>\n<p>Al analizar cuidadosamente el accidente y las circunstancias que lo rodean, podemos identificar qui\u00e9n fue la parte culpable y presentar una reclamaci\u00f3n ante su compa\u00f1\u00eda de seguros. Tambi\u00e9n le ayudaremos a entender lo que su seguro cubre, lo que cubre el seguro del otro conductor y lo que su reclamo puede ser valorado.<\/p>\n<h2>Maximizar su Compensaci\u00f3n<\/h2>\n<p>Nuestro objetivo es obtener la m\u00e1xima compensaci\u00f3n posible para que usted pueda cuidar adecuadamente a usted y su familia, reparar o reemplazar un veh\u00edculo da\u00f1ado u otra propiedad, y hacer la recuperaci\u00f3n m\u00e1s completa posible.<\/p>\n<h2>Nuestros Abogados est\u00e1n Aqu\u00ed para Ayudar<\/h2>\n<p>Si usted ha estado en un accidente de auto, no trate de asumir una compa\u00f1\u00eda de seguros solo. Mire hacia fuera para sus mejores intereses buscando ayuda de un abogado experimentado de la compensaci\u00f3n por accidentes de auto en Salt Lake City.<\/p>\n<p>Sabemos c\u00f3mo maximizar sus reclamos, obtener sus facturas m\u00e9dicas y de reparaci\u00f3n pagadas, y minimizar su estr\u00e9s cuando se trata de ajustadores de reclamaciones de seguros burocr\u00e1ticos.<\/p>\n<p>P\u00f3ngase en contacto con Craig Swapp &amp; Associates para discutir su caso y opciones con m\u00e1s detalle llamando al 800-404-9000 o contact\u00e1ndonos por nuestro sitio web.<\/p>\n","protected":false},"excerpt":{"rendered":"<p>Si usted est\u00e1 buscando la compensaci\u00f3n por accidentes de auto en Salt Lake City de su compa\u00f1\u00eda de seguros o el del otro conductor, puede [&hellip;]<\/p>\n","protected":false},"author":2,"featured_media":0,"parent":4430,"menu_order":0,"comment_status":"closed","ping_status":"closed","template":"","meta":{"_acf_changed":false,"inline_featured_image":false,"footnotes":""},"class_list":["post-4754","page","type-page","status-publish","hentry"],"acf":[],"_links":{"self":[{"href":"https:\/\/craigswapp.com\/spanish\/wp-json\/wp\/v2\/pages\/4754","targetHints":{"allow":["GET"]}}],"collection":[{"href":"https:\/\/craigswapp.com\/spanish\/wp-json\/wp\/v2\/pages"}],"about":[{"href":"https:\/\/craigswapp.com\/spanish\/wp-json\/wp\/v2\/types\/page"}],"author":[{"embeddable":true,"href":"https:\/\/craigswapp.com\/spanish\/wp-json\/wp\/v2\/users\/2"}],"replies":[{"embeddable":true,"href":"https:\/\/craigswapp.com\/spanish\/wp-json\/wp\/v2\/comments?post=4754"}],"version-history":[{"count":1,"href":"https:\/\/craigswapp.com\/spanish\/wp-json\/wp\/v2\/pages\/4754\/revisions"}],"predecessor-version":[{"id":10824,"href":"https:\/\/craigswapp.com\/spanish\/wp-json\/wp\/v2\/pages\/4754\/revisions\/10824"}],"up":[{"embeddable":true,"href":"https:\/\/craigswapp.com\/spanish\/wp-json\/wp\/v2\/pages\/4430"}],"wp:attachment":[{"href":"https:\/\/craigswapp.com\/spanish\/wp-json\/wp\/v2\/media?parent=4754"}],"curies":[{"name":"wp","href":"https:\/\/api.w.org\/{rel}","templated":true}]}}