{"id":4751,"date":"2016-06-09T19:19:31","date_gmt":"2016-06-09T19:19:31","guid":{"rendered":"http:\/\/craigswapp1.wpengine.com\/?page_id=4751"},"modified":"2021-05-10T12:43:37","modified_gmt":"2021-05-10T12:43:37","slug":"reporte-accidente","status":"publish","type":"page","link":"https:\/\/craigswapp.com\/spanish\/abogado-de-accidente-de-carro-en-salt-lake-city\/preguntas-frecuentes-accidentes-carros-salt-lake\/reporte-accidente\/","title":{"rendered":"C\u00f3mo Obtener un Reporte de Accidente en Salt Lake City"},"content":{"rendered":"<p>\nDespu\u00e9s de un accidente, uno de los informes m\u00e1s importantes que usted necesitar\u00e1 obtener una copia de es el reporte de accidente de tr\u00e1fico de la polic\u00eda. Este reporte ser\u00e1 archivado por el oficial que llega a la escena del accidente.<\/p>\n<p>Muchas personas no est\u00e1n seguras de c\u00f3mo obtener un reporte de accidente en Salt Lake City. Hay una variedad de informaci\u00f3n disponible en Internet sobre c\u00f3mo obtener un informe de accidente, y algunos sitios hacen parecer m\u00e1s complicado de lo que realmente es.<\/p>\n<h2>Obtenci\u00f3n de Reportes de Accidentes Automovil\u00edsticos a trav\u00e9s de una Solicitud GRAMA<\/h2>\n<p>Una forma de obtener una copia de su informe de accidente es mediante la presentaci\u00f3n de una solicitud de Acta de Acceso y Gesti\u00f3n de Registros del Gobierno (GRAMA).<\/p>\n<p>Este acto legislativo de Utah de 1991 da al p\u00fablico el derecho de acceder a todo tipo de informaci\u00f3n, incluyendo informes de accidentes de tr\u00e1fico de la polic\u00eda. Esto le permite obtener un informe de accidentes de tr\u00e1fico en persona o por medio de un portal en el web al enviar una solicitud de GRAMA.<\/p>\n<p>Simplemente vaya al portal de solicitud de registros de GRAMA, complete la informaci\u00f3n pertinente y pague la cuota. A continuaci\u00f3n, podr\u00e1 obtener una copia de su reporte de accidente.<\/p>\n<p>Compruebe siempre la exactitud del informe y comunique cualquier discrepancia a su abogado de accidente automovil\u00edstico de Salt Lake City de inmediato.<\/p>\n<h2>Obtenci\u00f3n de Informes de Accidentes Automovil\u00edsticos en Persona<\/h2>\n<p>Tambi\u00e9n puede obtener su reporte de accidente de polic\u00eda haciendo la solicitud en persona.<\/p>\n<p>Necesitar\u00e1 un formulario de solicitud GRAMA completado junto con una identificaci\u00f3n con foto. Un ID de imagen aceptable podr\u00eda ser cualquiera de los siguientes:<\/p>\n<ul>\n<li style=\"font-weight: 400;\">Licencia de conducir emitida por el estado o ID<\/li>\n<li style=\"font-weight: 400;\">Pasaporte<\/li>\n<li style=\"font-weight: 400;\">Visa o tarjeta de residencia de Estados Unidos<\/li>\n<li style=\"font-weight: 400;\">Tarjeta de autorizaci\u00f3n de empleo<\/li>\n<li style=\"font-weight: 400;\">Permiso para armas ocultas<\/li>\n<li style=\"font-weight: 400;\">Identificaci\u00f3n militar de los EE. UU.<\/li>\n<\/ul>\n<p>Traiga su identificaci\u00f3n con fotograf\u00eda y la solicitud de GRAMA completada al servicio de atenci\u00f3n al cliente en el Departamento de Polic\u00eda de Salt Lake City. Su horario de atenci\u00f3n es de 8:00 a.m. a 4:30 p.m. de lunes a viernes, excluyendo d\u00edas festivos.<\/p>\n<p>El Departamento de Polic\u00eda de Salt Lake City se encuentra en la siguiente direcci\u00f3n:<\/p>\n<p>Salt Lake City Police Department<br \/>\n475 South 300 East<br \/>\nSalt Lake City, UT 84111<\/p>\n<h2>Obtenci\u00f3n de Reportes de Accidentes de Auto a trav\u00e9s de su Abogado<\/h2>\n<p>Independientemente de si env\u00eda su solicitud de GRAMA en l\u00ednea o en persona, hay una solicitud de informe de $ 5.09 y la tarifa de procesamiento.<\/p>\n<p>Si todav\u00eda tiene preguntas sobre c\u00f3mo obtener un reporte de accidente, debe hablar con uno de nuestros abogados. Podemos guiarle a trav\u00e9s del proceso o posiblemente obtener una copia del reporte para usted.<\/p>\n<h2>Obtenga Ayuda para Obtener su Reporte de Accidente de Auto<\/h2>\n<p>Si usted sufri\u00f3 lesiones o da\u00f1os en un accidente de coche, usted merece una compensaci\u00f3n financiera. Obtener una copia de su reporte de accidente es un paso esencial hacia la recepci\u00f3n de lo que se debe.<\/p>\n<p>Para m\u00e1s informaci\u00f3n sobre c\u00f3mo obtener un reporte de accidente en Salt Lake City, su caso y sus opciones con m\u00e1s detalle, comun\u00edquese con Craig Swapp &amp; Associates llamando al 800-404-9000 o contact\u00e1ndose por nuestro sitio web.<\/p>\n","protected":false},"excerpt":{"rendered":"<p>Despu\u00e9s de un accidente, uno de los informes m\u00e1s importantes que usted necesitar\u00e1 obtener una copia de es el reporte de accidente de tr\u00e1fico de [&hellip;]<\/p>\n","protected":false},"author":2,"featured_media":0,"parent":4430,"menu_order":0,"comment_status":"closed","ping_status":"closed","template":"","meta":{"_acf_changed":false,"inline_featured_image":false,"footnotes":""},"class_list":["post-4751","page","type-page","status-publish","hentry"],"acf":[],"_links":{"self":[{"href":"https:\/\/craigswapp.com\/spanish\/wp-json\/wp\/v2\/pages\/4751","targetHints":{"allow":["GET"]}}],"collection":[{"href":"https:\/\/craigswapp.com\/spanish\/wp-json\/wp\/v2\/pages"}],"about":[{"href":"https:\/\/craigswapp.com\/spanish\/wp-json\/wp\/v2\/types\/page"}],"author":[{"embeddable":true,"href":"https:\/\/craigswapp.com\/spanish\/wp-json\/wp\/v2\/users\/2"}],"replies":[{"embeddable":true,"href":"https:\/\/craigswapp.com\/spanish\/wp-json\/wp\/v2\/comments?post=4751"}],"version-history":[{"count":1,"href":"https:\/\/craigswapp.com\/spanish\/wp-json\/wp\/v2\/pages\/4751\/revisions"}],"predecessor-version":[{"id":10823,"href":"https:\/\/craigswapp.com\/spanish\/wp-json\/wp\/v2\/pages\/4751\/revisions\/10823"}],"up":[{"embeddable":true,"href":"https:\/\/craigswapp.com\/spanish\/wp-json\/wp\/v2\/pages\/4430"}],"wp:attachment":[{"href":"https:\/\/craigswapp.com\/spanish\/wp-json\/wp\/v2\/media?parent=4751"}],"curies":[{"name":"wp","href":"https:\/\/api.w.org\/{rel}","templated":true}]}}