{"id":4749,"date":"2016-06-09T19:14:57","date_gmt":"2016-06-09T19:14:57","guid":{"rendered":"http:\/\/craigswapp1.wpengine.com\/?page_id=4749"},"modified":"2021-05-10T12:43:03","modified_gmt":"2021-05-10T12:43:03","slug":"corte","status":"publish","type":"page","link":"https:\/\/craigswapp.com\/spanish\/abogado-de-accidente-de-carro-en-salt-lake-city\/preguntas-frecuentes-accidentes-carros-salt-lake\/corte\/","title":{"rendered":"\u00bfTengo que ir a la corte despu\u00e9s de un accidente de auto?"},"content":{"rendered":"<p>\nPara muchas personas, una de sus primeras preguntas despu\u00e9s de un accidente de coche es \u00ab\u00bfTengo que ir a la corte despu\u00e9s de un accidente de auto?\u00bb<\/p>\n<p>Muchos tienen miedo de ser atrapados en el sistema de justicia penal y sienten que si no era su culpa no deber\u00edan tener que ir a los tribunales.<\/p>\n<p>La realidad es que si van a los tribunales depende de una serie de cosas. Usted puede ser convocado, usted puede elegir ir, o usted puede tener que ir al tribunal para proteger sus mejores intereses.<\/p>\n<p>Cada situaci\u00f3n es diferente, por lo que no hay una respuesta correcta en cuanto a la pregunta, \u00ab\u00bfTengo que ir a la corte despu\u00e9s de un accidente de auto?\u00bb<\/p>\n<h2>Convocado a la Corte<\/h2>\n<p>A veces el otro conductor ser\u00e1 multado y multado porque la polic\u00eda en la escena determin\u00f3 una o m\u00e1s leyes de tr\u00e1fico fueron violadas, como acelerar o seguir demasiado de cerca. Cuando esto ocurre, autom\u00e1ticamente se convierte en un testigo de la violaci\u00f3n.<\/p>\n<p>En la mayor\u00eda de los casos, la gente pelear\u00e1 el boleto porque no quiere pagar la multa. Si el otro conductor decide luchar contra el boleto, podr\u00eda ser convocado como testigo.<\/p>\n<p>Si usted recibe una citaci\u00f3n, usted tiene que ir a la corte. Siempre es recomendable que hable con su abogado de accidente de auto antes de asistir al juicio, especialmente si tambi\u00e9n est\u00e1 involucrado en una demanda de lesiones personales por el mismo accidente.<\/p>\n<h2>Lesiones Personales y Demandas<\/h2>\n<p>Si usted estaba en un accidente de auto y est\u00e1 presentando una demanda de lesiones personales, las probabilidades de que tendr\u00e1 que ir a la corte despu\u00e9s del accidente son muy altos.<\/p>\n<p>Casos como este casi siempre implican disputas sobre la cantidad de da\u00f1o causado al veh\u00edculo, el costo de los gastos m\u00e9dicos actuales y futuros, el costo de las reparaciones al veh\u00edculo y cualquier otra cosa que tenga una cantidad en d\u00f3lares asignada a ella.<\/p>\n<p>El equipo legal del otro conductor siempre se esforzar\u00e1 por alcanzar el monto de liquidaci\u00f3n m\u00e1s bajo. Hay un n\u00famero de maneras que pueden ir sobre esto, incluyendo culparle por el accidente, minimizar sus lesiones, o culpar a un factor externo, como las condiciones de la carretera.<\/p>\n<p>Si desea solicitar una compensaci\u00f3n financiera por un accidente, probablemente necesitar\u00e1 estar dispuesto a acudir a los tribunales.<\/p>\n<h2>Prep\u00e1rese para Ir a la Corte<\/h2>\n<p>El otro conductor y su compa\u00f1\u00eda de seguros probablemente har\u00e1 todo lo posible para evitar ir a los tribunales.<\/p>\n<p>Esto se debe a que ir a los tribunales significa aceptar el veredicto del tribunal y pagar el monto del acuerdo adjudicado. Usted puede esperar recibir ofertas para acuerdos extrajudiciales, pero la \u00fanica manera de saber si la oferta es justa es tener un abogado experto en accidentes de auto que lo revise.<\/p>\n<p>Si la otra parte no har\u00e1 una oferta seria, tendr\u00e1 que estar dispuesto a acudir a los tribunales para asustarlos o para recibir un arreglo judicial.<\/p>\n<h2>Obtener Ayuda para Ir a la Corte Despu\u00e9s de un Accidente de Auto-Cont\u00e1ctenos Hoy<\/h2>\n<p>Usted merece una compensaci\u00f3n financiera por las lesiones o da\u00f1os que ha sufrido. Si usted se est\u00e1 preguntando, \u00ab\u00bftengo que ir a la corte despu\u00e9s de un accidente automovil\u00edstico?\u00bb, P\u00f3ngase en contacto con nosotros para programar una consulta.<\/p>\n<p>Para discutir su caso y sus opciones con m\u00e1s detalle, comun\u00edquese con Craig Swapp &amp; Associates al 800-404-9000 o cont\u00e1ctenos por nuestro sitio web.<\/p>\n","protected":false},"excerpt":{"rendered":"<p>Para muchas personas, una de sus primeras preguntas despu\u00e9s de un accidente de coche es \u00ab\u00bfTengo que ir a la corte despu\u00e9s de un accidente [&hellip;]<\/p>\n","protected":false},"author":2,"featured_media":0,"parent":4430,"menu_order":0,"comment_status":"closed","ping_status":"closed","template":"","meta":{"_acf_changed":false,"inline_featured_image":false,"footnotes":""},"class_list":["post-4749","page","type-page","status-publish","hentry"],"acf":[],"_links":{"self":[{"href":"https:\/\/craigswapp.com\/spanish\/wp-json\/wp\/v2\/pages\/4749","targetHints":{"allow":["GET"]}}],"collection":[{"href":"https:\/\/craigswapp.com\/spanish\/wp-json\/wp\/v2\/pages"}],"about":[{"href":"https:\/\/craigswapp.com\/spanish\/wp-json\/wp\/v2\/types\/page"}],"author":[{"embeddable":true,"href":"https:\/\/craigswapp.com\/spanish\/wp-json\/wp\/v2\/users\/2"}],"replies":[{"embeddable":true,"href":"https:\/\/craigswapp.com\/spanish\/wp-json\/wp\/v2\/comments?post=4749"}],"version-history":[{"count":2,"href":"https:\/\/craigswapp.com\/spanish\/wp-json\/wp\/v2\/pages\/4749\/revisions"}],"predecessor-version":[{"id":10821,"href":"https:\/\/craigswapp.com\/spanish\/wp-json\/wp\/v2\/pages\/4749\/revisions\/10821"}],"up":[{"embeddable":true,"href":"https:\/\/craigswapp.com\/spanish\/wp-json\/wp\/v2\/pages\/4430"}],"wp:attachment":[{"href":"https:\/\/craigswapp.com\/spanish\/wp-json\/wp\/v2\/media?parent=4749"}],"curies":[{"name":"wp","href":"https:\/\/api.w.org\/{rel}","templated":true}]}}