{"id":4706,"date":"2016-06-06T18:53:32","date_gmt":"2016-06-06T18:53:32","guid":{"rendered":"http:\/\/craigswapp1.wpengine.com\/?page_id=4706"},"modified":"2021-05-12T13:58:34","modified_gmt":"2021-05-12T13:58:34","slug":"abogado-de-accidentes-de-conduccion-distraida","status":"publish","type":"page","link":"https:\/\/craigswapp.com\/spanish\/accidente-automovilistico\/causas-comunes-accidentes-carros\/abogado-de-accidentes-de-conduccion-distraida\/","title":{"rendered":"Abogado de Accidentes de Conducci\u00f3n Distra\u00edda"},"content":{"rendered":"\n<div class=\"graybackground\">\n<p><a href=\"https:\/\/en.wikipedia.org\/wiki\/Distracted_driving\" target=\"_blank\" rel=\"noopener noreferrer\">\u00a0La conducci\u00f3n distra\u00edda<\/a> es cualquier cosa que le hace no se centran en la carretera. \u00a1Muchas veces usted podr\u00eda ser la conducci\u00f3n como un conductor distra\u00eddo y ni siquiera lo saben! Conducir distra\u00eddo es una de las causas m\u00e1s comunes de <a href=\"https:\/\/craigswapp.com\/spanish\/es\/accidente-automovilistico\/\">accidentes<\/a> de tr\u00e1fico. Cosas como mensajes de texto, lectura se\u00f1ales de tr\u00e1fico, llamadas telef\u00f3nicas y m\u00fasica son algunas de las distracciones comunes que pueden robar su atenci\u00f3n de la carretera. Es importante ser consciente de los diferentes tipos de conducci\u00f3n distra\u00edda a evitar. Saber reconocer la conducci\u00f3n distra\u00edda tambi\u00e9n puede ayudar a identificar qui\u00e9n tiene la culpa en un accidente de conducci\u00f3n distra\u00edda. \u00c9stos son algunos de los tipos m\u00e1s comunes de la conducci\u00f3n distra\u00edda.<\/p>\n<h2>Lectura de se\u00f1alizaci\u00f3n vial<\/h2>\n<p>Es sorprendente c\u00f3mo a veces simplemente tratando de leer las se\u00f1ales de tr\u00e1fico y seguir la navegaci\u00f3n puede causar un accidente de conducci\u00f3n distra\u00edda. Es importante asegurarse de que sabe a d\u00f3nde va antes de entrar en su veh\u00edculo. Todo lo que necesita es un segundo de la conducci\u00f3n distra\u00edda, mientras lee un signo o mirando hacia abajo a su GPS, para tomar su vida. Siempre buscar direcciones antes de entrar en su coche, o para y obtener una mejor comprensi\u00f3n de a d\u00f3nde va.<\/p>\n<h2>Las llamadas telef\u00f3nicas y mensajes de texto<\/h2>\n<p>Todos somos culpables de tratar de realizar varias tareas mientras se conduce. Pero, \u00bfsab\u00eda que los mensajes de texto y conducir es una de las mayores causas de accidentes de tr\u00e1fico actuales? No importa lo que dice el mensaje de texto, o la persona en el otro extremo del tel\u00e9fono tiene que decir, no es digno de su vida. Hacer la elecci\u00f3n inteligente y comprobar m\u00e1s tarde. En muchas situaciones esto es la diferencia entre la vida y la muerte.<\/p>\n<h2>La distracci\u00f3n de pasajeros<\/h2>\n<p>Muchos accidentes de tr\u00e1fico no tienen nada que ver con los conductores de los veh\u00edculos. A pesar de que los pasajeros no est\u00e1n f\u00edsicamente la conducci\u00f3n del veh\u00edculo, pueden causar accidentes. \u00a1Esto puede ocurrir como resultado de un pasajero que tiene una emergencia m\u00e9dica, o los pasajeros j\u00f3venes que necesitan ayuda y mucho m\u00e1s! Es por esto que es tan importante para asegurarse de que todos sus pasajeros son seguros y bien antes de partir hacia su destino. A veces son los peque\u00f1os pasajeros m\u00e1s lindo que pueden causar el mayor da\u00f1o. Aseg\u00farese de que todos los asientos infantiles son seguras antes de salir, y comunicarse con sus pasajeros antes de dejar que su enfoque ser\u00e1 manejando con seguridad.<\/p>\n<p>Aunque si entiendes algunas de las <a href=\"https:\/\/craigswapp.com\/spanish\/es\/accidente-automovilistico\/causas-comunes\/\">causas<\/a> de la conducci\u00f3n distra\u00edda, todav\u00eda nunca es f\u00e1cil de identificar. No est\u00e1s solo en esto. Los abogados experimentados de conducci\u00f3n distra\u00edda de Craig Swapp Y Asociados est\u00e1n listos para ayudar a averiguar si el accidente fue el resultado de la conducci\u00f3n distra\u00edda. Usted merece ser compensado por sus p\u00e9rdidas y da\u00f1os. Estamos aqu\u00ed para ayudar a o\u00edrse su voz y garantizar que la compensaci\u00f3n es entregada por sus da\u00f1os. No espere, vamos a hacer la lucha para usted. Buscar la ayuda de un abogado de accidentes de automovil\u00edstico con <a href=\"https:\/\/craigswapp.com\/spanish\/es\/\">Craig Swapp Y Asociados<\/a>. \u00a0Ll\u00e1menos r\u00e1pidamente al 855-628-5050 para una consulta gratuita. Deje que su abogado representar a su voz y recuperar la compensaci\u00f3n que merece.<\/p>\n<\/div>\n","protected":false},"excerpt":{"rendered":"<p>\u00a0La conducci\u00f3n distra\u00edda es cualquier cosa que le hace no se centran en la carretera. \u00a1Muchas veces usted podr\u00eda ser la conducci\u00f3n como un conductor [&hellip;]<\/p>\n","protected":false},"author":2,"featured_media":0,"parent":4704,"menu_order":0,"comment_status":"open","ping_status":"open","template":"","meta":{"_acf_changed":false,"inline_featured_image":false,"footnotes":""},"class_list":["post-4706","page","type-page","status-publish","hentry"],"acf":[],"_links":{"self":[{"href":"https:\/\/craigswapp.com\/spanish\/wp-json\/wp\/v2\/pages\/4706","targetHints":{"allow":["GET"]}}],"collection":[{"href":"https:\/\/craigswapp.com\/spanish\/wp-json\/wp\/v2\/pages"}],"about":[{"href":"https:\/\/craigswapp.com\/spanish\/wp-json\/wp\/v2\/types\/page"}],"author":[{"embeddable":true,"href":"https:\/\/craigswapp.com\/spanish\/wp-json\/wp\/v2\/users\/2"}],"replies":[{"embeddable":true,"href":"https:\/\/craigswapp.com\/spanish\/wp-json\/wp\/v2\/comments?post=4706"}],"version-history":[{"count":2,"href":"https:\/\/craigswapp.com\/spanish\/wp-json\/wp\/v2\/pages\/4706\/revisions"}],"predecessor-version":[{"id":11307,"href":"https:\/\/craigswapp.com\/spanish\/wp-json\/wp\/v2\/pages\/4706\/revisions\/11307"}],"up":[{"embeddable":true,"href":"https:\/\/craigswapp.com\/spanish\/wp-json\/wp\/v2\/pages\/4704"}],"wp:attachment":[{"href":"https:\/\/craigswapp.com\/spanish\/wp-json\/wp\/v2\/media?parent=4706"}],"curies":[{"name":"wp","href":"https:\/\/api.w.org\/{rel}","templated":true}]}}