{"id":4702,"date":"2016-06-06T18:23:31","date_gmt":"2016-06-06T18:23:31","guid":{"rendered":"http:\/\/craigswapp1.wpengine.com\/?page_id=4702"},"modified":"2023-06-08T16:47:49","modified_gmt":"2023-06-08T16:47:49","slug":"responsabilidad-de-las-premisas","status":"publish","type":"page","link":"https:\/\/craigswapp.com\/spanish\/responsabilidad-de-las-premisas\/","title":{"rendered":"Responsabilidad de las Premisas"},"content":{"rendered":"<p><a href=\"https:\/\/en.wikipedia.org\/wiki\/Premises_liability\" target=\"_blank\" rel=\"noopener noreferrer\">Responsabilidad de las premisas<\/a> es la responsabilidad del due\u00f1o de una propiedad para asegurarse de que cualquier persona en sus tierras o en su edificio es seguro. Esto significa que usted como un visitante o un cliente tiene ciertos derechos cuando se lesion\u00f3 en la propiedad de otra persona o en su edificio. Las leyes en materia de responsabilidad locales son diferentes de un estado a otro y, a veces puede depender de la naturaleza de la visita. Si eres el due\u00f1o de la propiedad o un negocio, o si usted es un cliente o invitado, es importante conocer su funci\u00f3n y la responsabilidad de las lesiones que se producen. Aprender acerca de qui\u00e9n merece la compensaci\u00f3n y la forma en que se alcanza podr\u00eda ayudar a evitar lesiones como due\u00f1o de la propiedad, y asegurar una compensaci\u00f3n como hu\u00e9sped o cliente.<\/p>\n<h2>Diferentes tipos de Responsabilidad del Establecimiento<\/h2>\n<p>La comprensi\u00f3n de los diferentes tipos de responsabilidad puede ayudar a identificar cu\u00e1les podr\u00edan que han afectado o pueden ser impedido en su sitio. Los siguientes son algunos ejemplos de los tipos comunes de locales de la responsabilidad.<\/p>\n<p>Estos incluyen, pero no se limitan a:<\/p>\n<p>&#8211; Responsabilidad de Tierra- Esa persona tiene la responsabilidad de asegurarse de que su tierra est\u00e1 en el estado m\u00e1s seguro de lo que se est\u00e1 utilizando para. Esto significa que no debe haber nada a lo largo del camino que podr\u00eda ser perjudicial para cualquier persona que entra.<\/p>\n<p>&#8211; Responsabilidad de negocios- Esto es responsabilidad del propietario de la empresa para asegurarse de que no hay nada que pudiera causar un da\u00f1o al cliente. Esto incluye cualquier cosa en los pasillos, en los pisos en el ba\u00f1o, etc &#8230;<\/p>\n<p>&#8211; Responsabilidad del inquilino- Esta es la responsabilidad que tiene un inquilino para cualquier persona que entra en su propiedad de alquiler. Hay <a href=\"http:\/\/portal.hud.gov\/hudportal\/HUD?src=\/topics\/rental_assistance\/tenantrights\" target=\"_blank\" rel=\"noopener noreferrer\">leyes espec\u00edficas de alquilar<\/a>. \u00a0Dependiendo de los t\u00e9rminos del contrato de arrendamiento, el arrendatario podr\u00eda tener la responsabilidad total o parcial de las lesiones que ocurren a cualquier persona que entra.<\/p>\n<p>Estos son s\u00f3lo algunos de los muchos tipos de locales pasivos. Para asegurarse de que usted est\u00e1 cubierto es \u00fatil estar familiarizado con los requisitos espec\u00edficos de responsabilidad de las premisas de su estado.<\/p>\n<h2>\u00bfC\u00f3mo presento un informe de responsabilidad de las premisas?<\/h2>\n<p>Lo primero que hay que hacer cuando se considera que presentar un informe es averiguar qui\u00e9n es responsable de los locales. Por ejemplo, \u00bfes un lugar p\u00fablico donde el Estado tiene la culpa, o una empresa privada? Es necesario averiguar qui\u00e9n es el responsable y presentar una reclamaci\u00f3n con ellos inmediatamente.<\/p>\n<p>Dependiendo de d\u00f3nde se encuentre, hay leyes espec\u00edficas sobre c\u00f3mo presentar un informe de responsabilidad de las premisas y el momento de presentarla. Lo m\u00e1s importante es averiguar la cantidad de tiempo que tiene para presentar su informe. Si espera demasiado tiempo, puede que no obtenga la cobertura y la compensaci\u00f3n que se merece.<\/p>\n<p>Si el accidente ocurri\u00f3 en una propiedad p\u00fablica que tendr\u00e1 que ponerse en contacto con el estado y averiguar qui\u00e9n enviar su reclamaci\u00f3n a su l\u00ednea de tiempo y lo que es. Sobre todo en la propiedad p\u00fablica, por lo general hay un corto tiempo despu\u00e9s del accidente sucede que usted tiene que informar de ello. La presentaci\u00f3n de su informe a tiempo podr\u00eda hacer una gran diferencia en la compensaci\u00f3n que recibe.<\/p>\n<p>Incluido en su informe debe ser detalles espec\u00edficos sobre el accidente. Debe proporcionar informaci\u00f3n como la fecha y la hora del accidente, lo que provoc\u00f3 el accidente, los nombres y direcciones de los testigos y los detalles que describen. Si es posible, tambi\u00e9n es muy \u00fatil para tomar fotos el d\u00eda del accidente para documentar la causa exacta.<\/p>\n<p>Por \u00faltimo, se debe acudir al m\u00e9dico para verificar sus lesiones. Este deber\u00eda ser el primero que se hace despu\u00e9s de su accidente y todas las notas del m\u00e9dico deben ser incluidos en su informe de reclamaci\u00f3n. Incluso si usted piensa que sus lesiones son de menor importancia, que tiene un m\u00e9dico a confirmar sus lesiones podr\u00edan ser la causa de la recepci\u00f3n de la compensaci\u00f3n que se merece.<\/p>\n<h2>\u00bfQui\u00e9n me puede ayudar con la responsabilidad de premisas?<\/h2>\n<p>Si eres como yo, despu\u00e9s de que ocurra un accidente se puede llegar muy estresado. Hacer frente a todo, desde lo que caus\u00f3 el accidente, a los m\u00e9dicos ver, para averiguar qui\u00e9n es el informe de reclamo va a ser realmente abrumadora puede. Por suerte para nosotros, esto no es algo que tenemos que hacer frente por s\u00ed solo. Hay abogados locales de responsabilidad experimentados y cualificados que est\u00e1n esperando nuestra llamada para que nos ayude. Deber\u00eda estar preocupado por su recuperaci\u00f3n, no su reclamo. Obtenga ayuda hoy y asegurarse de obtener la compensaci\u00f3n que merece poni\u00e9ndose en contacto con un abogado de la comprensi\u00f3n responsabilidad de las premisas. Buscar la ayuda de un abogado de responsabilidad de premisas con <a href=\"https:\/\/craigswapp.com\/spanish\/es\/\">Craig Swapp Y Asociados<\/a>. \u00a0Ll\u00e1menos r\u00e1pidamente al 855-628-5050 para una consulta gratuita. Deje que su abogado representar a su voz y recuperar la compensaci\u00f3n que merece.<\/p>\n","protected":false},"excerpt":{"rendered":"<p>Responsabilidad de las premisas es la responsabilidad del due\u00f1o de una propiedad para asegurarse de que cualquier persona en sus tierras o en su edificio [&hellip;]<\/p>\n","protected":false},"author":2,"featured_media":2014486,"parent":0,"menu_order":0,"comment_status":"open","ping_status":"closed","template":"","meta":{"_acf_changed":false,"inline_featured_image":false,"footnotes":""},"class_list":["post-4702","page","type-page","status-publish","has-post-thumbnail","hentry"],"acf":[],"_links":{"self":[{"href":"https:\/\/craigswapp.com\/spanish\/wp-json\/wp\/v2\/pages\/4702","targetHints":{"allow":["GET"]}}],"collection":[{"href":"https:\/\/craigswapp.com\/spanish\/wp-json\/wp\/v2\/pages"}],"about":[{"href":"https:\/\/craigswapp.com\/spanish\/wp-json\/wp\/v2\/types\/page"}],"author":[{"embeddable":true,"href":"https:\/\/craigswapp.com\/spanish\/wp-json\/wp\/v2\/users\/2"}],"replies":[{"embeddable":true,"href":"https:\/\/craigswapp.com\/spanish\/wp-json\/wp\/v2\/comments?post=4702"}],"version-history":[{"count":3,"href":"https:\/\/craigswapp.com\/spanish\/wp-json\/wp\/v2\/pages\/4702\/revisions"}],"predecessor-version":[{"id":2014487,"href":"https:\/\/craigswapp.com\/spanish\/wp-json\/wp\/v2\/pages\/4702\/revisions\/2014487"}],"wp:featuredmedia":[{"embeddable":true,"href":"https:\/\/craigswapp.com\/spanish\/wp-json\/wp\/v2\/media\/2014486"}],"wp:attachment":[{"href":"https:\/\/craigswapp.com\/spanish\/wp-json\/wp\/v2\/media?parent=4702"}],"curies":[{"name":"wp","href":"https:\/\/api.w.org\/{rel}","templated":true}]}}