{"id":4699,"date":"2016-06-06T18:13:47","date_gmt":"2016-06-06T18:13:47","guid":{"rendered":"http:\/\/craigswapp1.wpengine.com\/?page_id=4699"},"modified":"2021-05-12T13:52:40","modified_gmt":"2021-05-12T13:52:40","slug":"accidente-automovilistico","status":"publish","type":"page","link":"https:\/\/craigswapp.com\/spanish\/accidente-automovilistico\/","title":{"rendered":"Accidente automovil\u00edstico"},"content":{"rendered":"<p>\nLos accidentes de automovil\u00edstico pueden ser muy dif\u00edciles de tratar. Despu\u00e9s de estar en un accidente hay mucho en que preocuparse y a veces puede parecer abrumador. Es importante recordar que usted no est\u00e1 solo. Cada d\u00eda, muchos accidentes de automovil\u00edstico ocurren y por desgracia muchos de ellos se pueden prevenir. Ya sea que su accidente de coche implica otro veh\u00edculo, un ciclista, peat\u00f3n o que se transporta mercanc\u00edas para su trabajo, que se merece una recuperaci\u00f3n completa y plena compensaci\u00f3n por los da\u00f1os y perjuicios. Hay importantes pasos a seguir despu\u00e9s de estar en un accidente de automovil\u00edstico. Estar familiarizado con estos pasos puede hacer un mundo de diferencia cuando usted se encuentra en un accidente de coche. Adem\u00e1s, al ser consciente de algunos de los obst\u00e1culos que vienen con los accidentes de automovil\u00edstico tambi\u00e9n puede ayudar a mirar hacia fuera para posibles situaciones peligrosas que pueden causar un accidente.<\/p>\n<h2>Evitando un accidente de automovil\u00edstico con seguridad<\/h2>\n<p>Antes de aprender qu\u00e9 hacer despu\u00e9s de un accidente de coche, es importante tomar las precauciones necesarias para que nunca tendr\u00e1s un accidente de coche. Hay ciertas leyes de conducci\u00f3n de autom\u00f3viles que son diferentes de un estado a otro, tales como el uso del tel\u00e9fono celular mientras se conduce, pero bastante general, que son los mismos. Algunas de estas leyes generales incluyen el uso de un cintur\u00f3n de seguridad, el uso de los indicadores adecuados para informar a otros conductores de su plan de acci\u00f3n, conduciendo velocidades adecuadas y mucho m\u00e1s. Antes de operar un autom\u00f3vil debe estar seguro de que se familiarice con las leyes de veh\u00edculos en su estado, para evitar tener un accidente de coche que podr\u00eda afectar a usted y otros.<\/p>\n<h2>Accidentes de automovil\u00edstico; causas comunes<\/h2>\n<p>Ser consciente de las <a href=\"http:\/\/www-nrd.nhtsa.dot.gov\/Pubs\/811059.PDF\" target=\"_blank\" rel=\"noopener noreferrer\">causas m\u00e1s comunes de accidentes de automovil\u00edstico<\/a> puede ayudar a mirar hacia fuera para posibles circunstancias peligrosas y saber c\u00f3mo reaccionar. La cantidad de accidentes de automovil\u00edstico que se presentan con un veh\u00edculo o otra motocicleta, se puede prevenir mediante el conocimiento de los diferentes escenarios que pueden causar accidentes y tratando todo lo posible para evitarlos.<\/p>\n<p>Algunas de las causas comunes de accidentes de automovil\u00edstico son:<\/p>\n<p>Conduciendo Distra\u00eddo &#8211; Esta es una de las principales causas de accidentes de automovil\u00edstico actuales. \u00a1Muchas veces usted podr\u00eda ser la conducci\u00f3n como un conductor distra\u00eddo y ni siquiera lo saben! Los mensajes de texto, los ni\u00f1os en el asiento trasero, comer, y muchas otras distracciones pueden tomar su atenci\u00f3n de la carretera y tienen el potencial de ser muy peligroso.<\/p>\n<p>Conducir de manera imprudente &#8211; Esto ocurre cuando un conductor est\u00e1 molesto o enojado con otro piloto y con un objetivo hace que la decisi\u00f3n de cortar otro conductor fuera o tomar una acci\u00f3n ilegal que a menudo resulta en una colisi\u00f3n.<\/p>\n<p>Acelerando- que todos hemos estado en un apuro y han tenido que tomar la decisi\u00f3n de si es o no vale la pena ir por el precio de 5 mph. La respuesta es no. El exceso de velocidad es la principal causa de por qu\u00e9 ocurren las colisiones.<\/p>\n<p>Por desgracia, estas son s\u00f3lo algunas de las muchas causas de los accidentes de automovil\u00edstico que se pueden prevenir. El conocimiento de estas causas puede ayudar a recordar para comprobar su propia conducci\u00f3n cuando est\u00e1n detr\u00e1s del volante y posiblemente prevenir colisiones futuras. Sin embargo, en el caso de que usted tiene un accidente de coche, es \u00fatil saber qu\u00e9 hacer.<\/p>\n<h2>He tenido un accidente de automovil\u00edstico, \u00bfqu\u00e9 sigue?<\/h2>\n<p>A pesar de que tratamos de hacer todo lo posible para evitar los accidentes de automovil\u00edstico, como se dice, a veces ocurren accidentes. Cuando lo hacen, es una buena idea saber ya un curso de acci\u00f3n a tomar para garantizar su seguridad, la recuperaci\u00f3n y la indemnizaci\u00f3n por da\u00f1os y perjuicios. Aqu\u00ed hay algunos pasos que le ayudar\u00e1n a asegurarse de que cubre todas sus bases.<\/p>\n<ol>\n<li>Aseg\u00farese de llamar a la polic\u00eda inmediatamente despu\u00e9s de su accidente. Incluso si usted tiene un choque de autos que usted piensa que podr\u00eda no ser un gran problema, es importante contar con un informe de la polic\u00eda para su archivo.<\/li>\n<\/ol>\n<ol start=\"2\">\n<li>A continuaci\u00f3n, es muy importante que busque atenci\u00f3n m\u00e9dica. Una vez m\u00e1s, aunque se sienta como que no ha sufrido ninguna lesi\u00f3n, se debe acudir al m\u00e9dico para descartar la existencia de lesiones graves <a href=\"http:\/\/www.cdc.gov\/traumaticbraininjury\/\" target=\"_blank\" rel=\"noopener noreferrer\">traum\u00e1ticas del cerebro (TBI)<\/a> y complicaciones.<\/li>\n<\/ol>\n<ol start=\"3\">\n<li>Si es posible, es muy \u00fatil para hacer anotaciones en su accidente. Tomar fotos si es posible, obtener declaraciones de los testigos y lo m\u00e1s importante averiguar donde se puede obtener una copia del informe policial. A veces la documentaci\u00f3n por s\u00ed solo puede ayudar a proporcionar la compensaci\u00f3n que merece.<\/li>\n<li>Por \u00faltimo, se debe buscar la ayuda de un abogado de accidentes de automovil\u00edstico. Son capaces de representar a su mejor inter\u00e9s y estar seguro de que recibir\u00e1 la compensaci\u00f3n que se merece. Tambi\u00e9n est\u00e1n disponibles para responder a cualquier pregunta que pueda tener, se comunican con su seguro y el de la persona responsable.<\/li>\n<\/ol>\n<p>No importa cu\u00e1n preparado est\u00e1, tener un accidente de coche nunca es algo divertido de manejar. Una cosa a recordar es que nunca est\u00e1s solo. Nuestros abogados de accidentes automovil\u00edsticos cualificados est\u00e1n a la espera de su llamada. Estamos aqu\u00ed para ayudar a o\u00edrse su voz y garantizar que la compensaci\u00f3n es entregada por sus da\u00f1os. No espere, vamos a hacer la lucha para usted. Buscar la ayuda de un abogado de accidentes de automovil\u00edstico con <a href=\"https:\/\/craigswapp.com\/spanish\/es\/\">Craig Swapp Y Asociados<\/a>. \u00a0Ll\u00e1menos r\u00e1pidamente al 855-628-5050 para una consulta gratuita. Deje que su abogado representar a su voz y recuperar la compensaci\u00f3n que merece.<\/p>\n","protected":false},"excerpt":{"rendered":"<p>Los accidentes de automovil\u00edstico pueden ser muy dif\u00edciles de tratar. Despu\u00e9s de estar en un accidente hay mucho en que preocuparse y a veces puede [&hellip;]<\/p>\n","protected":false},"author":2,"featured_media":0,"parent":0,"menu_order":0,"comment_status":"open","ping_status":"closed","template":"","meta":{"_acf_changed":false,"inline_featured_image":false,"footnotes":""},"class_list":["post-4699","page","type-page","status-publish","hentry"],"acf":[],"_links":{"self":[{"href":"https:\/\/craigswapp.com\/spanish\/wp-json\/wp\/v2\/pages\/4699","targetHints":{"allow":["GET"]}}],"collection":[{"href":"https:\/\/craigswapp.com\/spanish\/wp-json\/wp\/v2\/pages"}],"about":[{"href":"https:\/\/craigswapp.com\/spanish\/wp-json\/wp\/v2\/types\/page"}],"author":[{"embeddable":true,"href":"https:\/\/craigswapp.com\/spanish\/wp-json\/wp\/v2\/users\/2"}],"replies":[{"embeddable":true,"href":"https:\/\/craigswapp.com\/spanish\/wp-json\/wp\/v2\/comments?post=4699"}],"version-history":[{"count":1,"href":"https:\/\/craigswapp.com\/spanish\/wp-json\/wp\/v2\/pages\/4699\/revisions"}],"predecessor-version":[{"id":11300,"href":"https:\/\/craigswapp.com\/spanish\/wp-json\/wp\/v2\/pages\/4699\/revisions\/11300"}],"wp:attachment":[{"href":"https:\/\/craigswapp.com\/spanish\/wp-json\/wp\/v2\/media?parent=4699"}],"curies":[{"name":"wp","href":"https:\/\/api.w.org\/{rel}","templated":true}]}}