{"id":4695,"date":"2016-06-06T17:11:22","date_gmt":"2016-06-06T17:11:22","guid":{"rendered":"http:\/\/craigswapp1.wpengine.com\/?page_id=4695"},"modified":"2021-05-12T13:59:46","modified_gmt":"2021-05-12T13:59:46","slug":"accidente-de-autobus","status":"publish","type":"page","link":"https:\/\/craigswapp.com\/spanish\/accidente-de-autobus\/","title":{"rendered":"Accidente de Autob\u00fas"},"content":{"rendered":"\n<div class=\"graybackground\">\n<p>Como pasajero en un autob\u00fas a menudo bordo y confiamos nuestro conductor de autob\u00fas para llegar a salvo nosotros desde un punto a otro. En realidad, no anticipamos estar en un accidente de autob\u00fas. Usted se sorprender\u00e1 al descubrir con qu\u00e9 frecuencia ocurren <a href=\"https:\/\/www.fmcsa.dot.gov\/safety\/data-and-statistics\/large-truck-and-bus-crash-facts\" target=\"_blank\" rel=\"noopener noreferrer\">accidentes de autob\u00fas<\/a>. Cuando llegan a suceder, es f\u00e1cil olvidar que usted tiene derechos. Los accidentes de autob\u00fas no son s\u00f3lo de los veh\u00edculos implicados, pero tambi\u00e9n afectan a los pasajeros. Tanto si es un pasajero o un participante en un accidente de autob\u00fas, que est\u00e1 directamente afectada y merece la indemnizaci\u00f3n por da\u00f1os y perjuicios. Sentando en un autob\u00fas como pasajero, o sentarse en frente de un autob\u00fas en su propio veh\u00edculo en una intersecci\u00f3n, nunca anticipamos la posibilidad de un accidente de autob\u00fas. Sin embargo, es bueno saber qu\u00e9 hacer en caso de que usted es una v\u00edctima de un accidente de autob\u00fas. Aqu\u00ed hay algunos consejos importantes para asegurarse de que reciba la compensaci\u00f3n que merece.<\/p>\n<h2>Busque atenci\u00f3n m\u00e9dica<\/h2>\n<p>Muchas veces la raz\u00f3n que estamos en un autob\u00fas es porque es parte de nuestra rutina. Si se trata de un autob\u00fas del aeropuerto o un autob\u00fas, confiamos en el conductor del autob\u00fas para cuidar de nosotros. Pero si est\u00e1s en un accidente de autob\u00fas es su trabajo para asegurarse de que usted toma el cuidado de s\u00ed mismo. Cosas tan simples como no llevar el cintur\u00f3n de seguridad puede hacer que un accidente de autob\u00fas puede ser m\u00e1s peligroso que un accidente de coche normal. Debido a esto, es muy importante que despu\u00e9s de estar en un accidente de autob\u00fas que busque atenci\u00f3n m\u00e9dica inmediatamente. No hablar con cualesquiera otros pasajeros acerca de sus lesiones o la suya, solo ver a un m\u00e9dico tan pronto como sea posible. Lo m\u00e1s r\u00e1pido se vea un m\u00e9dico tambi\u00e9n puede afectar a la compensaci\u00f3n que recibe por sus lesiones, y se puede descartar la existencia de graves lesione tales como lesiones cerebrales traum\u00e1ticas (TBI). Lesiones tales como lesi\u00f3n cerebral traum\u00e1tica a menudo puede pasar mucho tiempo sin mostrar s\u00edntomas y realmente pueden poner en peligro su salud. Consulte a un m\u00e9dico y se aferran a cualquier documentaci\u00f3n que le dan a medida que lo necesite en su proceso de reclamaciones.<\/p>\n<h2>\u00bfQu\u00e9 pas\u00f3 en el accidente de autob\u00fas?<\/h2>\n<p>Despu\u00e9s de ver a un m\u00e9dico, el siguiente paso es obtener la mayor cantidad de <a href=\"http:\/\/www.dmv.org\/insurance\/how-to-document-auto-accident-damage.php\" target=\"_blank\" rel=\"noopener noreferrer\">documentaci\u00f3n de su accidente<\/a> que pueda. Si se viaja con alguien que conoces o si hab\u00eda otros veh\u00edculos involucrados, aseg\u00farese de obtener su informaci\u00f3n. Cosas como el n\u00famero de licencia del conductor del autob\u00fas y el de cualquier otro controlador que participan, realmente podr\u00eda hacer una diferencia en el resultado de su reclamaci\u00f3n. La documentaci\u00f3n tambi\u00e9n puede incluir fotos. Si usted es capaz de tomar fotos con la c\u00e1mara del m\u00f3vil o celular, toma tantas fotos para mostrar que paso. El conductor del autob\u00fas est\u00e1 por lo general tiene una cobertura de seguro que incluye todos sus pasajeros, pero a veces la documentaci\u00f3n extra que tiene puede asegurar que recibes lo que mereces. La documentaci\u00f3n es lo que su abogado va a utilizar para probar su caso, y cuanto m\u00e1s tenga, mejor ser\u00e1.<\/p>\n<h2>Sus materias de historia autob\u00fas Accidentes<\/h2>\n<p>Una de las cosas m\u00e1s dif\u00edciles para hacer frente despu\u00e9s de estar en un accidente, es tratando de entender todos los procesos. Hay tantas llamadas telef\u00f3nicas de seguimiento de los seguros, a los m\u00e9dicos e incluso su lugar de trabajo. A veces se trata de todas las consecuencias pueden ser incluso m\u00e1s estresante que el accidente s\u00ed mismo. Especialmente cuando se trata de accidentes de autob\u00fas, los abogados de la compa\u00f1\u00eda parecen estar sentado en el borde del asiento a la espera de llamar y hacer preguntas. Usted se sorprender\u00e1 de c\u00f3mo cada peque\u00f1o detalle que le diga a un agente de seguros o un representante de la compa\u00f1\u00eda de autobuses puede volver a morder. Pero por suerte para usted, usted no est\u00e1 solo. No hay ninguna raz\u00f3n para que pueda manejar el estr\u00e9s de estar en un accidente de autob\u00fas por s\u00ed mismo. Usted no deber\u00eda tener que preocuparse por cada palabra que dices a un representante de la compa\u00f1\u00eda de autobuses en el tel\u00e9fono, y usted no tiene que preocuparse. Su abogado de accidentes de autob\u00fas puede manejar todo. Buscar la ayuda de un abogado de accidente de autob\u00fas con <a href=\"https:\/\/craigswapp.com\/spanish\/es\/\">Craig Swapp Y Asociados<\/a>. \u00a0Ll\u00e1menos r\u00e1pidamente al 855-628-5050 para una consulta gratuita. Deje que su abogado representar a su voz y recuperar la compensaci\u00f3n que merece.<\/p>\n<\/div>\n","protected":false},"excerpt":{"rendered":"<p>Como pasajero en un autob\u00fas a menudo bordo y confiamos nuestro conductor de autob\u00fas para llegar a salvo nosotros desde un punto a otro. En [&hellip;]<\/p>\n","protected":false},"author":2,"featured_media":0,"parent":0,"menu_order":0,"comment_status":"open","ping_status":"open","template":"","meta":{"_acf_changed":false,"inline_featured_image":false,"footnotes":""},"class_list":["post-4695","page","type-page","status-publish","hentry"],"acf":[],"_links":{"self":[{"href":"https:\/\/craigswapp.com\/spanish\/wp-json\/wp\/v2\/pages\/4695","targetHints":{"allow":["GET"]}}],"collection":[{"href":"https:\/\/craigswapp.com\/spanish\/wp-json\/wp\/v2\/pages"}],"about":[{"href":"https:\/\/craigswapp.com\/spanish\/wp-json\/wp\/v2\/types\/page"}],"author":[{"embeddable":true,"href":"https:\/\/craigswapp.com\/spanish\/wp-json\/wp\/v2\/users\/2"}],"replies":[{"embeddable":true,"href":"https:\/\/craigswapp.com\/spanish\/wp-json\/wp\/v2\/comments?post=4695"}],"version-history":[{"count":1,"href":"https:\/\/craigswapp.com\/spanish\/wp-json\/wp\/v2\/pages\/4695\/revisions"}],"predecessor-version":[{"id":11310,"href":"https:\/\/craigswapp.com\/spanish\/wp-json\/wp\/v2\/pages\/4695\/revisions\/11310"}],"wp:attachment":[{"href":"https:\/\/craigswapp.com\/spanish\/wp-json\/wp\/v2\/media?parent=4695"}],"curies":[{"name":"wp","href":"https:\/\/api.w.org\/{rel}","templated":true}]}}