{"id":4439,"date":"2016-05-13T19:35:49","date_gmt":"2016-05-13T19:35:49","guid":{"rendered":"http:\/\/craigswapp1.wpengine.com\/?page_id=4439"},"modified":"2021-05-06T14:48:26","modified_gmt":"2021-05-06T14:48:26","slug":"abogado-accidente-taxi-utah","status":"publish","type":"page","link":"https:\/\/craigswapp.com\/spanish\/abogado-accidente-taxi-utah\/","title":{"rendered":"Abogado de Accidente de Taxi de Salt Lake City"},"content":{"rendered":"<p>\nNo todas las ciudades son lo suficientemente grandes como para tener servicios de taxis. Salt Lake City, Utah, s\u00f3lo pasa a ser lo suficientemente grande como para no tener s\u00f3lo uno o dos servicios de taxi, pero varios. Sin embargo, no todos los servicios que usted puede conseguir un paseo de son en realidad los servicios de taxi. Son lo que se conoce como \u00abpaseo compartido\u00bb servicios. La diferencia no parece significativa para el pasajero promedio, pero cuando se trata de reglamentos y leyes, hay una gran diferencia. De hecho, uno podr\u00eda realmente poner a los pasajeros en mucho m\u00e1s riesgo que el otro, incluso si el servicio es m\u00e1s r\u00e1pido y m\u00e1s conveniente. Cuando la diferencia se hace importante y personal, la gente puede encontrar ayuda con un abogado de accidente de taxi de Salt Lake City.<\/p>\n<h2>Paseo Compartido vs Servicios de Taxi<\/h2>\n<p>Cuando se trata de conseguir un viaje, no hay mucha diferencia entre un servicio de paseo compartido y un servicio de taxi. Cuando se trata de un accidente o la seguridad personal, la diferencia puede ser enorme.\u00a0<a href=\"http:\/\/www.sltrib.com\/news\/1874294-155\/bumpyroadforrideshare\" target=\"_blank\" rel=\"noopener noreferrer\">Compa\u00f1\u00edas de paseo compartido<\/a>\u00a0a veces operan ilegalmente en Salt Lake City. Esto se debe a que no se consideran empresas de taxis. De hecho, dicen simplemente ser una plataforma para ayudar a la gente a encontrar los paseos a los lugares que necesitan ir. Sin embargo, se enumeran y etiquetan como servicios de taxi en las aplicaciones de viajes.<\/p>\n<h2>Requisitos de Seguro por los Taxis<\/h2>\n<p>La diferencia est\u00e1 en algo m\u00e1s que el nombre de la categor\u00eda. Las compa\u00f1\u00edas de taxis deben cumplir con los estrictos est\u00e1ndares de seguros y licencias. Esto les permite hacer verificaciones de antecedentes sobre los empleados y contratar a los conductores que s\u00f3lo cumplen ciertos requisitos. Tambi\u00e9n significa mantener un seguro de responsabilidad comercial. Las empresas de paseo compartido pueden operar sin que se cumplan estas condiciones, lo que significa que los pasajeros no est\u00e1n cubiertos en la medida en que estar\u00edan en un veh\u00edculo comercial. Esto es importante tener en cuenta si usted est\u00e1 en un accidente de taxi y la necesidad de buscar una compensaci\u00f3n por sus lesiones.<\/p>\n<h2>Riesgos de Accidentes de Taxi<\/h2>\n<p>The risk of getting into an accident with a taxicab is higher than it is for getting into an accident with other vehicles. For one thing, taxis only make money when they transport passengers. The faster they get the passenger to where they are going, the more they can make per hour. Tipping for fast service is also an incentive for the driver to drive faster than what might be safe. There is also more risk for accidents in taxis than with other cars just because there are so many taxicabs in Salt Lake City. Further, taxicabs don\u2019t always implement safety measures such as the appropriate <a href=\"http:\/\/www.dmv.org\/ut-utah\/safety-laws.php\" target=\"_blank\" rel=\"noopener noreferrer\">scinturones de seguridad o dispositivos de retenci\u00f3n<\/a>, lo que puede significar que podr\u00eda experimentar lesiones m\u00e1s graves si hay un accidente.<\/p>\n<h2>Riesgo a Taxis y Responsabilidad<\/h2>\n<p>Cualquier pasajero sabe que cuando se meten en un veh\u00edculo, hay alg\u00fan riesgo involucrado. Siempre existe la posibilidad de que ocurra un accidente. Sin embargo, los taxis ofrecen un riesgo adicional en caso de accidente. Cuantas m\u00e1s compa\u00f1\u00edas de taxis de accidentes han presentado contra ellos, m\u00e1s caras son las tarifas de seguros. Tambi\u00e9n puede afectar sus ingresos en general si desarrollan una reputaci\u00f3n de estar en accidentes. Debido a este riesgo, el conductor y la compa\u00f1\u00eda para la que trabaja pueden verse obligados a negar la mayor responsabilidad posible. Esto significa que hacer cosas como los costos m\u00e9dicos cubiertos puede no ser f\u00e1cil para los pasajeros que est\u00e1n en un taxi durante un accidente. En el caso de paseo compartido, se necesita un experto abogado de accidente de taxi de Salt Lake City para trabajar a trav\u00e9s de los detalles de la ley y las responsabilidades.<\/p>\n<h2>Abogados de Accidentes de Taxi de Craig Swapp &amp; Associates<\/h2>\n<p>Los accidentes de taxi pueden ser m\u00e1s complicados que los accidentes de tr\u00e1nsito regulares simplemente por las personas y las empresas involucradas. Necesitar\u00e1 un abogado de accidente de taxi con experiencia para asegurarse de obtener cualquier compensaci\u00f3n que se merece porque las otras personas involucradas no tendr\u00e1n sus mejores intereses en mente. Las compa\u00f1\u00edas de seguros y los conductores no quieren aceptar la responsabilidad por un accidente, y usted no tiene que luchar contra ellos solos.<\/p>\n<p>Si usted o alguien que usted conoce ha estado en un accidente de taxi, aseg\u00farese de tener los abogados adecuados a su lado. Contactar nuestra\u00a0<a href=\"https:\/\/craigswapp.com\/spanish\/contactenos\/\">officina en el web<\/a>\u00a0inmediatamente o llame\u00a0<a href=\"tel:\/\/1-855-628-5050\">(800) 404-9000<\/a>\u00a0por una consulta gratuitua para que le ayudamos.<\/p>\n","protected":false},"excerpt":{"rendered":"<p>No todas las ciudades son lo suficientemente grandes como para tener servicios de taxis. Salt Lake City, Utah, s\u00f3lo pasa a ser lo suficientemente grande [&hellip;]<\/p>\n","protected":false},"author":2,"featured_media":0,"parent":0,"menu_order":0,"comment_status":"closed","ping_status":"closed","template":"","meta":{"_acf_changed":false,"inline_featured_image":false,"footnotes":""},"class_list":["post-4439","page","type-page","status-publish","hentry"],"acf":[],"_links":{"self":[{"href":"https:\/\/craigswapp.com\/spanish\/wp-json\/wp\/v2\/pages\/4439","targetHints":{"allow":["GET"]}}],"collection":[{"href":"https:\/\/craigswapp.com\/spanish\/wp-json\/wp\/v2\/pages"}],"about":[{"href":"https:\/\/craigswapp.com\/spanish\/wp-json\/wp\/v2\/types\/page"}],"author":[{"embeddable":true,"href":"https:\/\/craigswapp.com\/spanish\/wp-json\/wp\/v2\/users\/2"}],"replies":[{"embeddable":true,"href":"https:\/\/craigswapp.com\/spanish\/wp-json\/wp\/v2\/comments?post=4439"}],"version-history":[{"count":1,"href":"https:\/\/craigswapp.com\/spanish\/wp-json\/wp\/v2\/pages\/4439\/revisions"}],"predecessor-version":[{"id":10740,"href":"https:\/\/craigswapp.com\/spanish\/wp-json\/wp\/v2\/pages\/4439\/revisions\/10740"}],"wp:attachment":[{"href":"https:\/\/craigswapp.com\/spanish\/wp-json\/wp\/v2\/media?parent=4439"}],"curies":[{"name":"wp","href":"https:\/\/api.w.org\/{rel}","templated":true}]}}