{"id":4437,"date":"2016-05-13T19:32:53","date_gmt":"2016-05-13T19:32:53","guid":{"rendered":"http:\/\/craigswapp1.wpengine.com\/?page_id=4437"},"modified":"2021-05-10T12:52:36","modified_gmt":"2021-05-10T12:52:36","slug":"abogado-accidente-construccion","status":"publish","type":"page","link":"https:\/\/craigswapp.com\/spanish\/abogado-accidente-construccion\/","title":{"rendered":"Abogado de accidentes de construcci\u00f3n en Salt Lake City"},"content":{"rendered":"<p>\nDebido a la maquinaria y el tipo de trabajo involucrado, hay m\u00faltiples razones por las que puede ocurrir un accidente de construcci\u00f3n. Aquellos que viven en Salt Lake City saben que a medida que la ciudad crece, la construcci\u00f3n se vuelve m\u00e1s com\u00fan. Esto se extiende de las estructuras residenciales a las comerciales. Un accidente puede ocurrir debido a materiales defectuosos, fallos en el protocolo de seguridad, o incluso porque alguien que no est\u00e1 involucrado en la construcci\u00f3n de alguna manera caus\u00f3 un peligro. En cualquier caso, incluso algo tan simple como un peque\u00f1o error humano puede causar un accidente que puede conducir a consecuencias que cambian la vida de alguien. Cuando esto sucede, puede ser beneficioso para ponerse en contacto con un experimentado abogado de accidente de construcci\u00f3n que puede ayudar a navegar lo que a veces es un proceso complicado.<\/p>\n<h2>Responsabilidad individual en accidentes de construcci\u00f3n<\/h2>\n<p>Cada individuo tiene la responsabilidad de cuidar de s\u00ed mismos. El Departamento de Trabajo de los Estados Unidos ha creado herramientas de capacitaci\u00f3n que permiten a los individuos estar mejor informados y capacitados cuando se trata de su seguridad en entornos de trabajo y sitios de construcci\u00f3n. La Administraci\u00f3n de Seguridad Ocupacional y Salud (<a href=\"https:\/\/www.osha.gov\/about.html\" target=\"_blank\" rel=\"noopener noreferrer\">ASOS<\/a>) es el departamento que maneja las clases de seguridad, la capacitaci\u00f3n y la administraci\u00f3n de reglas de seguridad. Aunque los individuos tienen la responsabilidad de seguir las pautas y la capacitaci\u00f3n de ASOS que les dan sus empleadores, es responsabilidad de los empleadores asegurarse de que la informaci\u00f3n y el entrenamiento se transmitan a los empleados al final.<\/p>\n<h2>Uso adecuado del equipo de seguridad para la construcci\u00f3n<\/h2>\n<p>Los empleados tambi\u00e9n tienen una responsabilidad limitada cuando se trata de equipos de seguridad. Si bien una empresa no siempre tiene que proporcionar el equipo, que necesitan para asegurarse de que los empleados son conscientes de los requisitos espec\u00edficos del equipo para un uso seguro. Si se requiere equipo de seguridad, los empleadores tienen que permitir que los empleados tengan acceso a \u00e9l. Tambi\u00e9n tienen la obligaci\u00f3n de asegurarse de que el equipo est\u00e1 en buen estado de funcionamiento. Por ejemplo, un cord\u00f3n de seguridad que tiene un gancho en \u00e9l no es tan seguro de usar como un cable que no tiene un gancho en \u00e9l. Es responsabilidad del empleador abordar estos temas y asegurarse de que est\u00e1n proporcionando a los empleados el ambiente de trabajo m\u00e1s seguro posible. La\u00a0<a href=\"http:\/\/www.laborcommission.utah.gov\/\" target=\"_blank\" rel=\"noopener noreferrer\">Comisi\u00f3n de Trabajo del Estado de Utah<\/a> puede proporcionar m\u00e1s informaci\u00f3n sobre las responsabilidades espec\u00edficas del empleador.<\/p>\n<h2>Efectos a largo plazo de los accidentes de construcci\u00f3n<\/h2>\n<p>Los efectos a largo plazo de una lesi\u00f3n en la construcci\u00f3n no se limitan a los efectos f\u00edsicos. De hecho, a veces los problemas de salud mental que se desarrollan duran m\u00e1s que las lesiones f\u00edsicas. Esto significa que no s\u00f3lo tienes que lidiar con la curaci\u00f3n de tu cuerpo, sino tambi\u00e9n con la recuperaci\u00f3n psicol\u00f3gica, que no siempre es f\u00e1cil. Tanto los procesos de curaci\u00f3n f\u00edsica y mental pueden ser extensos y costosos. Tambi\u00e9n puede conducir a tomar tiempo libre de trabajo y, posiblemente, incluso perder la capacidad de trabajar, al menos en el campo de la construcci\u00f3n. En algunos casos extremos, el trauma de un accidente nunca desaparece, lo que significa que usted se ocupar\u00e1 de los efectos del accidente para el resto de su vida. Si su accidente fue causado por la negligencia de otra persona, las lesiones f\u00edsicas y emocionales que usted experimenta ahora y en el futuro se deben considerar.<\/p>\n<h2>Responsabilidad de la empresa de construcci\u00f3n<\/h2>\n<p>Las empresas de construcci\u00f3n est\u00e1n obligadas a cumplir con ciertas normas. Se les exige que proporcionen capacitaci\u00f3n y equipos y herramientas que funcionen adecuadamente. Tambi\u00e9n necesitan tener un seguro de responsabilidad civil. Este es el seguro que se utilizar\u00e1 si y cuando hay un accidente en un sitio de construcci\u00f3n, independientemente de si el accidente se debi\u00f3 a materiales defectuosos o los consumidores haciendo caso omiso de las se\u00f1ales de advertencia en la carretera.<\/p>\n<h2>\u00bfNecesita un abogado de accidentes de construcci\u00f3n?<\/h2>\n<p>Los accidentes de la construcci\u00f3n t\u00edpicamente implican tratar con un n\u00famero de profesionales, que pueden no tener sus mejores intereses en mente. Para asegurarse de que reciba un trato justo y legal, necesitar\u00e1 un equipo legal experimentado de su parte. Para obtener ayuda para entender y aplicar informaci\u00f3n sobre accidentes de construcci\u00f3n en Salt Lake City, necesitar\u00e1 la asistencia de un experimentado abogado de accidente de construcci\u00f3n en Salt Lake City. Nuestros abogados en Craig Swapp &amp; Associates pueden ayudarle a navegar por el proceso y asegurarse de que recibe cualquier compensaci\u00f3n que se merece.<\/p>\n<p>Contacte nuestra\u00a0<a href=\"https:\/\/craigswapp.com\/spanish\/contactenos\/\">oficina por nuestro sitio web<\/a>\u00a0inmediatamente o llame\u00a0<a href=\"tel:\/\/1-855-628-5050\">855-628-5050<\/a>\u00a0para una consulta gratuita para que podamos ayudar.<\/p>\n<p>&nbsp;<\/p>\n","protected":false},"excerpt":{"rendered":"<p>Debido a la maquinaria y el tipo de trabajo involucrado, hay m\u00faltiples razones por las que puede ocurrir un accidente de construcci\u00f3n. Aquellos que viven [&hellip;]<\/p>\n","protected":false},"author":2,"featured_media":0,"parent":0,"menu_order":0,"comment_status":"closed","ping_status":"closed","template":"","meta":{"_acf_changed":false,"inline_featured_image":false,"footnotes":""},"class_list":["post-4437","page","type-page","status-publish","hentry"],"acf":[],"_links":{"self":[{"href":"https:\/\/craigswapp.com\/spanish\/wp-json\/wp\/v2\/pages\/4437","targetHints":{"allow":["GET"]}}],"collection":[{"href":"https:\/\/craigswapp.com\/spanish\/wp-json\/wp\/v2\/pages"}],"about":[{"href":"https:\/\/craigswapp.com\/spanish\/wp-json\/wp\/v2\/types\/page"}],"author":[{"embeddable":true,"href":"https:\/\/craigswapp.com\/spanish\/wp-json\/wp\/v2\/users\/2"}],"replies":[{"embeddable":true,"href":"https:\/\/craigswapp.com\/spanish\/wp-json\/wp\/v2\/comments?post=4437"}],"version-history":[{"count":2,"href":"https:\/\/craigswapp.com\/spanish\/wp-json\/wp\/v2\/pages\/4437\/revisions"}],"predecessor-version":[{"id":10847,"href":"https:\/\/craigswapp.com\/spanish\/wp-json\/wp\/v2\/pages\/4437\/revisions\/10847"}],"wp:attachment":[{"href":"https:\/\/craigswapp.com\/spanish\/wp-json\/wp\/v2\/media?parent=4437"}],"curies":[{"name":"wp","href":"https:\/\/api.w.org\/{rel}","templated":true}]}}