{"id":4434,"date":"2016-05-13T19:23:13","date_gmt":"2016-05-13T19:23:13","guid":{"rendered":"http:\/\/craigswapp1.wpengine.com\/?page_id=4434"},"modified":"2021-05-06T17:05:52","modified_gmt":"2021-05-06T17:05:52","slug":"lesiones-comunes-accidentes-carros-salt-lake","status":"publish","type":"page","link":"https:\/\/craigswapp.com\/spanish\/abogado-de-accidente-de-carro-en-salt-lake-city\/lesiones-comunes-accidentes-carros-salt-lake\/","title":{"rendered":"Lesiones comunes de accidentes de carros en Salt Lake City"},"content":{"rendered":"<p>\nAccidentes de carros ocurren en muchas carreteras y autopistas casi a diario. Esto significa que de estos accidentes, un gran numero de personas tambi\u00e9n sufren de una serie de lesiones comunes en un accidente de carro en Salt Lake City y potencialmente la muerte.<\/p>\n<p>Cuando estos accidentes son la culpa de alguien mas o ocurren por la negligencia de alguien mas en la carretera, la persona lesionada podr\u00eda tener derecho a una compensaci\u00f3n. En esos casos, un abogado con experiencia de accidentes de carros en Salt Lake City podr\u00eda ayudarle asegurar que sea responsable la persona correcta.<\/p>\n<h2><strong>Lesiones de cuello y latigazo cervical<\/strong><\/h2>\n<p>Una de las lesiones mas comunes de un accidente de carro es whiplash o latigazo cervical. Cuando esta sentado podr\u00e1 notar que la \u00e1rea del cuello no tiene mucho soporte.\u00a0 Las bolsas de aire podr\u00e1n prevenir que sea aventado de un auto, pero no podr\u00e1n prevenir que su cuello y espalda sean sacudidos como pasa durante un accidente moviendo su cabeza r\u00e1pidamente para adelante y para atr\u00e1s.<\/p>\n<p>Este movimiento repentino podr\u00e1 da\u00f1ar los m\u00fasculos y tendones en su cuello asiendo imposible manejar el peso de la cabeza, mucho menos balancearla y moverla como lo aria normalmente. Aunque no muestre se\u00f1as visibles, el latigazo cervical puede causar dolor, perdida de movilidad, y la perdida de tiempo de trabajo y otras actividades.<\/p>\n<h2><strong>Huesos fracturados<\/strong><\/h2>\n<p>Otras lesiones comunes de accidentes de carros en Salt Lake City incluye huesos fracturados . Muchas veces personas sufren de huesos fracturados porque tratan de prepararse para el impacto. Es una reacci\u00f3n natural, aun cuando lleva el cintur\u00f3n de seguridad puesto.<\/p>\n<p>Desafortunadamente, los huesos simplemente no pueden con esa cantidad de presi\u00f3n a la vez. Los huesos tambi\u00e9n se podr\u00edan fracturar si son golpeados con objetos voladores o de un sinn\u00famero de causas durante el accidente.<\/p>\n<h2><strong>Da\u00f1o a los tejidos blandos<\/strong><\/h2>\n<p>Da\u00f1os a los tejidos blandos ocurren cuando la piel es fracturada de algun modo. Esto puede ser algo como una herida perforada o una cortada simple que requiere puntadas. Estas heridas tienden a empeorar despu\u00e9s de varios d\u00edas del accidente porque empiezan a mostrar moretones.<\/p>\n<p>Estas lesiones tambi\u00e9n puede ser dolorosos aun mucho despu\u00e9s de que el accidente haya terminado. Aunque al momento no se miran severas sus heridas, huesos fracturados y otras heridas necesitan ser evaluadas por un profesional medico.<\/p>\n<h2><strong>Lesiones de la medula espinal y lesiones de trauma cerebral<\/strong><\/h2>\n<p>Una de las mas severas lesiones comunes de un accidente de carro en Salt Lake City afecta la medula espinal y el cerebro. Estas lesiones podr\u00e1n llegar a un trauma cerebral (TBI), que podr\u00e1 afectarlo por el resto de su vida.<\/p>\n<p>Hay un alto riesgo de que no podr\u00e1 regresar a trabajar como antes lo hacia o participar en otras actividades por la raz\u00f3n de que estas lesiones ocurren en la medula espinal y el cerebro, y as\u00ed probablemente afectando el bienestar de su familia.<\/p>\n<p>Cuando se trata de lesiones severas, usted no tiene que sufrir por causa de las facturas medicas, lesiones, y efectos de cambio de vida, y podr\u00eda tener derecho a una compensaci\u00f3n para ayudarlo a seguir adelante con su vida.<\/p>\n<h2><strong>Busca atenci\u00f3n medica para lesiones de accidentes de carros<\/strong><\/h2>\n<p>Si usted esta en un accidente de auto y sostiene cualquier tipo de lesiones, es muy importante buscar atenci\u00f3n medica. No se confi\u00e9 en el nivel de dolor para indicar si necesita ayuda.<\/p>\n<p>Cuando su cuerpo pasa por un evento traum\u00e1tico, podr\u00eda llevarlo a un estado de shock cuando menos lo espera. Eso significa que no sentir\u00e1 dolor inmediatamente. Inclusive podr\u00e1 mover partes de su cuerpo que no podr\u00e1 mover mas tarde.<\/p>\n<p>Necesitar\u00e1 buscar atenci\u00f3n medica para saber el grado de sus lesiones y lo que necesita para cuidarse.<\/p>\n<h2><strong>Porque necesita un abogado de accidentes de carros en Salt Lake<\/strong><\/h2>\n<p>Muchas veces, los ajustadores del seguro de auto o abogados del la otra persona ofrecen inmediatamente un arreglo a las victimas de accidentes de auto. Aunque pueda parecer como un gran alivio estas ofertas normalmente no son lo suficiente para cubrir completamente los da\u00f1os y lesiones que usted a sufrido.<\/p>\n<p>De hecho, usted podr\u00eda estar lidiando con haber perdido su empleo y facturas medicas por el resto de su vida. Si usted esta sufriendo de cualquier lesi\u00f3nes com\u00fanes de un accidentes de carros en Salt Lake City, nuestros abogados podr\u00e1n asegurar que usted reciba la compensaci\u00f3n que necesita y merece. Comun\u00edquese con nuestra oficina por internet inmediatamente o ll\u00e1menos al 1-855-628-5050 para una consulta gratis para que podamos ayudarle.<\/p>\n","protected":false},"excerpt":{"rendered":"<p>Accidentes de carros ocurren en muchas carreteras y autopistas casi a diario. Esto significa que de estos accidentes, un gran numero de personas tambi\u00e9n sufren [&hellip;]<\/p>\n","protected":false},"author":2,"featured_media":0,"parent":147,"menu_order":0,"comment_status":"closed","ping_status":"closed","template":"","meta":{"_acf_changed":false,"inline_featured_image":false,"footnotes":""},"class_list":["post-4434","page","type-page","status-publish","hentry"],"acf":[],"_links":{"self":[{"href":"https:\/\/craigswapp.com\/spanish\/wp-json\/wp\/v2\/pages\/4434","targetHints":{"allow":["GET"]}}],"collection":[{"href":"https:\/\/craigswapp.com\/spanish\/wp-json\/wp\/v2\/pages"}],"about":[{"href":"https:\/\/craigswapp.com\/spanish\/wp-json\/wp\/v2\/types\/page"}],"author":[{"embeddable":true,"href":"https:\/\/craigswapp.com\/spanish\/wp-json\/wp\/v2\/users\/2"}],"replies":[{"embeddable":true,"href":"https:\/\/craigswapp.com\/spanish\/wp-json\/wp\/v2\/comments?post=4434"}],"version-history":[{"count":1,"href":"https:\/\/craigswapp.com\/spanish\/wp-json\/wp\/v2\/pages\/4434\/revisions"}],"predecessor-version":[{"id":10809,"href":"https:\/\/craigswapp.com\/spanish\/wp-json\/wp\/v2\/pages\/4434\/revisions\/10809"}],"up":[{"embeddable":true,"href":"https:\/\/craigswapp.com\/spanish\/wp-json\/wp\/v2\/pages\/147"}],"wp:attachment":[{"href":"https:\/\/craigswapp.com\/spanish\/wp-json\/wp\/v2\/media?parent=4434"}],"curies":[{"name":"wp","href":"https:\/\/api.w.org\/{rel}","templated":true}]}}