{"id":4429,"date":"2016-05-13T19:13:43","date_gmt":"2016-05-13T19:13:43","guid":{"rendered":"http:\/\/craigswapp1.wpengine.com\/?page_id=4429"},"modified":"2021-05-06T17:03:36","modified_gmt":"2021-05-06T17:03:36","slug":"causas-comunes","status":"publish","type":"page","link":"https:\/\/craigswapp.com\/spanish\/abogado-de-accidente-de-carro-en-salt-lake-city\/causas-comunes\/","title":{"rendered":"Causas comunes de accidentes de carros en Salt Lake City"},"content":{"rendered":"<p>\nPara que cualquier estado o ciudad haga cualquier cosa para disminuir la posibilidad que sus ciudadanos est\u00e1n en accidentes de carro, primero tienen que ver qu\u00e9 est\u00e1 causando los accidentes. Al igual que la mayor\u00eda de las ciudades, Salt Lake City pista y luego interpreta datos para saber qu\u00e9 causas de accidentes de carros en Salt Lake City son m\u00e1s frecuentes. A continuaci\u00f3n, tratan de tomar medidas para reducir esos n\u00fameros.<\/p>\n<p>A veces esto significa cambiar o agregar leyes. Otras veces significa simplemente aumentar la conciencia de los conductores sobre las causas frecuentes. Lo m\u00e1s importante a recordar es que siempre va a haber una causa principal, pero todav\u00eda es posible reducir la frecuencia de todas las causas en general.<\/p>\n<h2>Comparaci\u00f3n de estad\u00edsticas de accidentes en Salt Lake City<\/h2>\n<p>Un informe preliminar publicado por la Administraci\u00f3n Nacional de Seguridad en el Tr\u00e1fico de Carreteras indica que hubo 35.200 muertes causadas por accidentes automovil\u00edsticos a nivel nacional en 2015. De esas 35.200 muertes, 276 estaban en Utah. Aunque no hay informaci\u00f3n disponible para Salt Lake City en 2015, sin embargo, los datos de 2014 muestran que hubo 17 v\u00edctimas mortales causadas por accidentes de tr\u00e1fico.<\/p>\n<p>A nivel nacional, estatal e incluso a nivel de la ciudad, el n\u00famero de muertes causadas por accidentes automovil\u00edsticos est\u00e1 aumentando, pero el n\u00famero de caracter\u00edsticas de seguridad en los veh\u00edculos tambi\u00e9n est\u00e1 aumentando, lo que podr\u00eda significar que es hora de echar un vistazo a los errores de los conductores.<\/p>\n<h2>Causas mas comunes que involucran una fatalidad<\/h2>\n<p>En Utah, la causa m\u00e1s com\u00fan de un accidente de carro que involucra una fatalidad es el exceso de velocidad, lo cual es un indicio serio de que podr\u00edamos reducir el n\u00famero de muertes en este estado simplemente disminuyendo la velocidad. Debido a que estos n\u00fameros est\u00e1n aumentando en lugar de disminuir, los que viajan en Utah pueden esperar que la polic\u00eda estar\u00e1n muy estricto con la gente que superan el l\u00edmite de velocidad.<\/p>\n<h2>Conducci\u00f3n distra\u00edda es un problema serio en Salt Lake City<\/h2>\n<p>Otra causa de accidentes de carros en aumento es la conducci\u00f3n distra\u00edda. Muchas personas toman sus habilidades de conducci\u00f3n por sentado. Esto es especialmente cierto cuando est\u00e1n en \u00e1reas que con frecuencia viajan. Bromean que el carro puede encontrar su propio camino a casa, pero no es divertido cuando ese carro est\u00e1 involucrado en un accidente que causa lesiones graves o la muerte.<\/p>\n<h2>Distracciones comunes que conducen a accidentes<\/h2>\n<p>Una de las distracciones m\u00e1s encontrada en un carro es un tel\u00e9fono celular. Incluso despu\u00e9s de todas las advertencias, cambios en las leyes y otros esfuerzos, la gente sigue centr\u00e1ndose m\u00e1s en sus tel\u00e9fonos celulares que en el camino. Simplemente no hay texto o llamada telef\u00f3nica que no puede esperar hasta que una persona se termina de conducir.<\/p>\n<p>Adem\u00e1s de mensajes de texto y la conducci\u00f3n, hay otras distracciones, como los ni\u00f1os y mascotas en el carro, lo que puede conducir a graves accidentes de tr\u00e1fico. Recuerde que la seguridad es su prioridad n\u00famero uno. Tambi\u00e9n est\u00e1 poniendo a sus hijos en riesgo cuando se centran en hablar con ellos o mensajes de texto en un tel\u00e9fono celular en lugar de conducir.<\/p>\n<h2>Otras causas comunes de accidentes de carros en Salt Lake City<\/h2>\n<p>Otras causas de accidentes de carro en Salt Lake City incluyen lo siguiente:<\/p>\n<ul>\n<li style=\"font-weight: 400;\">Conducci\u00f3n bajo la influencia de drogas o alcohol<\/li>\n<li style=\"font-weight: 400;\">Fatiga extrema<\/li>\n<li style=\"font-weight: 400;\">Conducci\u00f3n agresiva y rabia en la carretera<\/li>\n<li style=\"font-weight: 400;\">Ignorar los sem\u00e1foros y las se\u00f1ales de trafico<\/li>\n<li style=\"font-weight: 400;\"><a href=\"https:\/\/craigswapp.com\/spanish\/abogado-de-accidente-de-carro-en-salt-lake-city\/causas-comunes\/hombro-salt-lake-city\/\">Dejando un carril<\/a><\/li>\n<\/ul>\n<p>Como puede ver, muchos, si no la mayor\u00eda, de las causas comunes del accidentes de carro en Salt Lake City son completamente evitables. Cuando usted est\u00e1 en un accidente y sufre lesiones debido a la negligencia de otra persona, la situaci\u00f3n puede llegar a ser a\u00fan m\u00e1s estresante y abrumadora que las lesiones en s\u00ed. Es importante que usted tenga un equipo legal a su lado para ayudarlo a superar todo y avanzar de la mejor manera posible.<\/p>\n<h2>Por qu\u00e9 necesita un abogado de accidentes de carros<\/h2>\n<p>Con el fin de reducir el n\u00famero de muertes debido a accidentes de carro en Utah, la gente s\u00f3lo tiene que conducir a una velocidad razonable y centrarse en su conducci\u00f3n m\u00e1s de lo que se centran en cualquier otra cosa. Las causas comunes del accidentes de carro en Salt Lake City pueden cambiar si nuestros h\u00e1bitos cambian.<\/p>\n<p>Sin embargo, no todo el mundo toma la conducci\u00f3n tan seriamente como debe ser tomado, y cuando los conductores negligentes causan lesiones o la muerte, deben ser considerados responsables de sus acciones. Si usted o un ser querido ha estado en un accidente automovil\u00edstico, los abogados de Craig Swapp y Asociados pueden ayudar.<\/p>\n<p>Llame al <a href=\"tel:\/\/1-855-628-5050\">855-628-5050<\/a>\u00a0por una consulta gratuita.<\/p>\n","protected":false},"excerpt":{"rendered":"<p>Para que cualquier estado o ciudad haga cualquier cosa para disminuir la posibilidad que sus ciudadanos est\u00e1n en accidentes de carro, primero tienen que ver [&hellip;]<\/p>\n","protected":false},"author":2,"featured_media":0,"parent":147,"menu_order":0,"comment_status":"closed","ping_status":"closed","template":"","meta":{"_acf_changed":false,"inline_featured_image":false,"footnotes":""},"class_list":["post-4429","page","type-page","status-publish","hentry"],"acf":[],"_links":{"self":[{"href":"https:\/\/craigswapp.com\/spanish\/wp-json\/wp\/v2\/pages\/4429","targetHints":{"allow":["GET"]}}],"collection":[{"href":"https:\/\/craigswapp.com\/spanish\/wp-json\/wp\/v2\/pages"}],"about":[{"href":"https:\/\/craigswapp.com\/spanish\/wp-json\/wp\/v2\/types\/page"}],"author":[{"embeddable":true,"href":"https:\/\/craigswapp.com\/spanish\/wp-json\/wp\/v2\/users\/2"}],"replies":[{"embeddable":true,"href":"https:\/\/craigswapp.com\/spanish\/wp-json\/wp\/v2\/comments?post=4429"}],"version-history":[{"count":1,"href":"https:\/\/craigswapp.com\/spanish\/wp-json\/wp\/v2\/pages\/4429\/revisions"}],"predecessor-version":[{"id":10799,"href":"https:\/\/craigswapp.com\/spanish\/wp-json\/wp\/v2\/pages\/4429\/revisions\/10799"}],"up":[{"embeddable":true,"href":"https:\/\/craigswapp.com\/spanish\/wp-json\/wp\/v2\/pages\/147"}],"wp:attachment":[{"href":"https:\/\/craigswapp.com\/spanish\/wp-json\/wp\/v2\/media?parent=4429"}],"curies":[{"name":"wp","href":"https:\/\/api.w.org\/{rel}","templated":true}]}}