{"id":4427,"date":"2016-05-13T19:02:10","date_gmt":"2016-05-13T19:02:10","guid":{"rendered":"http:\/\/craigswapp1.wpengine.com\/?page_id=4427"},"modified":"2021-05-10T13:08:03","modified_gmt":"2021-05-10T13:08:03","slug":"abogado-accidentes-camiones-boise","status":"publish","type":"page","link":"https:\/\/craigswapp.com\/spanish\/abogado-lesiones-personales-boise\/abogado-accidentes-camiones-boise\/","title":{"rendered":"Abogado de accidentes de camiones en Boise"},"content":{"rendered":"<p>\n<img loading=\"lazy\" decoding=\"async\" class=\"alignright wp-image-4605 \" src=\"https:\/\/craigswapp.com\/spanish\/wp-content\/uploads\/2016\/05\/Spokane-Car-Truck-Crash-Highlights-Risk-e1468528214642.jpg\" alt=\"Boise Truck Accident Lawyer\" width=\"272\" height=\"197\" srcset=\"https:\/\/craigswapp.com\/spanish\/wp-content\/uploads\/2016\/05\/Spokane-Car-Truck-Crash-Highlights-Risk-e1468528214642.jpg 400w, https:\/\/craigswapp.com\/spanish\/wp-content\/uploads\/2016\/05\/Spokane-Car-Truck-Crash-Highlights-Risk-e1468528214642-300x218.jpg 300w\" sizes=\"auto, (max-width: 272px) 100vw, 272px\" \/>Veh\u00edculos comerciales como los semi-camiones y otros camiones grandes son enormes en comparaci\u00f3n con el t\u00edpico carro con pasajeros o motocicleta. Debido a esto, no es ninguna sorpresa que las v\u00edctimas golpeadas por uno de estos veh\u00edculos comerciales incurren frecuentemente en lesiones significativas y da\u00f1o tremendo del veh\u00edculo. Lesiones serias requieren una representaci\u00f3n legal seria, as\u00ed que aseg\u00farese de ponerse en contacto con un abogado de accidentes de camiones en Boise de Craig Swapp &amp; Associates si usted ha sido la v\u00edctima en uno de estos accidentes.<\/p>\n<p>Los gastos m\u00e9dicos y otros da\u00f1os que podr\u00edan resultar de un accidente de cami\u00f3n f\u00e1cilmente podr\u00eda dejarle ahogado en deuda, pero cuando no ten\u00eda la culpa, tiene opciones para recuperar la compensaci\u00f3n por lo que ha pasado.<\/p>\n<p>&nbsp;<\/p>\n<h2>Lesiones por accidentes de camiones<\/h2>\n<p>En comparaci\u00f3n con los accidentes que afectan s\u00f3lo a los veh\u00edculos de pasajeros, como los autom\u00f3viles y las camionetas, los desechos que afectan a los veh\u00edculos de 18 ruedas tienden a implicar una incidencia mucho mayor de lesiones catastr\u00f3ficas y muertes. Su grado de lesi\u00f3n, sus efectos sobre usted, y el tratamiento que requiere determinar\u00e1 una gran cantidad de la compensaci\u00f3n que usted es elegible para recibir.<\/p>\n<p>A continuaci\u00f3n se detalla una lista de posibles lesiones que su abogado de accidente de camiones en Boise se experimentar\u00e1 con:<\/p>\n<ul>\n<li><a href=\"https:\/\/craigswapp.com\/spanish\/abogado-lesiones-personales-boise\/abogado-lesiones-columna-vertebral-boise\/\">Lesiones en la columna vertebral<\/a>\u00a0\u2013 Una lesi\u00f3n grave en la espalda podr\u00eda incluir v\u00e9rtebras da\u00f1adas, una m\u00e9dula espinal cortada, discos herniados y varias otras posibilidades. Estas lesiones a menudo terminan en disminuci\u00f3n de la movilidad y, a veces, par\u00e1lisis completa o parcial.<\/li>\n<li>Huesos rotos y fracturados &#8211; Las roturas m\u00faltiples y las fracturas son comunes en los accidentes de camiones. A veces hasta los huesos triturados que requieren pinzas y tornillos establecidos quir\u00fargicamente se producen.<\/li>\n<li><a href=\"https:\/\/craigswapp.com\/spanish\/spokane\/abogado-accidentes-camiones-spokane\/abogado-lesiones-cerebrales-accidentes-camiones-spokane\/\">Lesiones Cerebrales<\/a>\u00a0\u2013 Las conmociones cerebrales, las contusiones y otras lesiones cerebrales traum\u00e1ticas son comunes a los naufragios de 18 ruedas. Su abogado de accidentes de camiones en Boise le ayudar\u00e1 a evaluar c\u00f3mo su lesi\u00f3n cerebral afectar\u00e1 su vida para que pueda ser compensado de manera justa.<\/li>\n<li>Trauma emocional \u2013 Debido a que los accidentes de camiones son eventos tan ca\u00f3ticos y aterradores, los trastornos emocionales como el trastorno de estr\u00e9s postraum\u00e1tico (TEPT), la ansiedad y la depresi\u00f3n son frecuentemente expuestos por las v\u00edctimas de accidentes.<\/li>\n<li><a href=\"https:\/\/craigswapp.com\/spanish\/abogado-lesiones-personales-boise\/abogado-accidentes-camiones-boise\/muerte-injusta-accidentes-camiones-boise\/\">Muerte injusta<\/a>\u00a0\u2013 As\u00ed como el riesgo de lesiones graves en un accidente de cami\u00f3n comercial es alto, tambi\u00e9n lo es el riesgo de una lesi\u00f3n mortal. Si su ser querido muri\u00f3 en uno de estos accidentes, un abogado de accidentes de camiones en Boise de nuestra oficina puede determinar si califica para presentar una demanda por muerte por negligencia.<\/li>\n<\/ul>\n<p>&nbsp;<\/p>\n<h2>Multiples personas pueden haber estado en falta<\/h2>\n<p>Antes de que podamos obtener una compensaci\u00f3n financiera mediante una reclamaci\u00f3n por lesiones personales, primero debemos determinar con precisi\u00f3n qui\u00e9n caus\u00f3 el accidente. Una de las partes m\u00e1s dif\u00edciles de litigar una demanda de accidente de cami\u00f3n es el hecho de que m\u00e1s de una parte puede haber sido culpable y la culpa no siempre es obvio.<\/p>\n<p>Al trabajar con un abogado de accidentes de camiones en Boise, usted ser\u00e1 capaz de buscar la restituci\u00f3n de todas las entidades que desempe\u00f1aron un papel en lo que ocurri\u00f3. Dependiendo de las circunstancias de su accidente, estas son s\u00f3lo algunas de las posibles partes en falta:<\/p>\n<ul>\n<li>El conductor del cami\u00f3n si distra\u00eddo, cansado o conducir ebrio estaban involucrados<\/li>\n<li>El conductor de otro veh\u00edculo de pasajeros<\/li>\n<li>La compa\u00f1\u00eda de camiones si el mantenimiento inadecuado o las pobres pr\u00e1cticas de negocios eran culpables<\/li>\n<li>Un fabricante de piezas si una pieza de cami\u00f3n defectuosa fall\u00f3<\/li>\n<li>La empresa que carg\u00f3 la carga si se desat\u00f3<\/li>\n<li>Una entidad gubernamental si un camino peligroso fue la causa ra\u00edz<\/li>\n<\/ul>\n<p>&nbsp;<\/p>\n<h2>El tipo de accidente de cami\u00f3n es importante<\/h2>\n<p><img loading=\"lazy\" decoding=\"async\" class=\"alignright wp-image-1671 \" src=\"https:\/\/craigswapp.com\/spanish\/wp-content\/uploads\/2015\/03\/Unknown.jpeg\" alt=\"Boise Truck Accident Lawyer 2\" width=\"251\" height=\"166\" \/>Su abogado de accidentes de camiones en Boise tambi\u00e9n tendr\u00e1 que saber exactamente qu\u00e9 tipo de accidente que experiment\u00f3. Esto normalmente implicar\u00e1 una investigaci\u00f3n completa del accidente, y tambi\u00e9n proporcionar\u00e1 una gran cantidad de evidencia que demuestre qui\u00e9n fue responsable y c\u00f3mo.<\/p>\n<p>Adem\u00e1s de colisiones frontales, vuelcos y otros tipos de accidentes com\u00fanmente vistos en los veh\u00edculos de pasajeros, los camiones grandes tienen algunos tipos de accidentes \u00fanicos. Las cargas perdidas, por ejemplo, ocurren cuando la carga se carga incorrectamente o no se asegura, dando por resultado la carga que suelta y aterrizando en la manera del tr\u00e1fico que se acerca. De manera similar, una sobrecarga significa que el cami\u00f3n transportaba carga m\u00e1s all\u00e1 de su capacidad. Los estallidos de neum\u00e1ticos y otros fallos estructurales ocurren en estos casos, lo que conduce a que el cami\u00f3n pierda el control y cause un accidente.<\/p>\n<p>Otros accidentes, por otro lado, se producen cuando un camionero frena incorrectamente y el remolque se detiene en un \u00e1ngulo de 90 grados a la cabina del cami\u00f3n. Hay un otro tipo de accidente causado a veces por el frenado. En estos accidentes, un veh\u00edculo de pasajeros se acu\u00f1a bajo el cami\u00f3n o su remolque.<\/p>\n<p>Finalmente, en los accidentes de giro de la vuelta, el camionero entra en otro carril para hacer una vuelta ancha, pero o bien no comprueba las ciegas del cami\u00f3n primero o no comunica correctamente la maniobra a otros conductores. Sea cual sea su tipo de accidente, su abogado de accidentes de camiones en Boise le ayudar\u00e1 a determinar qu\u00e9 eventos tuvieron lugar.<\/p>\n<p>&nbsp;<\/p>\n<h2>Usted merece compensaci\u00f3n<\/h2>\n<p>Despu\u00e9s de que se haya determinado la falla, su abogado de accidentes de camiones en Boise trabajar\u00e1 con sus proveedores de atenci\u00f3n m\u00e9dica para realizar una evaluaci\u00f3n del valor monetario de su reclamo. Adem\u00e1s de las p\u00e9rdidas financieras m\u00e1s obvias, como las facturas de los m\u00e9dicos, usted tambi\u00e9n necesita ser compensado por los da\u00f1os menos evidentes que no tienen cantidades de d\u00f3lares disponibles.<\/p>\n<p>Los da\u00f1os que debe ser compensado incluyen todos los siguientes elementos:<\/p>\n<ul>\n<li>Gastos de salud, incluyendo facturas m\u00e9dicas actuales y futuras<\/li>\n<li>Terapia para trauma emocional<\/li>\n<li>Servicios de rehabilitaci\u00f3n f\u00edsica<\/li>\n<li>Ingresos y salarios perdidos<\/li>\n<li>Reparaci\u00f3n, modificaci\u00f3n o reemplazo de veh\u00edculos<\/li>\n<li>Gastos relacionados con la contrataci\u00f3n de cuidadores y transporte<\/li>\n<li>P\u00e9rdida de consorcio si su matrimonio o relaciones personales se han tensado<\/li>\n<li>Dolor y sufrimiento<\/li>\n<\/ul>\n<p>Cada manera que su accidente de cami\u00f3n ha afectado su vida debe ser compensado. Su abogado de accidentes de camiones en Boise trabajar\u00e1 con usted para documentar c\u00f3mo su vida ha cambiado a ra\u00edz del accidente.<\/p>\n<p>&nbsp;<\/p>\n<h2>Accidentes de camiones en Boise &#8211; preguntas frecuentes<\/h2>\n<p>Muchas v\u00edctimas del accidente de 18 ruedas tienen preguntas similares entre s\u00ed. En esta secci\u00f3n, respondemos a algunas de las consultas que vemos con m\u00e1s frecuencia. Para obtener informaci\u00f3n m\u00e1s detallada como se aplica a su caso, por favor llame a nuestra oficina y hablar con un abogado de accidentes de camiones en Boise.<\/p>\n<h3>\u00bfQui\u00e9n tiene la culpa si un estallido de un neum\u00e1tico de cami\u00f3n caus\u00f3 mi accidente?<\/h3>\n<p>Se necesitar\u00e1 una investigaci\u00f3n para establecer la causa de la explosi\u00f3n. El fabricante del neum\u00e1tico podr\u00eda ser culpable si el neum\u00e1tico estaba mal hecho o dise\u00f1ado. El camionero o la empresa de camiones puede ser culpable si la causa era un problema de mantenimiento. Si el cami\u00f3n estaba sobrecargado con demasiada carga, quien realizara la carga ser\u00eda responsable.<\/p>\n<h3>Si me hirieron en un hit-and-run con un semi, \u00bfel camionero ser\u00e1 culpable?<\/h3>\n<p>Normalmente, se supone que el conductor que huye est\u00e1 admitiendo la culpa dejando la escena en un hit-and run. Sin embargo, es posible que un cami\u00f3n de gran tama\u00f1o para golpear a otro veh\u00edculo y no ser conscientes de ello. Si el conductor debe haber sido consciente del accidente tendr\u00e1 que ser determinado, as\u00ed como la causa real de la ruina.<\/p>\n<h3>\u00bfC\u00f3mo puedo demostrar que un camionero se durmi\u00f3 al volante?<\/h3>\n<p>La conducci\u00f3n fatigada es una causa com\u00fan de accidentes de camiones, pero dif\u00edcil de probar. Sin embargo, la cantidad de horas que un camionero puede conducir consecutivamente es limitada. Los registros de descanso y otra documentaci\u00f3n pueden proveernos con evidencia adecuada para demostrar la probabilidad de que la fatiga del conductor sea un factor.<\/p>\n<p>&nbsp;<\/p>\n<h2>Ayuda de un abogado de accidentes de camiones en Boise<\/h2>\n<p>Un accidente de cami\u00f3n puede cambiar su vida f\u00e1cilmente, pero no necesita ponerle en deudas. Al buscar la compensaci\u00f3n a trav\u00e9s de una demanda por lesiones personales con la ayuda de Craig Swapp &amp; Associates, puede recibir los fondos que necesita para asegurar el futuro y el bienestar de su familia.<\/p>\n<p>Nuestros abogados trabajan duro para lograr los mejores resultados posibles para nuestros clientes. Para programar una cita gratis y sin compromiso con un abogado de accidentes de camiones en Boise, llame al 855-628-5050 o complete el siguiente formulario.<\/p>\n<p>&nbsp;<\/p>\n","protected":false},"excerpt":{"rendered":"<p>Veh\u00edculos comerciales como los semi-camiones y otros camiones grandes son enormes en comparaci\u00f3n con el t\u00edpico carro con pasajeros o motocicleta. Debido a esto, no [&hellip;]<\/p>\n","protected":false},"author":2,"featured_media":0,"parent":3705,"menu_order":0,"comment_status":"closed","ping_status":"closed","template":"","meta":{"_acf_changed":false,"inline_featured_image":false,"footnotes":""},"class_list":["post-4427","page","type-page","status-publish","hentry"],"acf":[],"_links":{"self":[{"href":"https:\/\/craigswapp.com\/spanish\/wp-json\/wp\/v2\/pages\/4427","targetHints":{"allow":["GET"]}}],"collection":[{"href":"https:\/\/craigswapp.com\/spanish\/wp-json\/wp\/v2\/pages"}],"about":[{"href":"https:\/\/craigswapp.com\/spanish\/wp-json\/wp\/v2\/types\/page"}],"author":[{"embeddable":true,"href":"https:\/\/craigswapp.com\/spanish\/wp-json\/wp\/v2\/users\/2"}],"replies":[{"embeddable":true,"href":"https:\/\/craigswapp.com\/spanish\/wp-json\/wp\/v2\/comments?post=4427"}],"version-history":[{"count":1,"href":"https:\/\/craigswapp.com\/spanish\/wp-json\/wp\/v2\/pages\/4427\/revisions"}],"predecessor-version":[{"id":10912,"href":"https:\/\/craigswapp.com\/spanish\/wp-json\/wp\/v2\/pages\/4427\/revisions\/10912"}],"up":[{"embeddable":true,"href":"https:\/\/craigswapp.com\/spanish\/wp-json\/wp\/v2\/pages\/3705"}],"wp:attachment":[{"href":"https:\/\/craigswapp.com\/spanish\/wp-json\/wp\/v2\/media?parent=4427"}],"curies":[{"name":"wp","href":"https:\/\/api.w.org\/{rel}","templated":true}]}}