{"id":4421,"date":"2016-05-13T18:53:06","date_gmt":"2016-05-13T18:53:06","guid":{"rendered":"http:\/\/craigswapp1.wpengine.com\/?page_id=4421"},"modified":"2021-05-10T13:21:50","modified_gmt":"2021-05-10T13:21:50","slug":"abogado-transporte-publico-accidentes-boise","status":"publish","type":"page","link":"https:\/\/craigswapp.com\/spanish\/abogado-lesiones-personales-boise\/abogado-transporte-publico-accidentes-boise\/","title":{"rendered":"Abogado de accidentes de transporte p\u00fablico en Boise"},"content":{"rendered":"<p>\nCuando se trata de transporte p\u00fablico en Boise, Idaho, existen pautas y regulaciones estrictas. El transporte p\u00fablico en cualquier estado debe cumplir con las leyes y pautas establecidas por el Departamento de Transporte de los Estados Unidos (DOT). Incluso el equipo tiene que pasar una inspecci\u00f3n DOT de forma regular. Los conductores deben llevar una licencia especial, y el veh\u00edculo tendr\u00e1 un n\u00famero DOT asignado a fin de rastrear inspecciones, permisos y otros detalles.<\/p>\n<h2>\u00bfQui\u00e9n tiene la culpa en accidentes de transporte p\u00fablico?<\/h2>\n<p>Ninguna de estas regulaciones significa que ni el conductor ni el veh\u00edculo necesariamente estar\u00e1n libres de fallas en el caso de un accidente. Un conductor o veh\u00edculo que pas\u00f3 la inspecci\u00f3n DOT en el momento de la inspecci\u00f3n puede no pasarlo luego, y los conductores cometen errores. Pero dado que los accidentes con el transporte p\u00fablico pueden involucrar a equipos de abogados y entidades gubernamentales, puede ser \u00fatil contar con la gu\u00eda de un abogado de accidentes de transporte p\u00fablico en Boise de Craig Swapp &amp; Associates. Nuestros abogados pueden examinar los detalles de su accidente y ayudarlo a determinar exactamente qui\u00e9n es el culpable.<\/p>\n<h2>Documentando accidentes en Idaho<\/h2>\n<p>Los conductores que son contratados con el prop\u00f3sito de transportar al p\u00fablico deben someterse a pruebas y ex\u00e1menes f\u00edsicos detallados para asegurarse de que sean lo suficientemente capaces y responsables como para transportar personas de un lugar a otro. En otras palabras, el hecho de que fueron contratados significa que son confiables. Si nada m\u00e1s, esta es una raz\u00f3n para asegurarse de que cada detalle del accidente est\u00e9 documentado. Afortunadamente, el estado de Idaho y, m\u00e1s espec\u00edficamente, el Departamento de Transporte de Idaho pueden ayudar. Han instalado numerosas c\u00e1maras en todo el estado para observar las acciones tomadas en algunas de las \u00e1reas m\u00e1s transitadas de Idaho. Estos videos de las carreteras de Idaho pueden proporcionar evidencia visual si surge la necesidad, y un abogado de accidentes de transporte p\u00fablico en Boise le puede ayudar.<\/p>\n<h2>Riesgos de lesiones en accidentes con transporte p\u00fablico<\/h2>\n<p>La f\u00edsica b\u00e1sica le dice que cuanto m\u00e1s grande es el objeto con el que tiene una colisi\u00f3n, m\u00e1s posibilidades hay de una lesi\u00f3n grave. Esto es cierto ya sea que conduzca un autom\u00f3vil, camine por la calle o conduzca una motocicleta. Afortunadamente, el transporte p\u00fablico tiene un elemento que puede limitar las lesiones: hacen paradas m\u00e1s frecuentes debido a la naturaleza del transporte, que a menudo significa velocidades mucho m\u00e1s lentas en el camino que otros veh\u00edculos. Sin embargo, las lesiones graves e incluso la muerte pueden ser el resultado de un accidente con un veh\u00edculo involucrado en el transporte p\u00fablico.<\/p>\n<h2>Qu\u00e9 hacer despu\u00e9s de un accidente<\/h2>\n<p>Al igual que con cualquier otro tipo de accidente de tr\u00e1fico, es importante que no abandone la escena antes de que llegue la polic\u00eda. Incluso si no hay da\u00f1os, las autoridades pueden querer hablar con usted para averiguar qu\u00e9 pas\u00f3 desde su punto de vista. Esto es para prop\u00f3sitos legales y de seguimiento. Cuando se trata de empleados y transporte p\u00fablico, el estado tiene la obligaci\u00f3n de asegurarse de que los pasajeros y otros conductores est\u00e9n lo m\u00e1s seguros posible cuando est\u00e1n en la carretera.<\/p>\n<p>Despu\u00e9s de hablar con la polic\u00eda, es probable que necesite ver a un profesional m\u00e9dico. Puede lastimarse incluso si no se da cuenta, y podr\u00eda sufrir lesiones que no son evidentes al principio. Tambi\u00e9n debe consultar a un abogado de accidentes de transporte p\u00fablico en Boise para que lo ayude a determinar la mejor manera de seguir adelante. Si se lesiona en un accidente, podr\u00eda tener derecho a una compensaci\u00f3n por sus lesiones, especialmente si el accidente fue causado por la negligencia de otra persona, ya sea el proveedor de transporte p\u00fablico, el conductor u otra persona en el camino.<\/p>\n<h2>Craig Swapp &amp; Associates puede ayudarle<\/h2>\n<p>Los accidentes de transporte p\u00fablico pueden complicarse, especialmente cuando se trata de garantizar que las personas correctas sean responsables. Nuestros abogados no solo tienen experiencia, sino que tambi\u00e9n est\u00e1n decididos a ayudarlo a recuperar la mayor cantidad de compensaci\u00f3n posible. Si se ha lesionado en un accidente de transporte p\u00fablico, no arriesgue su salud y su bienestar, ahora y en el futuro, intentando navegar solo por el proceso. Un abogado de accidentes de transporte p\u00fablico en Boise de Craig Swapp &amp; Associates pueden ayudar. P\u00f3ngase en contacto con nuestra oficina inmediatamente por sitio web o llame al 800-404-9000 para una consulta gratuita para que podamos ayudarle.<\/p>\n","protected":false},"excerpt":{"rendered":"<p>Cuando se trata de transporte p\u00fablico en Boise, Idaho, existen pautas y regulaciones estrictas. El transporte p\u00fablico en cualquier estado debe cumplir con las leyes [&hellip;]<\/p>\n","protected":false},"author":2,"featured_media":0,"parent":3705,"menu_order":0,"comment_status":"closed","ping_status":"closed","template":"","meta":{"_acf_changed":false,"inline_featured_image":false,"footnotes":""},"class_list":["post-4421","page","type-page","status-publish","hentry"],"acf":[],"_links":{"self":[{"href":"https:\/\/craigswapp.com\/spanish\/wp-json\/wp\/v2\/pages\/4421","targetHints":{"allow":["GET"]}}],"collection":[{"href":"https:\/\/craigswapp.com\/spanish\/wp-json\/wp\/v2\/pages"}],"about":[{"href":"https:\/\/craigswapp.com\/spanish\/wp-json\/wp\/v2\/types\/page"}],"author":[{"embeddable":true,"href":"https:\/\/craigswapp.com\/spanish\/wp-json\/wp\/v2\/users\/2"}],"replies":[{"embeddable":true,"href":"https:\/\/craigswapp.com\/spanish\/wp-json\/wp\/v2\/comments?post=4421"}],"version-history":[{"count":1,"href":"https:\/\/craigswapp.com\/spanish\/wp-json\/wp\/v2\/pages\/4421\/revisions"}],"predecessor-version":[{"id":10961,"href":"https:\/\/craigswapp.com\/spanish\/wp-json\/wp\/v2\/pages\/4421\/revisions\/10961"}],"up":[{"embeddable":true,"href":"https:\/\/craigswapp.com\/spanish\/wp-json\/wp\/v2\/pages\/3705"}],"wp:attachment":[{"href":"https:\/\/craigswapp.com\/spanish\/wp-json\/wp\/v2\/media?parent=4421"}],"curies":[{"name":"wp","href":"https:\/\/api.w.org\/{rel}","templated":true}]}}