{"id":4420,"date":"2016-05-13T18:47:57","date_gmt":"2016-05-13T18:47:57","guid":{"rendered":"http:\/\/craigswapp1.wpengine.com\/?page_id=4420"},"modified":"2021-05-10T13:26:28","modified_gmt":"2021-05-10T13:26:28","slug":"responsablilidad-del-producto-boise","status":"publish","type":"page","link":"https:\/\/craigswapp.com\/spanish\/abogado-lesiones-personales-boise\/responsablilidad-del-producto-boise\/","title":{"rendered":"Abogado de responsabilidad del producto en Boise"},"content":{"rendered":"<p>\nEl mundo de hoy se ha convertido en una sociedad desechable. Si un producto ya no funciona o si causa da\u00f1o a una persona u otro objeto, las personas tienden a tirarlo. Si bien eso elimina el producto defectuoso, no reemplaza ni repara el da\u00f1o que se caus\u00f3 ni responsabiliza a las personas y las empresas por su papel en la creaci\u00f3n y distribuci\u00f3n de un producto defectuoso. Cada producto tiene un per\u00edodo de tiempo esperado en el que deber\u00eda estar seguro y funcionando. Un abogado con experiencia en responsabilidad legal por productos de Boise puede ayudarlo a comprender que existen riesgos al no responsabilizar a los fabricantes y las compa\u00f1\u00edas cuando sus productos causan lesiones y enfermedades. Cuando las compa\u00f1\u00edas no son responsables por sus materiales defectuosos, producci\u00f3n o m\u00e9todos de mercadeo, contin\u00faan produciendo productos da\u00f1inos y los productos contin\u00faan causando da\u00f1o.<\/p>\n<h2>\u00bfQu\u00e9 es la responsabilidad del producto?<\/h2>\n<p>Debido a que estos tipos de casos pueden ser complicados y variar mucho, una descripci\u00f3n de la responsabilidad del producto y sus elementos no es ni breve ni simple. B\u00e1sicamente, hay tres escenarios posibles en un caso de responsabilidad del producto cuando se trata de defectos de dise\u00f1o, defectos de fabricaci\u00f3n o defectos de comercializaci\u00f3n. Lo que esto significa es que las empresas tienen la responsabilidad ante los consumidores de asegurarse de que todos los elementos de su producto den como resultado un uso seguro para el consumidor. Tambi\u00e9n deben ser sinceros sobre lo que el producto puede hacer y lo que el consumidor puede esperar razonablemente.<\/p>\n<p>Esto es para proporcionar pautas en las que los consumidores puedan confiar, as\u00ed como evitar que las empresas anuncien, por ejemplo, que una correa puede contener 500 libras de peso muerto cuando solo puede contener cincuenta. Cuando la correa se rompe porque estaba sobrecargada y el consumidor resulta herido o da\u00f1ado, la empresa puede verse envuelta en una demanda por responsabilidad del producto y responsable de esas lesiones y da\u00f1os simplemente por hacer reclamos falsos o desinformados.<\/p>\n<h2>La vida \u00fatil y segura de un producto<\/h2>\n<p>Existen leyes federales que rigen la responsabilidad del producto, pero los estados tambi\u00e9n pueden hacer sus propias leyes y enmiendas. Idaho tiene algunas definiciones y cronogramas espec\u00edficos cuando se trata de la responsabilidad del producto, com\u00fanmente conocida como la \u00abvida segura \u00fatil\u00bb del producto. Estas pautas se utilizan para establecer los l\u00edmites de cu\u00e1nto tiempo un producto debe considerarse \u00fatil.<\/p>\n<p>A menos que el fabricante especifique lo contrario, la ley de Idaho considera que la vida \u00fatil de un producto es de diez a\u00f1os a partir de la fecha de recepci\u00f3n. Sin embargo, hay ciertas excepciones. Por ejemplo, si el producto ten\u00eda una falla que no se notar\u00eda a trav\u00e9s del uso promedio de una persona promedio de inteligencia promedio dentro de diez a\u00f1os, a\u00fan puede calificar para una demanda de responsabilidad por productos defectuosos. Del mismo modo, si el da\u00f1o causado no se not\u00f3 dentro de diez a\u00f1os.<\/p>\n<h2>Estatuto de limitaciones para casos de responsabilidad del producto<\/h2>\n<p>La mayor\u00eda de los casos de lesiones vienen con un estatuto de limitaciones que determina cu\u00e1nto tiempo tiene despu\u00e9s del incidente para presentar un reclamo o buscar da\u00f1os y perjuicios. En los casos de responsabilidad del producto, el consumidor tiene la responsabilidad de abordar el problema dentro de un per\u00edodo de tiempo razonable. En Idaho, esta cantidad de tiempo se limita a dos a\u00f1os despu\u00e9s del descubrimiento. Esto evita que los da\u00f1os sean demasiado extremos debido al tiempo esperado para abordarlos, en lugar del producto en s\u00ed. Por ejemplo, si las tejas del techo de un porche son defectuosas, y el propietario espera diez a\u00f1os para resolver el problema, todo el porche podr\u00eda terminar siendo destruido en lugar de una peque\u00f1a porci\u00f3n. Este da\u00f1o mayor podr\u00eda haberse evitado si se hubiera abordado antes.<\/p>\n<h2>Por qu\u00e9 necesita un abogado de responsabilidad\u00a0del producto<\/h2>\n<p>Los casos de responsabilidad por productos defectuosos pueden ser dif\u00edciles y complicados porque es posible que tenga que tratar con un equipo de abogados corporativos, empresas, fabricantes y minoristas. Las personas involucradas no tendr\u00e1n sus mejores intereses en mente, sino m\u00e1s bien los de la compa\u00f1\u00eda y el producto. En Craig Swapp &amp; Associates, un abogado del responsabilidad del producto en Boise no se dejar\u00e1n intimidar ni se dejar\u00e1n influenciar por los representantes del otro lado. Podemos ayudarlo a encontrar la mejor manera de avanzar y garantizar que obtenga la compensaci\u00f3n que merece.<\/p>\n<p>Si usted o alguien que usted conoce se ha lesionado o se ha enfermado debido a un producto o informaci\u00f3n err\u00f3nea que le dio un fabricante del producto, podr\u00eda tener derecho a una compensaci\u00f3n por sus lesiones. P\u00f3ngase en contacto con nuestra oficina por sitio web inmediatamente o llame al (800) 404-9000 para una consulta gratuita para que podamos ayudarlo.<\/p>\n","protected":false},"excerpt":{"rendered":"<p>El mundo de hoy se ha convertido en una sociedad desechable. Si un producto ya no funciona o si causa da\u00f1o a una persona u [&hellip;]<\/p>\n","protected":false},"author":2,"featured_media":0,"parent":3705,"menu_order":0,"comment_status":"closed","ping_status":"closed","template":"","meta":{"_acf_changed":false,"inline_featured_image":false,"footnotes":""},"class_list":["post-4420","page","type-page","status-publish","hentry"],"acf":[],"_links":{"self":[{"href":"https:\/\/craigswapp.com\/spanish\/wp-json\/wp\/v2\/pages\/4420","targetHints":{"allow":["GET"]}}],"collection":[{"href":"https:\/\/craigswapp.com\/spanish\/wp-json\/wp\/v2\/pages"}],"about":[{"href":"https:\/\/craigswapp.com\/spanish\/wp-json\/wp\/v2\/types\/page"}],"author":[{"embeddable":true,"href":"https:\/\/craigswapp.com\/spanish\/wp-json\/wp\/v2\/users\/2"}],"replies":[{"embeddable":true,"href":"https:\/\/craigswapp.com\/spanish\/wp-json\/wp\/v2\/comments?post=4420"}],"version-history":[{"count":2,"href":"https:\/\/craigswapp.com\/spanish\/wp-json\/wp\/v2\/pages\/4420\/revisions"}],"predecessor-version":[{"id":10975,"href":"https:\/\/craigswapp.com\/spanish\/wp-json\/wp\/v2\/pages\/4420\/revisions\/10975"}],"up":[{"embeddable":true,"href":"https:\/\/craigswapp.com\/spanish\/wp-json\/wp\/v2\/pages\/3705"}],"wp:attachment":[{"href":"https:\/\/craigswapp.com\/spanish\/wp-json\/wp\/v2\/media?parent=4420"}],"curies":[{"name":"wp","href":"https:\/\/api.w.org\/{rel}","templated":true}]}}