{"id":4418,"date":"2016-05-13T18:36:16","date_gmt":"2016-05-13T18:36:16","guid":{"rendered":"http:\/\/craigswapp1.wpengine.com\/?page_id=4418"},"modified":"2021-05-10T13:07:13","modified_gmt":"2021-05-10T13:07:13","slug":"accidente-peatonal-boise","status":"publish","type":"page","link":"https:\/\/craigswapp.com\/spanish\/abogado-lesiones-personales-boise\/accidente-peatonal-boise\/","title":{"rendered":"Abogado de Accidente Peatonal en Boise"},"content":{"rendered":"<p>\nParece que cada d\u00eda hay otra historia en las noticias sobre un peat\u00f3n que se lesiona mientras simplemente camina de un destino a otro. Desafortunadamente, los peatones son particularmente vulnerables a los accidentes, especialmente cuando se trata de una bicicleta o veh\u00edculo m\u00e1s grande. Los accidentes peatonales suelen ser fatales y, por lo menos, pueden resultar en lesiones que cambian la vida que usted tiene que tratar durante muchos a\u00f1os despu\u00e9s del accidente. Si usted est\u00e1 involucrado en un accidente de peatones, ya sea con un carro, bicicleta u otro veh\u00edculo, podr\u00eda tener derecho a una compensaci\u00f3n por sus lesiones. Aseg\u00farese de tener un experto abogado de accidente peatonal en Boise para ayudarle.<\/p>\n<h2>Riesgos de Peatones<\/h2>\n<p>Las calles y caminos de Boise, Idaho, pueden no estar tan ocupados como las calles de ciudades m\u00e1s grandes como Chicago o Nueva York, pero todav\u00eda hay un mont\u00f3n de negocios y una poblaci\u00f3n pesada que disfruta de pasar tiempo al aire libre. Esto significa que en cualquier d\u00eda dado, es probable que haya un mont\u00f3n de peatones que van sobre su negocio. Estos peatones est\u00e1n en riesgo de lesiones graves como lesi\u00f3n cerebral traum\u00e1tica y lesi\u00f3n de la m\u00e9dula espinal si son golpeados por un veh\u00edculo porque no tienen nada para absorber la fuerza del impacto, sino sus propios cuerpos. Pueden reducir los riesgos cruzando las calles en los cruces peatonales y prestando atenci\u00f3n al tr\u00e1fico que los rodea, pero no pueden controlar el tr\u00e1fico, especialmente si hay conductores que no est\u00e1n prestando atenci\u00f3n ellos mismos.<\/p>\n<h2>\u00bfCu\u00e1ntas muertes y lesiones de peatones hay?<\/h2>\n<p>El Departamento de Transporte de Idaho rastrea los diferentes tipos de accidentes automovil\u00edsticos, incluyendo aquellos que involucran peatones, en un esfuerzo por descubrir y examinar diferentes patrones encontrados en accidentes. Estos patrones les ayudan a encontrar maneras de hacer las carreteras y las aceras m\u00e1s seguras para todos, incluyendo a los peatones.<\/p>\n<p>En 2014, hubo 200 accidentes que involucraron peatones en Idaho. De esos 200 accidentes, 14 peatones perdieron la vida, y cincuenta y cinco sufrieron heridas graves. La mayor\u00eda de los accidentes fueron personas menores de 18 a\u00f1os; 47 de los accidentes involucraron a personas entre los 14 y 19 a\u00f1os. Adem\u00e1s, 35 de estos accidentes de peatones involucraron a ni\u00f1os entre las edades de 4 y 14 a\u00f1os.<\/p>\n<h2>Reducci\u00f3n del Riesgo de ePatones<\/h2>\n<p>Hay muchas maneras de reducir el riesgo para los peatones. Algunas de las siguientes acciones pueden ayudar a reducir el riesgo de accidentes y lesiones de peatones:<\/p>\n<ul>\n<li style=\"font-weight: 400;\">Sostenga siempre la mano de un ni\u00f1o cuando cruce la calle<\/li>\n<li style=\"font-weight: 400;\">Mantenga a los ni\u00f1os en el patio y lejos del camino<\/li>\n<li style=\"font-weight: 400;\">Cruzar en un paso de peatones<\/li>\n<li style=\"font-weight: 400;\">Use ropa brillante o reflectante cuando camine por la noche<\/li>\n<\/ul>\n<p>Todas estas cosas pueden ayudar a mantener a las personas seguras cuando caminan, pero nada puede dictar la forma en que los conductores se manejan y responden a los peatones. Desafortunadamente, no importa lo seguro que est\u00e9 o las precauciones que toma cuando camina, no puede controlar las acciones de otras personas en el camino. Si usted es herido en un accidente peatonal debido a la negligencia de otra persona, esa persona debe ser considerada responsable de las lesiones y da\u00f1os que \u00e9l o ella ha causado. Un abogado de accidente peatonal en Boise de Craig Swapp &amp; Associates puede asegurar que es determinado quien es responsable por el accidente.<\/p>\n<h2>\u00bfNecesita un abogado para un accidente peatonal?<\/h2>\n<p>Si usted est\u00e1 involucrado en un accidente como peat\u00f3n, es una buena idea ponerse en contacto con un experto abogado de accidente peatonal en Boise. Por lo menos, usted casi est\u00e1 garantizado para tener cuentas m\u00e9dicas para las lesiones, que pueden durar por a\u00f1os despu\u00e9s si no para siempre. Tambi\u00e9n puede encontrar que tiene que faltar al trabajo debido a sus lesiones, e incluso podr\u00eda haber problemas a largo plazo de salud mental o mental que tiene que tratar como consecuencia del accidente. Todas estas cosas pueden combinar para crear estragos con sus finanzas y su estilo de vida, as\u00ed como las vidas de las personas cercanas a usted. Nuestros abogados en Craig Swapp &amp; Associates pueden ayudarle a usted ya su familia a buscar la compensaci\u00f3n que usted se merece.<\/p>\n<h2>Craig Swapp &amp; Associates puede Ayudarle<\/h2>\n<p>Si usted o un ser querido ha resultado herido en un accidente peatonal, no puede permitirse el lujo de intentar navegar por el proceso solo. Perm\u00edtanos ayudar a asegurarnos de que la persona que ha causado sus heridas es responsable. Comun\u00edquese con nuestra oficina por el sitio web o llame al 800-404-9000 para una consulta gratis.<\/p>\n","protected":false},"excerpt":{"rendered":"<p>Parece que cada d\u00eda hay otra historia en las noticias sobre un peat\u00f3n que se lesiona mientras simplemente camina de un destino a otro. Desafortunadamente, [&hellip;]<\/p>\n","protected":false},"author":2,"featured_media":0,"parent":3705,"menu_order":0,"comment_status":"closed","ping_status":"closed","template":"","meta":{"_acf_changed":false,"inline_featured_image":false,"footnotes":""},"class_list":["post-4418","page","type-page","status-publish","hentry"],"acf":[],"_links":{"self":[{"href":"https:\/\/craigswapp.com\/spanish\/wp-json\/wp\/v2\/pages\/4418","targetHints":{"allow":["GET"]}}],"collection":[{"href":"https:\/\/craigswapp.com\/spanish\/wp-json\/wp\/v2\/pages"}],"about":[{"href":"https:\/\/craigswapp.com\/spanish\/wp-json\/wp\/v2\/types\/page"}],"author":[{"embeddable":true,"href":"https:\/\/craigswapp.com\/spanish\/wp-json\/wp\/v2\/users\/2"}],"replies":[{"embeddable":true,"href":"https:\/\/craigswapp.com\/spanish\/wp-json\/wp\/v2\/comments?post=4418"}],"version-history":[{"count":2,"href":"https:\/\/craigswapp.com\/spanish\/wp-json\/wp\/v2\/pages\/4418\/revisions"}],"predecessor-version":[{"id":10910,"href":"https:\/\/craigswapp.com\/spanish\/wp-json\/wp\/v2\/pages\/4418\/revisions\/10910"}],"up":[{"embeddable":true,"href":"https:\/\/craigswapp.com\/spanish\/wp-json\/wp\/v2\/pages\/3705"}],"wp:attachment":[{"href":"https:\/\/craigswapp.com\/spanish\/wp-json\/wp\/v2\/media?parent=4418"}],"curies":[{"name":"wp","href":"https:\/\/api.w.org\/{rel}","templated":true}]}}