{"id":4408,"date":"2016-05-13T18:29:24","date_gmt":"2016-05-13T18:29:24","guid":{"rendered":"http:\/\/craigswapp1.wpengine.com\/?page_id=4408"},"modified":"2021-05-10T13:18:27","modified_gmt":"2021-05-10T13:18:27","slug":"abogado-accidentes-motos-boise","status":"publish","type":"page","link":"https:\/\/craigswapp.com\/spanish\/abogado-lesiones-personales-boise\/abogado-accidentes-motos-boise\/","title":{"rendered":"Abogado de accidentes de motos en Boise"},"content":{"rendered":"<p>\n<img loading=\"lazy\" decoding=\"async\" class=\"alignright wp-image-4744 size-medium\" src=\"https:\/\/craigswapp.com\/spanish\/wp-content\/uploads\/2016\/06\/Motorcycle-Safety-Awareness-Stressed-1-300x182.jpg\" alt=\"Boise Motorcycle Accident Lawyer\" width=\"300\" height=\"182\" srcset=\"https:\/\/craigswapp.com\/spanish\/wp-content\/uploads\/2016\/06\/Motorcycle-Safety-Awareness-Stressed-1-300x182.jpg 300w, https:\/\/craigswapp.com\/spanish\/wp-content\/uploads\/2016\/06\/Motorcycle-Safety-Awareness-Stressed-1.jpg 500w\" sizes=\"auto, (max-width: 300px) 100vw, 300px\" \/><\/p>\n<p>Cuando se les pregunta qu\u00e9 les gusta de su motocicleta, la mayor\u00eda de los ciclistas mencionar\u00e1n la sensaci\u00f3n de libertad que experimentan durante un paseo. Desafortunadamente, el dise\u00f1o abierto de una motocicleta tambi\u00e9n significa que los ciclistas est\u00e1n casi completamente desprotegidos en caso de un accidente. Incluso cuando se usa un casco, lesiones corporales graves son la norma y no la excepci\u00f3n en accidentes de motocicleta.<\/p>\n<p>Si usted ha estado involucrado en un accidente de motocicleta y usted no era responsable de su causa, usted tiene la opci\u00f3n de perseguir los da\u00f1os a trav\u00e9s de una\u00a0<a href=\"https:\/\/craigswapp.com\/spanish\/boise\/\">demanda por lesiones personales<\/a>. Sus lesiones son casi seguro que van acompa\u00f1adas de facturas m\u00e9dicas caras, las facturas que deben ser cubiertos por la parte en culpa. Para comenzar su reclamo, aseg\u00farese de trabajar con un abogado de accidentes de motocicletas en Boise de Craig Swapp &amp; Associates. Podemos representarle a lo largo del proceso legal y asegurarse de que nada pasa por alto.<\/p>\n<p>&nbsp;<\/p>\n<h2>La naturaleza severa de las lesiones en accidentes de motos<\/h2>\n<p>Debido a que los motociclistas est\u00e1n tan expuestos, lesiones graves se esperan cuando se produce un accidente. Los motociclistas y sus pasajeros casi siempre tienen que absorber toda la fuerza del impacto, que normalmente resulta en da\u00f1os f\u00edsicos catastr\u00f3ficos.<\/p>\n<p>Estas lesiones inevitablemente tendr\u00e1n un impacto negativo en su calidad de vida, algo que debe ser contabilizado en cualquier acuerdo que reciba. Su abogado de accidentes de motocicleta en Boise sabr\u00e1 c\u00f3mo evaluar lesiones y su impacto, eliminando as\u00ed el riesgo de aceptar una oferta baja de arreglo.<\/p>\n<p>Sea cual sea su lesi\u00f3n, podremos ayudarle, pero a continuaci\u00f3n se enumeran algunas de las lesiones que encontramos en los accidentes de motocicletas con m\u00e1s frecuencia:<\/p>\n<ul>\n<li>Amputaciones y p\u00e9rdida de miembros &#8211; Muchos motociclistas instintivamente tratan de prepararse usando un brazo o una pierna para frenar su impulso. Desafortunadamente, esto normalmente termina en una <a href=\"https:\/\/medlineplus.gov\/ency\/article\/000006.htm\" target=\"_blank\" rel=\"noopener\">amputaci\u00f3n traum\u00e1tica<\/a> en la escena del accidente o la necesidad de amputar en la sala de emergencias u hospital m\u00e1s tarde.<\/li>\n<li>Lesiones del Cerebro\u00a0\u2013 Incluso el uso de un casco no puede garantizar que no va a experimentar una lesi\u00f3n cerebral traum\u00e1tica (LCT) de alg\u00fan tipo. Los efectos completos de estas lesiones son dif\u00edciles de medir, por lo que su abogado de accidente de motocicletas en Boise trabajar\u00e1 en estrecha colaboraci\u00f3n con su m\u00e9dico para determinar c\u00f3mo su vida ser\u00e1 afectada.<\/li>\n<li>Huesos rotos\u00a0\u2013Por la misma raz\u00f3n que las amputaciones son tan frecuentes en los naufragios de la motocicleta, los huesos rotos y fracturados tambi\u00e9n se ven con frecuencia en las v\u00edctimas del accidente.<\/li>\n<li>Lesiones de la columna vertebral\u00a0\u2013Ya sea en el cuello o la espalda, el da\u00f1o a la columna vertebral puede resultar en par\u00e1lisis y otras formas de disminuci\u00f3n de la movilidad.<\/li>\n<li>Da\u00f1o interno &#8211; Los accidentes de motocicleta a menudo implican hemorragia interna y da\u00f1o a los \u00f3rganos.<\/li>\n<li>Angustia Mental y Emocional &#8211; No todas las lesiones por choque son f\u00edsicas. El trastorno de estr\u00e9s postraum\u00e1tico (TEPT), la ansiedad, la depresi\u00f3n y otras enfermedades a menudo siguen a un accidente dram\u00e1tico. Un abogado de accidentes de motocicleta en Boise de nuestra firma se asegurar\u00e1 de que sus lesiones mentales y emocionales se toman tan en serio como sus f\u00edsicos.<\/li>\n<\/ul>\n<h2>Presentaci\u00f3n de una demanda de muerte injusta en Idaho<\/h2>\n<p>A veces las lesiones no son el peor resultado de un accidente de motocicleta. No es raro que un accidente cause una fatalidad. Si usted tiene un ser querido que muri\u00f3 en un naufragio de motocicleta que fue causado por la negligencia de otra persona, puede calificar para presentar un juicio por\u00a0muerte injusta con el fin de recuperar los da\u00f1os que ser\u00eda similar a una demanda de lesiones personales.<\/p>\n<p>En Idaho, si usted representa la herencia del difunto o es un heredero leg\u00edtimo, usted tiene el derecho de archivar para la muerte injusta. Los miembros de la familia tambi\u00e9n pueden presentar, incluyendo c\u00f3nyuges, hijos, hijastros, padres y parientes que dependen financieramente de la v\u00edctima.<\/p>\n<p>Un abogado de accidentes de motos en Boise de nuestra oficina puede ayudarle a determinar si califica y cu\u00e1les son sus opciones.<\/p>\n<h2>Compensaci\u00f3n financiera de accidentes de motos<\/h2>\n<p>Como se mencion\u00f3, las lesiones de un accidente de motocicleta tienden a ser graves, lo que tambi\u00e9n significa que tienden a incurrir en gastos sustanciales en forma de facturas m\u00e9dicas. La parte culpable de su accidente debe ser la que pague estas facturas, no usted. No s\u00f3lo se detiene con facturas m\u00e9dicas, tampoco.<\/p>\n<p>Su abogado de accidentes de motocicleta en Boise le ayudar\u00e1 a buscar\u00a0compensaci\u00f3n financiera por todas las formas en que se ha visto afectado por el accidente, financieramente y de otra manera:<\/p>\n<ul>\n<li>Pasadas, actuales y futuras facturas m\u00e9dicas relacionadas con accidentes<\/li>\n<li>P\u00e9rdida de ingresos y salarios si ha tenido que perder tiempo en el trabajo<\/li>\n<li>Gastos de terapia, tanto f\u00edsica como emocional<\/li>\n<li>P\u00e9rdida de consorcio si su matrimonio o relaciones personales han sufrido<\/li>\n<li>Disminuci\u00f3n de la calidad de vida<\/li>\n<li>Dolor y sufrimiento<\/li>\n<\/ul>\n<h2>Determinaci\u00f3n de culpa en un el accidente de moto<\/h2>\n<p>Por supuesto, con el fin de buscar una compensaci\u00f3n por sus da\u00f1os, primero tenemos que determinar con precisi\u00f3n\u00a0qui\u00e9n fue el responsable de causar el accidente. Despu\u00e9s de una investigaci\u00f3n completa, un abogado de accidentes de motos en Boise de nuestra oficina ser\u00e1 capaz de nombrar a todas las partes que desempe\u00f1aron un papel en lo que sucedi\u00f3.<\/p>\n<p>Los conductores de\u00a0<a href=\"https:\/\/craigswapp.com\/spanish\/boise\/abogado-de-accidentes-de-carro\/\">carros de pasajeros<\/a>\u00a0y\u00a0<a href=\"https:\/\/craigswapp.com\/spanish\/abogado-de-accidentes-de-camiones-en-boise\/\">veh\u00edculos comerciales<\/a> son los culpables m\u00e1s probable, ya que a menudo no se dan cuenta del marco m\u00e1s peque\u00f1o presentado por los ciclistas. Esto no es excusa, sin embargo, y no es raro que un\u00a0<a href=\"https:\/\/craigswapp.com\/spanish\/abogado-de-accidentes-de-moto-en-boise\/\">factor adicional<\/a> como conducir distra\u00eddo, conducir borracho o acelerar haya contribuido.<\/p>\n<p>Las entidades gubernamentales tambi\u00e9n suelen participar en accidentes de motocicletas. El mantenimiento deficiente de la carretera puede conducir al desarrollo de baches y otras\u00a0condiciones peligrosas de la carretera. Estos pueden ser molestias menores para los autom\u00f3viles, pero pueden causar f\u00e1cilmente que una motocicleta cambie o pierda el control.<\/p>\n<p>Las empresas privadas tambi\u00e9n son a veces culpables. Si su accidente fue causado por una pieza defectuosa o construcci\u00f3n de carretera de mala calidad, su abogado de accidentes de motocicleta en Boise le ayudar\u00e1 a determinar d\u00f3nde se encuentra la culpa.<\/p>\n<p>&nbsp;<\/p>\n<h2>Accidentes de motos en Boise &#8211; preguntas frecuentes<\/h2>\n<p>Sin duda tiene\u00a0<a href=\"https:\/\/craigswapp.com\/spanish\/abogado-de-accidentes-de-moto-en-boise\/\">preguntas<\/a>\u00a0despu\u00e9s de su accidente de motocicleta. A continuaci\u00f3n se presentan algunas de las que escuchamos de nuestros clientes de manera regular. Si desea informaci\u00f3n adicional, p\u00f3ngase en contacto con nosotros para programar un tiempo para reunirse con un abogado de accidentes de motocicleta en Boise.<\/p>\n<h3>\u00bfMe tratar\u00e1n justamente en la corte como motociclista?<\/h3>\n<p>Los motociclistas a menudo se enfrentan a falsos estereotipos como conductores imprudentes y otras formas de sesgo injusto en su contra. Los abogados adversos pueden intentar usar esto en su contra y representarle como responsable de sus propias lesiones. Mantener su propio asesoramiento jur\u00eddico es la mejor manera de luchar contra este tratamiento.<\/p>\n<h3>\u00bfC\u00f3mo funciona el fallo comparativo en Idaho?<\/h3>\n<p>En Idaho, los partidos m\u00faltiples pueden llevar una\u00a0<a href=\"https:\/\/legislature.idaho.gov\/statutesrules\/idstat\/title6\/\" target=\"_blank\" rel=\"noopener\">porci\u00f3n de la culpa<\/a> para un accidente, incluso usted. A usted se le puede asignar un porcentaje de la falta, que entonces reducir\u00e1 su cantidad de liquidaci\u00f3n en el mismo porcentaje. As\u00ed que si usted recibe un acuerdo de $ 100.000 pero tiene un 10 por ciento de culpa, s\u00f3lo recibir\u00e1 $ 90.000 al final.<\/p>\n<h3>\u00bfQu\u00e9 pasar\u00eda si alguien abro la puerta de un carro aparcado y la pego con mi motocicleta?<\/h3>\n<p>Si su accidente de motocicleta fue causado por un conductor que abre una puerta en su trayectoria, el conductor casi seguramente ser\u00e1 por lo menos parcialmente culpable para no comprobar para ver que no hab\u00eda tr\u00e1fico que ven\u00eda. Sin embargo, si no se supone que se conduce que cerca del coche, usted puede tener algunos de la culpa, tambi\u00e9n.<\/p>\n<h2>Contacte un abogado de accidentes de motos en Boise<\/h2>\n<p>Asegurar un asesoramiento jur\u00eddico s\u00f3lido es el mejor curso de acci\u00f3n que puede tomar despu\u00e9s de estar involucrado en un accidente de motocicleta. Un formulario de abogado de accidentes de motocicleta en Boise de Craig Swapp &amp; Associates puede evaluar su caso y ayudarle a determinar la mejor manera de proceder. Hemos ayudado a otros como usted en Idaho, as\u00ed que ll\u00e1menos al 1-855-628-5050 o ingrese su informaci\u00f3n en el formulario de contacto en la parte inferior de esta p\u00e1gina.<\/p>\n","protected":false},"excerpt":{"rendered":"<p>Cuando se les pregunta qu\u00e9 les gusta de su motocicleta, la mayor\u00eda de los ciclistas mencionar\u00e1n la sensaci\u00f3n de libertad que experimentan durante un paseo. [&hellip;]<\/p>\n","protected":false},"author":2,"featured_media":0,"parent":3705,"menu_order":0,"comment_status":"closed","ping_status":"closed","template":"","meta":{"_acf_changed":false,"inline_featured_image":false,"footnotes":""},"class_list":["post-4408","page","type-page","status-publish","hentry"],"acf":[],"_links":{"self":[{"href":"https:\/\/craigswapp.com\/spanish\/wp-json\/wp\/v2\/pages\/4408","targetHints":{"allow":["GET"]}}],"collection":[{"href":"https:\/\/craigswapp.com\/spanish\/wp-json\/wp\/v2\/pages"}],"about":[{"href":"https:\/\/craigswapp.com\/spanish\/wp-json\/wp\/v2\/types\/page"}],"author":[{"embeddable":true,"href":"https:\/\/craigswapp.com\/spanish\/wp-json\/wp\/v2\/users\/2"}],"replies":[{"embeddable":true,"href":"https:\/\/craigswapp.com\/spanish\/wp-json\/wp\/v2\/comments?post=4408"}],"version-history":[{"count":2,"href":"https:\/\/craigswapp.com\/spanish\/wp-json\/wp\/v2\/pages\/4408\/revisions"}],"predecessor-version":[{"id":10946,"href":"https:\/\/craigswapp.com\/spanish\/wp-json\/wp\/v2\/pages\/4408\/revisions\/10946"}],"up":[{"embeddable":true,"href":"https:\/\/craigswapp.com\/spanish\/wp-json\/wp\/v2\/pages\/3705"}],"wp:attachment":[{"href":"https:\/\/craigswapp.com\/spanish\/wp-json\/wp\/v2\/media?parent=4408"}],"curies":[{"name":"wp","href":"https:\/\/api.w.org\/{rel}","templated":true}]}}