{"id":4407,"date":"2016-05-13T18:08:58","date_gmt":"2016-05-13T18:08:58","guid":{"rendered":"http:\/\/craigswapp1.wpengine.com\/?page_id=4407"},"modified":"2021-05-10T13:16:51","modified_gmt":"2021-05-10T13:16:51","slug":"estadisticas","status":"publish","type":"page","link":"https:\/\/craigswapp.com\/spanish\/abogado-lesiones-personales-boise\/abogado-de-accidentes-de-carro\/estadisticas\/","title":{"rendered":"Estad\u00edsticas de accidentes de auto en Boise"},"content":{"rendered":"<p>\nHay muchas maneras \u00fatiles de ver las estad\u00edsticas. Cuando se trata de accidentes automovil\u00edsticos, Boise estad\u00edsticas de accidentes de coche ayudan a las compa\u00f1\u00edas de seguros, as\u00ed como la carretera y los departamentos de transporte. Incluso ayudan a guiar a los miembros de la polic\u00eda a descubrir peligros y problemas espec\u00edficos que los conductores podr\u00edan enfrentar. Esta informaci\u00f3n puede ayudar a todos en el camino hacer ajustes para ayudar a prevenir y manejar algunos de los problemas que causan accidentes automovil\u00edsticos en Boise. Al echar un vistazo a los problemas m\u00e1s comunes de accidentes de coche y los resultados de esas cuestiones, los conductores pueden ver la realidad de los peligros espec\u00edficos que no podr\u00edan tomar en serio en caso contrario.<\/p>\n<h2>Accidentes fatales en Boise<\/h2>\n<p>Al mirar las estad\u00edsticas de accidentes de coche, puede ser \u00fatil tener algo para comparar con el fin de obtener una imagen clara. Comparaciones nacionales pueden ayudar a examinar las tendencias que est\u00e1n ocurriendo en todo el pa\u00eds, pero tambi\u00e9n ayudan a dar una idea de c\u00f3mo los estados individuales a la altura. En 2014, las estad\u00edsticas nacionales muestran que hubo 2.34 millones de personas heridas en accidentes automovil\u00edsticos, as\u00ed como 32.675 muertes en todo el pa\u00eds. Espec\u00edficamente, 186 de esas v\u00edctimas fueron de Idaho, y ocho de ellas ocurrieron en Boise. Adem\u00e1s, veintid\u00f3s personas participaron en esos accidentes fatales, una indicaci\u00f3n de que en Boise, veintid\u00f3s personas y sus familias tuvieron sus vidas alteradas para siempre debido a un accidente de auto.<\/p>\n<h2>Causas comunes de los accidentes de auto<\/h2>\n<p>A nivel nacional, la causa m\u00e1s com\u00fan de muchos accidentes automovil\u00edsticos, ya sea que resulten en lesiones o muertes, es la conducci\u00f3n distra\u00edda. Esto significa que el conductor culpable o estaba haciendo algo m\u00e1s que conducir o simplemente no estaba prestando atenci\u00f3n mientras conduc\u00edan. Cuando se trata de accidentes de conducci\u00f3n distra\u00eddos, Idaho est\u00e1 en l\u00ednea con las estad\u00edsticas nacionales. A nivel nacional, la conducci\u00f3n distra\u00edda es la causa del 10% de todos los accidentes automovil\u00edsticos mortales, el mismo porcentaje que en Idaho. De las muertes en los accidentes automovil\u00edsticos en Idaho, dos ocurrieron en Boise, y el 17% en conducci\u00f3n ebria o de alguna otra manera debilitada. Por desgracia, esto es una indicaci\u00f3n de que la mayor\u00eda de los accidentes automovil\u00edsticos en Boise son completamente prevenibles y se producen debido a la negligencia de otra persona.<\/p>\n<h2>Peligros de conducci\u00f3n distra\u00edda<\/h2>\n<p>Conducci\u00f3n distra\u00edda no era la causa n\u00famero uno de accidentes de coche en Idaho, pero sigue siendo un problema grave que se puede prevenir. Algunos de los mayores culpables cuando se trata de conducci\u00f3n distra\u00edda son los tel\u00e9fonos celulares. En 2011, el 23% de los accidentes automovil\u00edsticos involucr\u00f3 tel\u00e9fonos celulares. Las personas que hacen el texto o hacen llamadas telef\u00f3nicas mientras conducen, crean un peligro real para ellos mismos, para sus pasajeros y para cualquier otra persona que est\u00e9 en el camino al mismo tiempo que ellos. De hecho, la mensajer\u00eda de texto durante la conducci\u00f3n crea un riesgo de accidente que es veintitr\u00e9s veces peor que conducir sin distraerse. No se puede hacer hincapi\u00e9 en que ning\u00fan texto es tan importante que valga la pena poner su vida o cualquier otra persona en peligro. Lo mismo ocurre con cualquier llamada telef\u00f3nica, mensaje o cualquier otra cosa que potencialmente pueda apartar los ojos de la carretera.<\/p>\n<h2>Conducci\u00f3n con drogas y alcohol<\/h2>\n<p>Conducci\u00f3n borracha ha sido un problema ya que hab\u00eda un potencial para combinar la conducci\u00f3n con la bebida. En 2014, Idaho ten\u00eda cincuenta y nueve fatalidades de tr\u00e1fico relacionadas con el alcohol. Ahora, con ciertos medicamentos de venta con receta tan f\u00e1cilmente disponibles y cada vez m\u00e1s en popularidad, son considerados tan peligrosos como el alcohol cuando se trata de conducir bajo la influencia. No siempre es el conductor deteriorado que sufre lesiones en estos accidentes. De hecho, los conductores bajo la influencia pueden sufrir menos lesiones que otros simplemente porque no reaccionan tan r\u00e1pido, por lo que no se preparan, lo que puede causar lesiones m\u00e1s graves. Incluso si la conducci\u00f3n con problemas de conducci\u00f3n no conduce a la muerte, todav\u00eda hay consecuencias graves que cambian las vidas de cualquier persona que est\u00e9 involucrada.<\/p>\n<h2>Abogados de auto en Boise pueden ayudarle<\/h2>\n<p>Si usted o alguien que usted ama ha estado en un accidente de coche que fue causado por la negligencia de otra persona, es importante que usted consulta a un abogado experimentado del accidente de coche inmediatamente. Nuestros abogados en Craig Swapp &amp; Associates pueden navegar por el proceso en su nombre y asegurarse de que las personas adecuadas se consideran responsables de sus lesiones y p\u00e9rdidas. Podemos ayudarle a averiguar la mejor manera de avanzar y, si tiene derecho a una compensaci\u00f3n, aseg\u00farese de que usted y los miembros de su familia obtengan lo que se merece. Comun\u00edquese con nuestra oficina por sitio web o llame al (800) 404-9000 para una consulta gratuita.<\/p>\n<p>&nbsp;<\/p>\n","protected":false},"excerpt":{"rendered":"<p>Hay muchas maneras \u00fatiles de ver las estad\u00edsticas. Cuando se trata de accidentes automovil\u00edsticos, Boise estad\u00edsticas de accidentes de coche ayudan a las compa\u00f1\u00edas de [&hellip;]<\/p>\n","protected":false},"author":2,"featured_media":0,"parent":4399,"menu_order":0,"comment_status":"closed","ping_status":"closed","template":"","meta":{"_acf_changed":false,"inline_featured_image":false,"footnotes":""},"class_list":["post-4407","page","type-page","status-publish","hentry"],"acf":[],"_links":{"self":[{"href":"https:\/\/craigswapp.com\/spanish\/wp-json\/wp\/v2\/pages\/4407","targetHints":{"allow":["GET"]}}],"collection":[{"href":"https:\/\/craigswapp.com\/spanish\/wp-json\/wp\/v2\/pages"}],"about":[{"href":"https:\/\/craigswapp.com\/spanish\/wp-json\/wp\/v2\/types\/page"}],"author":[{"embeddable":true,"href":"https:\/\/craigswapp.com\/spanish\/wp-json\/wp\/v2\/users\/2"}],"replies":[{"embeddable":true,"href":"https:\/\/craigswapp.com\/spanish\/wp-json\/wp\/v2\/comments?post=4407"}],"version-history":[{"count":2,"href":"https:\/\/craigswapp.com\/spanish\/wp-json\/wp\/v2\/pages\/4407\/revisions"}],"predecessor-version":[{"id":10941,"href":"https:\/\/craigswapp.com\/spanish\/wp-json\/wp\/v2\/pages\/4407\/revisions\/10941"}],"up":[{"embeddable":true,"href":"https:\/\/craigswapp.com\/spanish\/wp-json\/wp\/v2\/pages\/4399"}],"wp:attachment":[{"href":"https:\/\/craigswapp.com\/spanish\/wp-json\/wp\/v2\/media?parent=4407"}],"curies":[{"name":"wp","href":"https:\/\/api.w.org\/{rel}","templated":true}]}}