{"id":4406,"date":"2016-05-13T18:06:24","date_gmt":"2016-05-13T18:06:24","guid":{"rendered":"http:\/\/craigswapp1.wpengine.com\/?page_id=4406"},"modified":"2021-05-10T13:17:02","modified_gmt":"2021-05-10T13:17:02","slug":"common-injuries","status":"publish","type":"page","link":"https:\/\/craigswapp.com\/spanish\/abogado-lesiones-personales-boise\/abogado-de-accidentes-de-carro\/common-injuries\/","title":{"rendered":"Lesiones comunes de accidentes de auto en Boise"},"content":{"rendered":"<p>\nLos accidentes de tr\u00e1fico parecen ocurrir casi todos los d\u00edas en las carreteras de Boise. Incluso si usted cree que s\u00f3lo ha sufrido lesiones menores en un accidente de auto, los efectos de las lesiones comunes de accidente de auto en Boise puede estar con usted durante a\u00f1os despu\u00e9s. La peor parte es que la mayor\u00eda del tiempo, los accidentes de coche y las lesiones resultantes son evitables y ocurren simplemente por culpa de la negligencia de otra persona. Cuando esto sucede, usted merece una compensaci\u00f3n para ayudar a usted ya los miembros de su familia a sanar y avanzar de la mejor manera posible.<\/p>\n<h2>Lesiones comunes de accidentes de auto<\/h2>\n<p>Algunas de las lesiones comunes de accidentes de auto en Boise son lesiones en el cuello. Los airbags y otras caracter\u00edsticas de seguridad pueden evitar que una persona sea expulsada del veh\u00edculo, pero todav\u00eda hay espacio para que se produzca una lesi\u00f3n dentro del veh\u00edculo. Latigazo es una de las lesiones m\u00e1s comunes que afectan el cuello. Esto ocurre cuando la cabeza se sacude de tal manera que da\u00f1e los m\u00fasculos o tendones en el cuello. Esta lesi\u00f3n puede ser dolorosa, y puede prevenir el movimiento normal, ya que el cuello no puede equilibrar la cabeza correctamente, y mucho menos permitir que se mueva como lo har\u00eda normalmente. Otras Lesiones comunes de accidentes de auto en Boise incluyen, pero no se limitan a, lo siguiente:<\/p>\n<ul>\n<li style=\"font-weight: 400;\">Lesi\u00f3n cerebral traum\u00e1tica (LCT)<\/li>\n<li style=\"font-weight: 400;\">P\u00e9rdida de extremidades<\/li>\n<li style=\"font-weight: 400;\">P\u00e9rdida de movilidad<\/li>\n<li style=\"font-weight: 400;\">Lesi\u00f3n psicol\u00f3gica<\/li>\n<li style=\"font-weight: 400;\">Hemorragia interna<\/li>\n<li style=\"font-weight: 400;\">Lesi\u00f3n de espalda<\/li>\n<li style=\"font-weight: 400;\">Lesi\u00f3n de la m\u00e9dula espinal<\/li>\n<\/ul>\n<h2>Otras p\u00e9rdidas debido a lesiones por accidentes de auto<\/h2>\n<p>En la mayor\u00eda de los casos, hay m\u00e1s p\u00e9rdidas que s\u00f3lo da\u00f1os a la propiedad cuando se trata de accidentes de tr\u00e1fico. Aquellos que est\u00e1n lesionados en accidentes de auto pueden no ser capaces de trabajar, pero todav\u00eda tienen que lidiar con las facturas m\u00e9dicas para el tratamiento necesario despu\u00e9s del accidente de auto. Esto significa que su nivel de ingresos se reduce significativamente, pero los gastos pueden seguir aumentando durante muchos a\u00f1os despu\u00e9s del accidente. Incluso una lesi\u00f3n que suena simple y parece menor, como latigazo, puede causar p\u00e9rdida de tiempo en el trabajo y costosas facturas m\u00e9dicas. Usted no debe tener que sufrir y terminar en deuda debido a la negligencia de otra persona.<\/p>\n<h2>Medidas y dispositivos de seguridad del conductor<\/h2>\n<p>La Administraci\u00f3n Nacional de Seguridad en el Tr\u00e1nsito de Carreteras publica peri\u00f3dicamente informes sobre estad\u00edsticas cuando se trata de accidentes automovil\u00edsticos, muertes y lesiones. Uno de los informes que usan revela cu\u00e1ntas vidas fueron salvadas por dispositivos de seguridad como cascos, cinturones de seguridad y airbags. En 2014, 485 personas fueron salvadas por las leyes que rigen la edad de beber. Adem\u00e1s, se salvaron 1.669 vidas porque los conductores llevaban casco mientras conduc\u00edan una motocicleta. Es dif\u00edcil ignorar los n\u00fameros cuando se trata de las precauciones que los conductores pueden tomar cuando en la carretera. Sin embargo, incluso si usted es el conductor m\u00e1s seguro en la carretera, s\u00f3lo hay mucho que puede hacer para mantenerse a salvo de otros conductores que no siempre est\u00e1n tomando las mismas precauciones.<\/p>\n<h2>Obtenci\u00f3n de ayuda para lesiones<\/h2>\n<p>Debido al alto costo del tratamiento m\u00e9dico, las v\u00edctimas de accidentes de tr\u00e1fico a menudo no pueden cumplir con todos sus nombramientos u otras obligaciones m\u00e9dicas. Esto puede causar problemas m\u00e9dicos a largo plazo, pero tambi\u00e9n puede tener un impacto m\u00e1s inmediato. En un pa\u00eds donde a las personas se les dice con frecuencia que \u00abse sobrepasen\u00bb cuando se lesionan, esta es una vez que usted debe dejar que su m\u00e9dico le diga cuando usted est\u00e1 sobre \u00e9l en lugar de tratar de decidir por ti mismo. El costo por no cuidar de sus lesiones puede ser mayor de lo que usted anticipa. Usted no debe tener que lidiar con estas lesiones o gastos por s\u00ed mismo si su accidente de auto es culpa de otra persona.<\/p>\n<h2>Por qu\u00e9 necesita un abogado de lesiones de autos<\/h2>\n<p>Si usted piensa que sus lesiones son menores o graves, habr\u00e1 gastos y efectos que es probable que tenga que lidiar con muchos a\u00f1os despu\u00e9s del accidente. Con el fin de asegurar que reciba toda la compensaci\u00f3n que merece, necesita un equipo de abogados experimentados de su lado que est\u00e1n familiarizados con el trato con las compa\u00f1\u00edas de seguros y otros profesionales que no tendr\u00e1n sus mejores intereses en mente. Los abogados de Craig Swapp &amp; Associates pueden asegurarse de que usted y sus lesiones reciben la atenci\u00f3n que merecen.<\/p>\n<p>Comun\u00edquese con nuestra oficina por nuestro sitio web o llame al (800) 404-9000 para una consulta gratuita.<\/p>\n","protected":false},"excerpt":{"rendered":"<p>Los accidentes de tr\u00e1fico parecen ocurrir casi todos los d\u00edas en las carreteras de Boise. Incluso si usted cree que s\u00f3lo ha sufrido lesiones menores [&hellip;]<\/p>\n","protected":false},"author":2,"featured_media":0,"parent":4399,"menu_order":0,"comment_status":"closed","ping_status":"closed","template":"","meta":{"_acf_changed":false,"inline_featured_image":false,"footnotes":""},"class_list":["post-4406","page","type-page","status-publish","hentry"],"acf":[],"_links":{"self":[{"href":"https:\/\/craigswapp.com\/spanish\/wp-json\/wp\/v2\/pages\/4406","targetHints":{"allow":["GET"]}}],"collection":[{"href":"https:\/\/craigswapp.com\/spanish\/wp-json\/wp\/v2\/pages"}],"about":[{"href":"https:\/\/craigswapp.com\/spanish\/wp-json\/wp\/v2\/types\/page"}],"author":[{"embeddable":true,"href":"https:\/\/craigswapp.com\/spanish\/wp-json\/wp\/v2\/users\/2"}],"replies":[{"embeddable":true,"href":"https:\/\/craigswapp.com\/spanish\/wp-json\/wp\/v2\/comments?post=4406"}],"version-history":[{"count":1,"href":"https:\/\/craigswapp.com\/spanish\/wp-json\/wp\/v2\/pages\/4406\/revisions"}],"predecessor-version":[{"id":10942,"href":"https:\/\/craigswapp.com\/spanish\/wp-json\/wp\/v2\/pages\/4406\/revisions\/10942"}],"up":[{"embeddable":true,"href":"https:\/\/craigswapp.com\/spanish\/wp-json\/wp\/v2\/pages\/4399"}],"wp:attachment":[{"href":"https:\/\/craigswapp.com\/spanish\/wp-json\/wp\/v2\/media?parent=4406"}],"curies":[{"name":"wp","href":"https:\/\/api.w.org\/{rel}","templated":true}]}}