{"id":4399,"date":"2016-05-13T17:45:35","date_gmt":"2016-05-13T17:45:35","guid":{"rendered":"http:\/\/craigswapp1.wpengine.com\/?page_id=4399"},"modified":"2021-05-10T13:11:14","modified_gmt":"2021-05-10T13:11:14","slug":"abogado-de-accidentes-de-carro","status":"publish","type":"page","link":"https:\/\/craigswapp.com\/spanish\/abogado-lesiones-personales-boise\/abogado-de-accidentes-de-carro\/","title":{"rendered":"Abogado de accidentes de carros en Boise"},"content":{"rendered":"<p>\nPara la mayor\u00eda de nosotros, entrar en un accidente de carro en alg\u00fan momento ser\u00e1 inevitable. Debido a que muchos accidentes automovil\u00edsticos son causados por el comportamiento del conductor negligente, incluso tomando las precauciones de seguridad adecuadas no le proteger\u00e1 de un accidente ya que no puede controlar lo que otras personas est\u00e1n haciendo. Una vez que ocurra un accidente de coche, necesitar\u00e1 un abogado de accidentes de carro en Boise de Craig Swapp &amp; Associates para ayudarle a recuperar los da\u00f1os por sus lesiones y gastos.<\/p>\n<p>Lo que haces en el tiempo inmediatamente despu\u00e9s de un naufragio es crucial, y esta vez tambi\u00e9n tiende a ser incre\u00edblemente turbulento y confuso. Si usted piensa que ha sido lesionado o no, si usted piensa que el da\u00f1o hecho a su carro es importante o trivial, siempre debe ponerse en contacto con un abogado s\u00f3lo para estar seguro y asegurarse de que hacer todo bien.<\/p>\n<h2>Lesiones causadas por accidentes de carros en Idaho<\/h2>\n<p>Ser herido en un accidente de carro podr\u00eda ser una ocurrencia com\u00fan, pero eso no lo hace menos frustrante cuando no era el culpable por causar el accidente. Asegurarse de que recibe una compensaci\u00f3n por sus\u00a0lesiones\u00a0por los responsables ser\u00e1 esencial para que su vida vuelva a la pista. Un abogado de accidentes automovil\u00edsticos de Boise de nuestra firma le ayudar\u00e1 a valorar adecuadamente su <a href=\"https:\/\/craigswapp.com\/spanish\/boise\/\">reclamaci\u00f3n<\/a>\u00a0por lesiones personales, sin importar el tipo de lesi\u00f3n que sufri\u00f3.<\/p>\n<p>A continuaci\u00f3n se enumeran algunas de las lesiones que hemos ayudado a las personas a recibir una compensaci\u00f3n total por:<\/p>\n<ul>\n<li>Huesos\u00a0rotos\u00a0y fracturados<\/li>\n<li>Cortes y laceraciones<\/li>\n<li>Lesiones cerebrales traum\u00e1ticas (LCT), incluyendo commociones cerebrales<\/li>\n<li>Lesiones de la cara y\u00a0cabeza<\/li>\n<li>Lesiones de la\u00a0columna vertebral\u00a0y\u00a0espalda injuries<\/li>\n<li>Trauma emocional<\/li>\n<li>Lesiones del cuello, incluyendo el\u00a0latigazo<\/li>\n<li>Muerte injusta<\/li>\n<\/ul>\n<p>&nbsp;<\/p>\n<h2>No deber\u00eda tener que pagar<\/h2>\n<p>Es simplemente, realmente: Si usted no era el culpable por el naufragio, no deber\u00eda ser el que paga por los gastos y los da\u00f1os causados por ella. El dinero no cambiar\u00e1 el hecho de que usted se lesion\u00f3, pero puede pagar por el cuidado necesario para permitir su recuperaci\u00f3n. Su abogado de accidentes de carro en Boise se asegurar\u00e1 de que todo lo relacionado con su accidente se incluye en el acuerdo monetario que recibe.<\/p>\n<p>El valor de algunos art\u00edculos, tales como gastos m\u00e9dicos y reparaci\u00f3n de veh\u00edculos, ser\u00e1 obvio. Otros art\u00edculos, conocidos como\u00a0<a href=\"https:\/\/legislature.idaho.gov\/statutesrules\/idstat\/title6\/\" target=\"_blank\" rel=\"noopener\">da\u00f1os no econ\u00f3micos<\/a>, ser\u00e1n menos obvio ya que no tendr\u00e1 facturas o etiquetas de precio asociadas con ellos.<\/p>\n<p>Un abogado de accidentes de carro en Boise de nuestra firma le ayudar\u00e1 a buscar compensaci\u00f3n financiera para todos los siguientes elementos:<\/p>\n<ul>\n<li>Salarios e ingresos perdidos &#8211; Su recuperaci\u00f3n puede requerir que se pierda el trabajo. Estos salarios perdidos necesitan ser compensados a usted.<\/li>\n<li>Gastos m\u00e9dicos &#8211; Esto no solo incluye sus cuentas m\u00e9dicas actuales. Sus gastos futuros tambi\u00e9n deben ser contabilizados. Su abogado de accidentes de carro en Boise trabajar\u00e1 en estrecha colaboraci\u00f3n con su m\u00e9dico para llegar a una estimaci\u00f3n precisa.<\/li>\n<li>Costos del cuidador y costos de transporte &#8211; Es posible que necesite contratar ayuda para moverse o cuidar de su hogar e hijos mientras se recupera.<\/li>\n<li>Reparaci\u00f3n o reemplazo de veh\u00edculos &#8211; Cualquier da\u00f1o que sufra su veh\u00edculo tendr\u00e1 que ser cubierto.<\/li>\n<li>Dolor y Sufrimiento &#8211; Ya sea emocional o f\u00edsico, usted merece una compensaci\u00f3n por su angustia.<\/li>\n<li>P\u00e9rdida de Consorcio &#8211; A veces la tensi\u00f3n emocional y f\u00edsica causada por lesiones puede da\u00f1ar el matrimonio y otras relaciones personales.<\/li>\n<li>Disminuci\u00f3n de la calidad de vida &#8211; Vivir con una nueva discapacidad puede requerir un estilo de vida completamente diferente al que est\u00e1 acostumbrado.<\/li>\n<\/ul>\n<p>&nbsp;<\/p>\n<p>Llegar a una cantidad en d\u00f3lares para todo lo afectado por un accidente de coche es dif\u00edcil. Un abogado de accidentes de carro en Boise se asegurar\u00e1 de que nada se pasa por alto para que usted pueda estar seguro de que su soluci\u00f3n va a satisfacer sus necesidades ahora y en el futuro.<\/p>\n<p>&nbsp;<\/p>\n<h2>\u00bfQui\u00e9n fue responsable por su accidente de carro?<\/h2>\n<p>Por supuesto, para recibir una compensaci\u00f3n financiera, tendremos que determinar con precisi\u00f3n qui\u00e9n fue el culpable y\u00a0como. Su abogado de accidentes de carro en Boise investigar\u00e1 todos los detalles que llevaron a su accidente para que pueda nombrar a todos los que llevaron algo de la culpa por lo que pas\u00f3.<\/p>\n<h3>Otros conductores<\/h3>\n<p>Como se mencion\u00f3 anteriormente, la mayor\u00eda de los accidentes automovil\u00edsticos son el resultado de la negligencia. A veces esto pertenece a uno de los conductores, como\u00a0la conducci\u00f3n distrad\u00eda. El uso del tel\u00e9fono celular, comer mientras se conduce, la gesti\u00f3n de una mascota en el coche, discutiendo con un pasajero. . . La lista de posibles distracciones es casi interminable. Dicho esto, los conductores tienen la responsabilidad de mantener su atenci\u00f3n donde pertenece: en el camino.<\/p>\n<p>La conducci\u00f3n ebrio\u00a0Y la rabia del camino son otros dos culpables tristemente comunes. Al igual que los excesos de velocidad y otros actos de conducci\u00f3n descuidada y imprudente. Un abogado de accidentes de carro en Boise de nuestra oficina ser\u00e1 capaz de encontrar cualquier evidencia disponible en estos accidentes para que pueda ser utilizado contra el otro conductor.<\/p>\n<h3>Terceros y factores externos<\/h3>\n<p>Sin embargo, tambi\u00e9n hay accidentes automovil\u00edsticos donde la falla pertenece a un tercero cuya participaci\u00f3n puede no ser obvia. Por ejemplo, un camino peligroso, como un bache profundo o una ca\u00edda inadecuada del hombro, puede hacer que los carros se hundan. Esto podr\u00eda significar que una agencia gubernamental o empresa de mantenimiento fue responsable de lo sucedido.<\/p>\n<p>La construcci\u00f3n de carreteras tambi\u00e9n suele tener un papel importante en los accidentes. Si los trabajadores no aseguran su sitio o no marca con precisi\u00f3n los desv\u00edos, pone a los conductores en riesgo, y \u00e9stos son s\u00f3lo dos posibilidades.<\/p>\n<h2>Tipos de accidentes de carros<\/h2>\n<p>El\u00a0tipo de accidente de carro\u00a0en que usted particip\u00f3 tambi\u00e9n le ayudar\u00e1 a determinar qui\u00e9n era verdaderamente culpable. La direcci\u00f3n en la que fue golpeado puede proporcionar una gran cantidad de evidencia e informaci\u00f3n cuando se toma en contexto con otros factores. Aseg\u00farese de proporcionar a su abogado de accidentes de carro en Boise con todos los detalles de su accidente.<\/p>\n<p>Estos son algunos de los tipos de accidentes m\u00e1s comunes que se ven en Idaho:<\/p>\n<ul>\n<li>Accidente \u00f3seo<\/li>\n<li>Accidente de refil\u00f3n contra<\/li>\n<li>Colisi\u00f3n frontal<\/li>\n<li>Colisi\u00f3n trasera<\/li>\n<li>Dese la vuelta<\/li>\n<li>Golpear y correr<\/li>\n<li>Accidentes en el estacionamiento<\/li>\n<\/ul>\n<h2>Preguntas frecuentes de accidentes de carros en Boise<\/h2>\n<p>Un abogado de accidentes de carro en Boise de nuestra oficina ser\u00e1 capaz de responder a cualquier pregunta que pueda tener durante su evaluaci\u00f3n gratuita del caso. Esta es s\u00f3lo una peque\u00f1a selecci\u00f3n de las preguntas que nos hacen los clientes.<\/p>\n<h3>\u00bfC\u00f3mo funciona el seguro de auto en Idaho?<\/h3>\n<p>Idaho es un \u00abestado de falla\u00bb cuando se trata de seguro de autom\u00f3vil. Esto significa que los conductores deben llevar una p\u00f3liza de seguro que pagar\u00e1 por cualquier da\u00f1o que causen en un accidente. Al perseguir una demanda de lesiones personales contra otro conductor en Idaho, la compensaci\u00f3n financiera muy probablemente provendr\u00e1 de su compa\u00f1\u00eda de seguros.<\/p>\n<h3>\u00bfDebo hablar con la compa\u00f1\u00eda de seguros del otro conductor despu\u00e9s del accidente de carro?<\/h3>\n<p>Los ajustadores del seguro intentar\u00e1n a menudo hacerle una declaraci\u00f3n despu\u00e9s de un accidente. Desafortunadamente, el principal inter\u00e9s de la compa\u00f1\u00eda de seguros es pagarle lo menos posible, por lo que nunca debe hablar con ellos, ya que pueden usar sus palabras fuera de contexto en contra de usted m\u00e1s tarde. En su lugar, rem\u00edtalos a su abogado para todas las comunicaciones.<\/p>\n<h3>\u00bfQu\u00e9 sucede si tuve una falla parcial en un accidente de carro?<\/h3>\n<p>Idaho observa\u00a0<a href=\"https:\/\/legislature.idaho.gov\/statutesrules\/idstat\/title6\/\" target=\"_blank\" rel=\"noopener\">fallas comparativas<\/a>. Esto significa que usted puede ser parcialmente culpable y seguir siendo elegible para la compensaci\u00f3n financiera. Su porcentaje de culpa reducir\u00e1 directamente su cantidad de liquidaci\u00f3n, pero siempre y cuando alguien m\u00e1s fue por lo menos 51 por ciento responsable, todav\u00eda puede recoger la compensaci\u00f3n monetaria.<\/p>\n<p>&nbsp;<\/p>\n<h2>P\u00f3ngase en contacto con un experto abogado de accidentes de carros en Boise<\/h2>\n<p>Despu\u00e9s de un accidente de carro, actuar lo antes posible para asegurarse de que usted ser\u00e1 capaz de lograr los resultados de la liquidaci\u00f3n que usted se merece. Un abogado de accidentes de carro en Boise de\u00a0<a href=\"https:\/\/craigswapp.com\/spanish\/\">Craig Swapp &amp; Associates<\/a>\u00a0har\u00e1 todo lo posible para llevar su caso a una conclusi\u00f3n exitosa.<\/p>\n<p>Estamos\u00a0<a href=\"https:\/\/birdeye.com\/craig-swapp-associates-147042625253278\" target=\"_blank\" rel=\"noopener\">dedicados a ayudar a nuetsros clientes<\/a>\u00a0a trav\u00e9s de los tiempos tumultuosos despu\u00e9s de un accidente. Programe un tiempo para discutir los detalles de su caso durante una consulta gratuita. Para empezar, solo llame al <a href=\"tel:18004049000\">1-855-628-5050<\/a>\u00a0o llene el formulario de contacto en la parte inferior de esta p\u00e1gina. \u00a1Una llamada, basta!<\/p>\n<p>&nbsp;<\/p>\n<p>&nbsp;<\/p>\n<div>\n<div><\/div>\n<p>&nbsp;<\/p>\n<div>\n<div>\n<p><span style=\"display: none;\">\u2605\u2605\u2605\u2605\u2605<\/span><\/p>\n<\/div>\n<h2>Craig Swapp opini\u00f3n del cliente<\/h2>\n<p>Mi experiencia con Craig Swapp and Associates ha sido excelente hasta ahora. Despu\u00e9s de ser golpeado por otro conductor hace m\u00e1s de dos a\u00f1os, me lastim\u00e9 y he sufrido desde entonces. Las actividades diarias han sido un desaf\u00edo y no he sido capaz de disfrutar de las actividades f\u00edsicas que sol\u00eda disfrutar &#8211; senderismo, pesca, camping, jardiner\u00eda, yoga, etc debido a la lesi\u00f3n. No s\u00f3lo he sufrido f\u00edsicamente, sino tambi\u00e9n financieramente. La persona que me golpe\u00f3 totaliz\u00f3 mi coche, as\u00ed que tuve que comprar uno nuevo y ahora tengo un pago mensual que no esperaba. Mi tasa de seguro de auto aument\u00f3 (y continuar\u00e1 haci\u00e9ndolo durante los pr\u00f3ximos tres a\u00f1os). Fui a discutir mi accidente con Craig Swapp para ver si podr\u00edan ayudarme. No s\u00f3lo eran profesionales, sino que me informaron del proceso, recopilaron toda la informaci\u00f3n necesaria para el caso y me mantuvieron al corriente de d\u00f3nde estaba el caso. Se han encargado de todos los aspectos y han tomado el estr\u00e9s de la situaci\u00f3n. Se los recomiendo a amigos y familiares en el futuro. <strong>Krista Biorn<\/strong><\/p>\n<\/div>\n<\/div>\n","protected":false},"excerpt":{"rendered":"<p>Para la mayor\u00eda de nosotros, entrar en un accidente de carro en alg\u00fan momento ser\u00e1 inevitable. Debido a que muchos accidentes automovil\u00edsticos son causados por [&hellip;]<\/p>\n","protected":false},"author":2,"featured_media":0,"parent":3705,"menu_order":0,"comment_status":"closed","ping_status":"closed","template":"","meta":{"_acf_changed":false,"inline_featured_image":false,"footnotes":""},"class_list":["post-4399","page","type-page","status-publish","hentry"],"acf":[],"_links":{"self":[{"href":"https:\/\/craigswapp.com\/spanish\/wp-json\/wp\/v2\/pages\/4399","targetHints":{"allow":["GET"]}}],"collection":[{"href":"https:\/\/craigswapp.com\/spanish\/wp-json\/wp\/v2\/pages"}],"about":[{"href":"https:\/\/craigswapp.com\/spanish\/wp-json\/wp\/v2\/types\/page"}],"author":[{"embeddable":true,"href":"https:\/\/craigswapp.com\/spanish\/wp-json\/wp\/v2\/users\/2"}],"replies":[{"embeddable":true,"href":"https:\/\/craigswapp.com\/spanish\/wp-json\/wp\/v2\/comments?post=4399"}],"version-history":[{"count":1,"href":"https:\/\/craigswapp.com\/spanish\/wp-json\/wp\/v2\/pages\/4399\/revisions"}],"predecessor-version":[{"id":10925,"href":"https:\/\/craigswapp.com\/spanish\/wp-json\/wp\/v2\/pages\/4399\/revisions\/10925"}],"up":[{"embeddable":true,"href":"https:\/\/craigswapp.com\/spanish\/wp-json\/wp\/v2\/pages\/3705"}],"wp:attachment":[{"href":"https:\/\/craigswapp.com\/spanish\/wp-json\/wp\/v2\/media?parent=4399"}],"curies":[{"name":"wp","href":"https:\/\/api.w.org\/{rel}","templated":true}]}}