{"id":4285,"date":"2016-05-14T22:34:37","date_gmt":"2016-05-14T22:34:37","guid":{"rendered":"http:\/\/craigswapp1.wpengine.com\/?page_id=4285"},"modified":"2021-05-12T13:15:09","modified_gmt":"2021-05-12T13:15:09","slug":"abogado-accidentes-carros-walla-walla","status":"publish","type":"page","link":"https:\/\/craigswapp.com\/spanish\/walla-walla\/abogado-accidentes-carros-walla-walla\/","title":{"rendered":"Abogado de accidentes de carros en Walla Walla"},"content":{"rendered":"<p>\nLos abogados de accidentes de carros en Walla Walla de Craig Swapp &amp; Associates ayudan a las v\u00edctimas lesionadas de accidentes en Walla Walla, Washington. Con a\u00f1os de experiencia para respaldarlos, nuestros abogados est\u00e1n listos para defender sus derechos de compensaci\u00f3n despu\u00e9s de ser lesionados en un accidente.<\/p>\n<h2>Cuando ocurre un accidente de carros&#8230;<\/h2>\n<p>Cuando ocurre un accidente de carro, queda lidiando con el dolor, el estr\u00e9s y una serie de nuevas preocupaciones financieras. Permita que nuestro personal le quite parte de la carga al manejar sus papeles, negociaciones y pruebas. No nos detendremos ante nada para ver que la otra parte respeta sus derechos legales. Deben proporcionarle las finanzas necesarias para cubrir las facturas m\u00e9dicas que ahora tiene debido a su negligencia. Nuestro abogado de carros en Walla Walla est\u00e1 aqu\u00ed para asegurarse de que suceda, y que el proceso sea lo m\u00e1s sencillo posible para usted.<\/p>\n<p>En todo el mundo, m\u00e1s de tres mil personas sufren heridas fatales en accidentes automovil\u00edsticos todos los d\u00edas. En cuanto a los sobrevivientes, millones y millones quedan gravemente heridos despu\u00e9s de su accidente. Si usted es una de las muchas personas que han resultado lesionadas en un accidente automovil\u00edstico, obtenga la ayuda que necesita y merece, comenzando ahora mismo, de un abogado o miembro del personal de apoyo.<\/p>\n<h2>Confi\u00e9 en un abogado con experiencia<\/h2>\n<p>Hemos recuperado millones de d\u00f3lares para nuestros clientes y estamos listos para hacer lo mismo por usted. Las consultas nunca cuestan un centavo, y est\u00e1n disponibles las veinticuatro horas del d\u00eda. Nuestros investigadores pueden reunirse en cualquier lugar que sea conveniente para usted, incluso su propia casa.<\/p>\n<p>P\u00f3ngase en contacto con un abogado ahora mismo y comience a explicar lo que sucedi\u00f3 en su accidente de carros GRATIS. Ll\u00e1menos al 855-628-5050 Estaremos a la espera de saber de usted.<\/p>\n","protected":false},"excerpt":{"rendered":"<p>Los abogados de accidentes de carros en Walla Walla de Craig Swapp &amp; Associates ayudan a las v\u00edctimas lesionadas de accidentes en Walla Walla, Washington. [&hellip;]<\/p>\n","protected":false},"author":2,"featured_media":0,"parent":3733,"menu_order":0,"comment_status":"closed","ping_status":"closed","template":"","meta":{"_acf_changed":false,"inline_featured_image":false,"footnotes":""},"class_list":["post-4285","page","type-page","status-publish","hentry"],"acf":[],"_links":{"self":[{"href":"https:\/\/craigswapp.com\/spanish\/wp-json\/wp\/v2\/pages\/4285","targetHints":{"allow":["GET"]}}],"collection":[{"href":"https:\/\/craigswapp.com\/spanish\/wp-json\/wp\/v2\/pages"}],"about":[{"href":"https:\/\/craigswapp.com\/spanish\/wp-json\/wp\/v2\/types\/page"}],"author":[{"embeddable":true,"href":"https:\/\/craigswapp.com\/spanish\/wp-json\/wp\/v2\/users\/2"}],"replies":[{"embeddable":true,"href":"https:\/\/craigswapp.com\/spanish\/wp-json\/wp\/v2\/comments?post=4285"}],"version-history":[{"count":2,"href":"https:\/\/craigswapp.com\/spanish\/wp-json\/wp\/v2\/pages\/4285\/revisions"}],"predecessor-version":[{"id":11241,"href":"https:\/\/craigswapp.com\/spanish\/wp-json\/wp\/v2\/pages\/4285\/revisions\/11241"}],"up":[{"embeddable":true,"href":"https:\/\/craigswapp.com\/spanish\/wp-json\/wp\/v2\/pages\/3733"}],"wp:attachment":[{"href":"https:\/\/craigswapp.com\/spanish\/wp-json\/wp\/v2\/media?parent=4285"}],"curies":[{"name":"wp","href":"https:\/\/api.w.org\/{rel}","templated":true}]}}