{"id":4283,"date":"2016-05-14T22:30:03","date_gmt":"2016-05-14T22:30:03","guid":{"rendered":"http:\/\/craigswapp1.wpengine.com\/?page_id=4283"},"modified":"2021-05-12T14:39:27","modified_gmt":"2021-05-12T14:39:27","slug":"truck-accident-lawyer","status":"publish","type":"page","link":"https:\/\/craigswapp.com\/spanish\/twin-falls\/truck-accident-lawyer\/","title":{"rendered":"\u00bfSe ha resultado lesionado en un accidente de camiones?"},"content":{"rendered":"<p>\nLa presentaci\u00f3n de una demanda por un accidente relacionado con un cami\u00f3n es mucho m\u00e1s complicada que un caso t\u00edpico. Esto se debe a algunos factores diferentes, incluida la din\u00e1mica del accidente, las diversas leyes que rigen la industria de camiones. Para colmo, este es un asunto sensible al tiempo que requiere una acci\u00f3n r\u00e1pida. \u00bfLe siente abrumado? No se preocupe un abogado especializado en accidentes de camiones en Twin Falls de nuestra oficina puede ayudarlo.<\/p>\n<p>El impacto devastador de un cami\u00f3n de 18 ruedas o un cami\u00f3n similar tiende a ser mucho peor que el de un accidente regular.<\/p>\n<p>Su facilidad para perder el control, su peso y tama\u00f1o son las razones principales por las que los veh\u00edculos comerciales son capaces de causar tanto da\u00f1o. Como resultado, las lesiones pueden incluir desde huesos rotos hasta extremidades cortadas.<\/p>\n<h2>Las estad\u00edsticas aterradoras de accidentes de camiones<\/h2>\n<p>\u00bfSab\u00eda que 1 de cada 8 muertes de tr\u00e1fico involucra un cami\u00f3n grande u otros veh\u00edculos comerciales? Adem\u00e1s, aproximadamente el 4% de cada lesi\u00f3n sufrida en la carretera es culpa de camiones grandes. Cuando uno de estos grandes veh\u00edculos est\u00e1 involucrado en un choque, el 77% de los lesionados y el 86% de las muertes son aquellos que fueron pasajeros y conductores de los veh\u00edculos m\u00e1s peque\u00f1os en el accidente.<\/p>\n<p>A pesar de que la cantidad de accidentes de camiones sigue aumentando, no se est\u00e1 modificando mucho para mejorar las normas de seguridad en la conducci\u00f3n. De hecho, las estad\u00edsticas muestran que hay un accidente de cami\u00f3n grande en los Estados Unidos cada 16 minutos.<\/p>\n<p>Si ha sido v\u00edctima de un accidente de cami\u00f3n, no dude en ponerse en contacto con uno de nuestros abogados de confianza para manejar su reclamo. La ayuda est\u00e1 a solo una llamada, y est\u00e1 disponible a cada hora. Llamenos al 855-628-5050.<\/p>\n","protected":false},"excerpt":{"rendered":"<p>La presentaci\u00f3n de una demanda por un accidente relacionado con un cami\u00f3n es mucho m\u00e1s complicada que un caso t\u00edpico. Esto se debe a algunos [&hellip;]<\/p>\n","protected":false},"author":2,"featured_media":0,"parent":3719,"menu_order":0,"comment_status":"closed","ping_status":"closed","template":"","meta":{"_acf_changed":false,"inline_featured_image":false,"footnotes":""},"class_list":["post-4283","page","type-page","status-publish","hentry"],"acf":[],"_links":{"self":[{"href":"https:\/\/craigswapp.com\/spanish\/wp-json\/wp\/v2\/pages\/4283","targetHints":{"allow":["GET"]}}],"collection":[{"href":"https:\/\/craigswapp.com\/spanish\/wp-json\/wp\/v2\/pages"}],"about":[{"href":"https:\/\/craigswapp.com\/spanish\/wp-json\/wp\/v2\/types\/page"}],"author":[{"embeddable":true,"href":"https:\/\/craigswapp.com\/spanish\/wp-json\/wp\/v2\/users\/2"}],"replies":[{"embeddable":true,"href":"https:\/\/craigswapp.com\/spanish\/wp-json\/wp\/v2\/comments?post=4283"}],"version-history":[{"count":3,"href":"https:\/\/craigswapp.com\/spanish\/wp-json\/wp\/v2\/pages\/4283\/revisions"}],"predecessor-version":[{"id":11473,"href":"https:\/\/craigswapp.com\/spanish\/wp-json\/wp\/v2\/pages\/4283\/revisions\/11473"}],"up":[{"embeddable":true,"href":"https:\/\/craigswapp.com\/spanish\/wp-json\/wp\/v2\/pages\/3719"}],"wp:attachment":[{"href":"https:\/\/craigswapp.com\/spanish\/wp-json\/wp\/v2\/media?parent=4283"}],"curies":[{"name":"wp","href":"https:\/\/api.w.org\/{rel}","templated":true}]}}