{"id":4281,"date":"2016-05-14T22:29:49","date_gmt":"2016-05-14T22:29:49","guid":{"rendered":"http:\/\/craigswapp1.wpengine.com\/?page_id=4281"},"modified":"2021-05-12T15:31:08","modified_gmt":"2021-05-12T15:31:08","slug":"abogado-accidentes-carros-twin-falls","status":"publish","type":"page","link":"https:\/\/craigswapp.com\/spanish\/twin-falls\/abogado-accidentes-carros-twin-falls\/","title":{"rendered":"Abogado de accidentes de carros en Twin Falls"},"content":{"rendered":"<p>\n<a href=\"https:\/\/craigswapp.com\/spanish\/wp-content\/uploads\/2015\/11\/week2caraccident-e1468557285936.jpg\"><img loading=\"lazy\" decoding=\"async\" class=\"size-medium wp-image-2797 alignright\" src=\"https:\/\/craigswapp.com\/spanish\/wp-content\/uploads\/2015\/11\/week2caraccident-e1468557285936.jpg\" alt=\"Ellensburg car accident attorney\" width=\"300\" height=\"199\" srcset=\"https:\/\/craigswapp.com\/spanish\/wp-content\/uploads\/2015\/11\/week2caraccident-e1468557285936.jpg 400w, https:\/\/craigswapp.com\/spanish\/wp-content\/uploads\/2015\/11\/week2caraccident-e1468557285936-300x199.jpg 300w\" sizes=\"auto, (max-width: 300px) 100vw, 300px\" \/><\/a><\/p>\n<p>M\u00e1s de 50,000 accidentes ocurren anualmente en Idaho. Aproximadamente 200 de esos accidentes de tr\u00e1nsito resultan en muertes. El razonamiento detr\u00e1s de estos accidentes var\u00eda, y puede ocurrir debido al clima o un momento de distracci\u00f3n por parte del conductor. Cuando no fue tu culpa, no debes dejarte sufrir por endeudarte por facturas m\u00e9dicas. Podemos ayudar a aclarar las cosas.<\/p>\n<p>Mientras las compa\u00f1\u00edas de seguros y los conductores culpables intentan reducir la gravedad de sus lesiones y dificultades, Swapp y Asociados le recordar\u00e1n a la corte sus sufrimientos. Abogar\u00e1n en su nombre y solicitar\u00e1n la m\u00e1xima indemnizaci\u00f3n permitida.<\/p>\n<p>Las conversaciones y consultas con la firma no cuestan nada, nunca. Ll\u00e1menos ahora mismo para que un abogado de accidentes de carros en Twin Falls pueda brindarle detalles sobre lo que se puede hacer por usted.<\/p>\n<h2>\u00bfAccidente? Llame a un abogado de accidentes de carros en Twin Falls<\/h2>\n<p>Estar involucrado en un accidente automovil\u00edstico puede ser traum\u00e1tico en una variedad de niveles. No solo se enfrenta a la dif\u00edcil tarea de recuperarse de lesiones f\u00edsicas, sino que tambi\u00e9n debe recuperarse de las dificultades financieras que se han producido.<\/p>\n<p>Los abogados de nuestra oficina tienen una amplia experiencia en esta \u00e1rea y tienen un historial impecable en lo que respecta a accidentes de tr\u00e1fico y otros accidentes de tr\u00e1fico.<\/p>\n<p>Si se encuentra v\u00edctima de un accidente de carro en Twin Falls, nuestros abogados estar\u00e1n encantados de ayudarle. Son expresamente capaces de ayudarlo a obtener una recuperaci\u00f3n financiera por sus lesiones y efectos residuales. Nuestros abogados y personal lo guiar\u00e1n a trav\u00e9s de cada paso del proceso legal y se asegurar\u00e1n de que comprenda a fondo todas sus opciones disponibles.<\/p>\n","protected":false},"excerpt":{"rendered":"<p>M\u00e1s de 50,000 accidentes ocurren anualmente en Idaho. Aproximadamente 200 de esos accidentes de tr\u00e1nsito resultan en muertes. El razonamiento detr\u00e1s de estos accidentes var\u00eda, [&hellip;]<\/p>\n","protected":false},"author":2,"featured_media":0,"parent":3719,"menu_order":0,"comment_status":"closed","ping_status":"closed","template":"","meta":{"_acf_changed":false,"inline_featured_image":false,"footnotes":""},"class_list":["post-4281","page","type-page","status-publish","hentry"],"acf":[],"_links":{"self":[{"href":"https:\/\/craigswapp.com\/spanish\/wp-json\/wp\/v2\/pages\/4281","targetHints":{"allow":["GET"]}}],"collection":[{"href":"https:\/\/craigswapp.com\/spanish\/wp-json\/wp\/v2\/pages"}],"about":[{"href":"https:\/\/craigswapp.com\/spanish\/wp-json\/wp\/v2\/types\/page"}],"author":[{"embeddable":true,"href":"https:\/\/craigswapp.com\/spanish\/wp-json\/wp\/v2\/users\/2"}],"replies":[{"embeddable":true,"href":"https:\/\/craigswapp.com\/spanish\/wp-json\/wp\/v2\/comments?post=4281"}],"version-history":[{"count":2,"href":"https:\/\/craigswapp.com\/spanish\/wp-json\/wp\/v2\/pages\/4281\/revisions"}],"predecessor-version":[{"id":11492,"href":"https:\/\/craigswapp.com\/spanish\/wp-json\/wp\/v2\/pages\/4281\/revisions\/11492"}],"up":[{"embeddable":true,"href":"https:\/\/craigswapp.com\/spanish\/wp-json\/wp\/v2\/pages\/3719"}],"wp:attachment":[{"href":"https:\/\/craigswapp.com\/spanish\/wp-json\/wp\/v2\/media?parent=4281"}],"curies":[{"name":"wp","href":"https:\/\/api.w.org\/{rel}","templated":true}]}}