{"id":4276,"date":"2016-05-14T22:24:58","date_gmt":"2016-05-14T22:24:58","guid":{"rendered":"http:\/\/craigswapp1.wpengine.com\/?page_id=4276"},"modified":"2021-05-12T15:29:53","modified_gmt":"2021-05-12T15:29:53","slug":"abogado-accidentes-camiones-st-george","status":"publish","type":"page","link":"https:\/\/craigswapp.com\/spanish\/st-george\/abogado-accidentes-camiones-st-george\/","title":{"rendered":"Abogado de accidentes de camiones en St. George"},"content":{"rendered":"<p><img loading=\"lazy\" decoding=\"async\" width=\"750\" height=\"243\" class=\"alignright size-full wp-image-391\" src=\"\/\/www.craigswapp.com\/wp-content\/uploads\/2014\/09\/truck-accident.jpg\" alt=\"St. George Truck Accident Lawyer\" srcset=\"https:\/\/craigswapp.com\/spanish\/wp-content\/uploads\/2014\/09\/truck-accident.jpg 750w, https:\/\/craigswapp.com\/spanish\/wp-content\/uploads\/2014\/09\/truck-accident-300x97.jpg 300w\" sizes=\"auto, (max-width: 750px) 100vw, 750px\" \/><\/p>\n<h1>Abogado de accidentes de camiones en St. George<\/h1>\n<p>Craig Swapp &amp; Associates tiene un equipo de abogados especializados en accidentes de camiones en St. George que puede ayudarlo a recuperarse despu\u00e9s de que un grave accidente con un cami\u00f3n de 18 ruedas le haya causado dolor y trauma. En caso de que est\u00e9 buscando un abogado de accidentes de camiones en St. George altamente capacitado y experimentado, no busque m\u00e1s.<\/p>\n<p>Si usted, su amigo o ser querido est\u00e1 involucrado en un accidente de cami\u00f3n en St. George, es crucial que contrate a un abogado de accidentes de camiones que tenga conocimiento de las regulaciones de los camiones y las leyes estatales sobre el lugar donde ocurri\u00f3 el accidente. Es la mejor manera de aumentar sus posibilidades de obtener un arreglo exitoso.<\/p>\n<p>Es importante tener en cuenta que la mayor\u00eda de las compa\u00f1\u00edas de camiones tienen sus propios equipos profesionales de respuesta a accidentes en espera. El \u00fanico objetivo de estos equipos es organizar una defensa contra cualquier reclamo por lesiones de accidentes de camiones que se les presente. \u00bfRealmente cree que deber\u00eda tratar algo como esto sin un abogado? Lo m\u00e1s probable es que un abogado experto en accidentes de camiones sea la \u00daNICA manera de superar a estas grandes compa\u00f1\u00edas de camiones, su grupo de seguros y su abogado.<\/p>\n<p>Podemos nivelar el campo de juego para usted al perseguir agresivamente la m\u00e1xima compensaci\u00f3n para usted o su ser querido. Manejamos accidentes que involucran todo tipo de camiones. Con nuestras d\u00e9cadas de experiencia en casos de accidentes de camiones y una tasa de \u00e9xito inigualable, puede estar seguro de obtener la mejor representaci\u00f3n legal cuando nos elija.<\/p>\n<p><strong>Llame a nuestro equipo de abogados de accidentes de camiones en cualquier momento. &#8211; 855-628-5050<\/strong><\/p>\n","protected":false},"excerpt":{"rendered":"<p>Abogado de accidentes de camiones en St. George Craig Swapp &amp; Associates tiene un equipo de abogados especializados en accidentes de camiones en St. George [&hellip;]<\/p>\n","protected":false},"author":2,"featured_media":0,"parent":3693,"menu_order":0,"comment_status":"closed","ping_status":"closed","template":"","meta":{"_acf_changed":false,"inline_featured_image":false,"footnotes":""},"class_list":["post-4276","page","type-page","status-publish","hentry"],"acf":[],"_links":{"self":[{"href":"https:\/\/craigswapp.com\/spanish\/wp-json\/wp\/v2\/pages\/4276","targetHints":{"allow":["GET"]}}],"collection":[{"href":"https:\/\/craigswapp.com\/spanish\/wp-json\/wp\/v2\/pages"}],"about":[{"href":"https:\/\/craigswapp.com\/spanish\/wp-json\/wp\/v2\/types\/page"}],"author":[{"embeddable":true,"href":"https:\/\/craigswapp.com\/spanish\/wp-json\/wp\/v2\/users\/2"}],"replies":[{"embeddable":true,"href":"https:\/\/craigswapp.com\/spanish\/wp-json\/wp\/v2\/comments?post=4276"}],"version-history":[{"count":2,"href":"https:\/\/craigswapp.com\/spanish\/wp-json\/wp\/v2\/pages\/4276\/revisions"}],"predecessor-version":[{"id":11491,"href":"https:\/\/craigswapp.com\/spanish\/wp-json\/wp\/v2\/pages\/4276\/revisions\/11491"}],"up":[{"embeddable":true,"href":"https:\/\/craigswapp.com\/spanish\/wp-json\/wp\/v2\/pages\/3693"}],"wp:attachment":[{"href":"https:\/\/craigswapp.com\/spanish\/wp-json\/wp\/v2\/media?parent=4276"}],"curies":[{"name":"wp","href":"https:\/\/api.w.org\/{rel}","templated":true}]}}