{"id":4275,"date":"2016-05-14T22:24:32","date_gmt":"2016-05-14T22:24:32","guid":{"rendered":"http:\/\/craigswapp1.wpengine.com\/?page_id=4275"},"modified":"2021-05-12T13:08:57","modified_gmt":"2021-05-12T13:08:57","slug":"abogado-accidentes-carros-st-george","status":"publish","type":"page","link":"https:\/\/craigswapp.com\/spanish\/st-george\/abogado-accidentes-carros-st-george\/","title":{"rendered":"Abogado de accidentes de carros en St. George"},"content":{"rendered":"<p>\nLos accidentes de carros da\u00f1an entre 30 y 50 millones de v\u00edctimas cada a\u00f1o en todo el mundo (sin mencionar que matan a m\u00e1s de un mill\u00f3n). Con la alta poblaci\u00f3n de St. George, puede estar seguro de que aqu\u00ed ocurren accidentes automovil\u00edsticos.<\/p>\n<p>Tratar con un accidente puede parecer simple desde lejos, pero en realidad, es probable que la compa\u00f1\u00eda de seguros lo ignore. Ah\u00f3rrese la molestia y el estr\u00e9s de manejar su reclamo solo. Cuando contrate a un abogado de nuestra oficina, ellos se asegurar\u00e1n de que su documentaci\u00f3n est\u00e9 archivada, el proceso se est\u00e9 realizando sin problemas y la compa\u00f1\u00eda de seguros le est\u00e9 dando la cantidad correcta que deber\u00eda. Proteja su derecho a una compensaci\u00f3n obteniendo un abogado de accidentes de carros a su lado.<\/p>\n<h2>Llame a nuestro abogado de accidentes de carros en St. George<\/h2>\n<p>Los accidentes automovil\u00edsticos son, sin duda, los tipos m\u00e1s comunes de accidentes automovil\u00edsticos. Pueden ser eventos extremadamente traum\u00e1ticos, especialmente cuando causan la muerte, lesiones graves y \/ o da\u00f1os graves al autom\u00f3vil. Cuando alguien m\u00e1s tiene la culpa, no debes dejar de pagar. Es hora de conseguir un abogado.<\/p>\n<p>Es crucial contar con un abogado competente en accidentes automovil\u00edsticos para manejar las consecuencias de un accidente, incluida la obtenci\u00f3n de la compensaci\u00f3n que usted merece. Ah\u00ed es donde los abogados de Craig Swapp &amp; Associates son \u00fatiles. Tenemos el equipo de abogados especializados en accidentes automovil\u00edsticos en St. George para ayudarlo a lidiar con su accidente automovil\u00edstico.<\/p>\n<p>Cuando nos elijas, no tienes que preocuparte por nada. Puede tener tranquilidad, ya que manejamos todo por usted. Para facilitarle las cosas, nuestras consultas son gratuitas y no hay cargo hasta que gane. Adem\u00e1s, tenemos personas en vivo listas para escuchar acerca de su accidente en TODO MOMENTO. Ll\u00e1manos ahora, te alegrar\u00e1s de haberlo hecho.<\/p>\n<p>Ll\u00e1menos a St.George llamando al 855-628-5050 a cualquier hora, de d\u00eda o de noche.<\/p>\n","protected":false},"excerpt":{"rendered":"<p>Los accidentes de carros da\u00f1an entre 30 y 50 millones de v\u00edctimas cada a\u00f1o en todo el mundo (sin mencionar que matan a m\u00e1s de [&hellip;]<\/p>\n","protected":false},"author":2,"featured_media":0,"parent":3693,"menu_order":0,"comment_status":"closed","ping_status":"closed","template":"","meta":{"_acf_changed":false,"inline_featured_image":false,"footnotes":""},"class_list":["post-4275","page","type-page","status-publish","hentry"],"acf":[],"_links":{"self":[{"href":"https:\/\/craigswapp.com\/spanish\/wp-json\/wp\/v2\/pages\/4275","targetHints":{"allow":["GET"]}}],"collection":[{"href":"https:\/\/craigswapp.com\/spanish\/wp-json\/wp\/v2\/pages"}],"about":[{"href":"https:\/\/craigswapp.com\/spanish\/wp-json\/wp\/v2\/types\/page"}],"author":[{"embeddable":true,"href":"https:\/\/craigswapp.com\/spanish\/wp-json\/wp\/v2\/users\/2"}],"replies":[{"embeddable":true,"href":"https:\/\/craigswapp.com\/spanish\/wp-json\/wp\/v2\/comments?post=4275"}],"version-history":[{"count":2,"href":"https:\/\/craigswapp.com\/spanish\/wp-json\/wp\/v2\/pages\/4275\/revisions"}],"predecessor-version":[{"id":11211,"href":"https:\/\/craigswapp.com\/spanish\/wp-json\/wp\/v2\/pages\/4275\/revisions\/11211"}],"up":[{"embeddable":true,"href":"https:\/\/craigswapp.com\/spanish\/wp-json\/wp\/v2\/pages\/3693"}],"wp:attachment":[{"href":"https:\/\/craigswapp.com\/spanish\/wp-json\/wp\/v2\/media?parent=4275"}],"curies":[{"name":"wp","href":"https:\/\/api.w.org\/{rel}","templated":true}]}}