{"id":4272,"date":"2016-05-14T22:02:26","date_gmt":"2016-05-14T22:02:26","guid":{"rendered":"http:\/\/craigswapp1.wpengine.com\/?page_id=4272"},"modified":"2021-05-12T12:49:04","modified_gmt":"2021-05-12T12:49:04","slug":"abogado-accidentes-camiones-south-jordan","status":"publish","type":"page","link":"https:\/\/craigswapp.com\/spanish\/abogado-lesiones-personales-south-jordan\/abogado-accidentes-camiones-south-jordan\/","title":{"rendered":"Abogado de accidentes de camiones en South Jordan"},"content":{"rendered":"<p>\nLos grandes camiones dominan el camino. Si ha conducido en las carreteras interestatales recientemente, sabe que esto es cierto. Con un peso de hasta 90,000 libras cuando est\u00e1 completamente cargado, los camiones grandes son una fuerza incre\u00edble a tener en cuenta.<\/p>\n<p>Debido a su tremendo tama\u00f1o, los camiones grandes a menudo causan da\u00f1os incre\u00edbles cuando se estrellan o colisionan con los veh\u00edculos de pasajeros normales. De acuerdo con la Junta Nacional de Seguridad del Tr\u00e1nsito, los camiones grandes est\u00e1n involucrados en aproximadamente 25,000 accidentes cada a\u00f1o en los Estados Unidos.<\/p>\n<p>\u00bfHa sido lesionado en una colisi\u00f3n con un cami\u00f3n grande? Llame a Craig Swapp and Associates para obtener el servicio de un abogado de accidentes de camiones en South Jordan resistente y tenaz. Ayudamos a personas buenas como usted en todo Utah, Washington e Idaho a obtener la compensaci\u00f3n financiera que legalmente se les debe conforme a la ley cuando son injustamente perjudicados en un accidente automovil\u00edstico. Ll\u00e1menos ahora mismo para contactar a uno de nuestros abogados de accidentes de camiones en South Jordan.<\/p>\n<h2>Lo que debe saber sobre los reclamos de camiones y la compa\u00f1\u00eda de seguros<\/h2>\n<p><a href=\"https:\/\/craigswapp.com\/spanish\/wp-content\/uploads\/2016\/01\/iStock_000077700689_Small-e1468557188206.jpg\"><img loading=\"lazy\" decoding=\"async\" class=\"wp-image-1875 size-medium alignright\" src=\"https:\/\/craigswapp.com\/spanish\/wp-content\/uploads\/2015\/12\/iStock_000062619250_Small-e1468557172221.jpg\" alt=\"moses lake truck accident lawyer\" width=\"300\" height=\"200\" \/><\/a>Muchas personas que pasan por el trauma de un accidente de cami\u00f3n piensan que la compa\u00f1\u00eda de seguros simplemente cumplir\u00e1 con sus obligaciones y le pagar\u00e1 por los da\u00f1os. Sin embargo, este no suele ser el caso. Las compa\u00f1\u00edas de seguros hacen grandes anuncios, y por lo general son muy graciosos, sobre c\u00f3mo les importan y cuidan de usted en su momento de necesidad. No es muy divertido, sin embargo, cuando le dan una vuelta por un reclamo y traten de arreglarle con menos de lo que le merece. No les permitimos jugar con sus derechos.<\/p>\n<p>Llame al 800-404-9000 para hablar con su nuevo abogado de accidentes de camiones en South Jordan..<\/p>\n","protected":false},"excerpt":{"rendered":"<p>Los grandes camiones dominan el camino. Si ha conducido en las carreteras interestatales recientemente, sabe que esto es cierto. Con un peso de hasta 90,000 [&hellip;]<\/p>\n","protected":false},"author":2,"featured_media":0,"parent":3686,"menu_order":0,"comment_status":"closed","ping_status":"closed","template":"","meta":{"_acf_changed":false,"inline_featured_image":false,"footnotes":""},"class_list":["post-4272","page","type-page","status-publish","hentry"],"acf":[],"_links":{"self":[{"href":"https:\/\/craigswapp.com\/spanish\/wp-json\/wp\/v2\/pages\/4272","targetHints":{"allow":["GET"]}}],"collection":[{"href":"https:\/\/craigswapp.com\/spanish\/wp-json\/wp\/v2\/pages"}],"about":[{"href":"https:\/\/craigswapp.com\/spanish\/wp-json\/wp\/v2\/types\/page"}],"author":[{"embeddable":true,"href":"https:\/\/craigswapp.com\/spanish\/wp-json\/wp\/v2\/users\/2"}],"replies":[{"embeddable":true,"href":"https:\/\/craigswapp.com\/spanish\/wp-json\/wp\/v2\/comments?post=4272"}],"version-history":[{"count":2,"href":"https:\/\/craigswapp.com\/spanish\/wp-json\/wp\/v2\/pages\/4272\/revisions"}],"predecessor-version":[{"id":11141,"href":"https:\/\/craigswapp.com\/spanish\/wp-json\/wp\/v2\/pages\/4272\/revisions\/11141"}],"up":[{"embeddable":true,"href":"https:\/\/craigswapp.com\/spanish\/wp-json\/wp\/v2\/pages\/3686"}],"wp:attachment":[{"href":"https:\/\/craigswapp.com\/spanish\/wp-json\/wp\/v2\/media?parent=4272"}],"curies":[{"name":"wp","href":"https:\/\/api.w.org\/{rel}","templated":true}]}}