{"id":4254,"date":"2016-05-14T21:32:29","date_gmt":"2016-05-14T21:32:29","guid":{"rendered":"http:\/\/craigswapp1.wpengine.com\/?page_id=4254"},"modified":"2021-05-10T14:03:20","modified_gmt":"2021-05-10T14:03:20","slug":"abogado-accidentes-camiones-pullman","status":"publish","type":"page","link":"https:\/\/craigswapp.com\/spanish\/pullman\/abogado-accidentes-camiones-pullman\/","title":{"rendered":"Abogado de accidentes de camiones en Pullman"},"content":{"rendered":"<br \/>\n<h2>\u00bfManejando un accidente de cami\u00f3n? Conseguir un abogado.<\/h2>\n<p>Despu\u00e9s de un accidente, especialmente un accidente de cami\u00f3n, hay muchas cosas que pasan por su mente. Algunas de las cosas que intervienen en el manejo de un accidente de cami\u00f3n son saber c\u00f3mo manejar las preguntas de los ajustadores de seguros. El ajustador de seguros de la compa\u00f1\u00eda de camiones siempre est\u00e1 tratando de minimizar la cantidad que tienen que pagar a trav\u00e9s de su reclamo de seguro. No deja que tuercen sus palabras. Recuerde, no est\u00e1 obligado a hablar con nadie sobre su accidente, excepto la polic\u00eda. Un abogado de accidentes de camiones en Pullman puede encargarse del resto por usted.<\/p>\n<p>Otras cosas que le quedan por manejar en un accidente de cami\u00f3n son lidiar con el informe policial, llegar a su primera cita con el m\u00e9dico y administrar sus citas de atenci\u00f3n de seguimiento. Contratar a un abogado de lesiones personales como los de Craig Swapp and Associates puede ayudar a conseguir un arreglo justo.<\/p>\n<h2>Estad\u00edsticas de accidentes de camiones<\/h2>\n<p><a href=\"https:\/\/www.craigswapp.com\/wp-content\/uploads\/2015\/03\/Unknown.jpeg\"><img loading=\"lazy\" decoding=\"async\" class=\"wp-image-1671 size-full alignleft\" src=\"https:\/\/www.craigswapp.com\/wp-content\/uploads\/2015\/03\/Unknown.jpeg\" alt=\"Pasco truck accident attorney\" width=\"224\" height=\"148\" \/><\/a> &#8211; Cada a\u00f1o, hay aproximadamente 15.5 millones de accidentes de camiones.<br \/>\n&#8211; Casi el 90% de los accidentes de camiones comerciales se deben a errores humanos.<br \/>\n&#8211; De ellos, el 75% son causados por conductores de otros veh\u00edculos de pasajeros m\u00e1s peque\u00f1os.<br \/>\n&#8211; En 2012, hubo 46 muertes en Washington causadas por accidentes de camiones.<\/p>\n<h2>Factores que pueden contribuir a los accidentes de camiones<\/h2>\n<p>Hay muchos factores que pueden contribuir a los accidentes de camiones grandes. Algunos de ellos incluyen cargas inestables, malas condiciones de la carretera, conducci\u00f3n imprudente, condiciones clim\u00e1ticas e incluso fallas en los equipos. Alrededor del 30% de los accidentes de camiones est\u00e1n relacionados con la fatiga del conductor. Ninguno de los motivos que mencionamos es culpa suya, \u00bfpor qu\u00e9 deber\u00eda seguir de pagar?<\/p>\n<p>Obtenga la compensaci\u00f3n que merece de un abogado en quien pueda confiar. Llame para obtener ayuda ahora marcando 800-404-9000.<\/p>\n","protected":false},"excerpt":{"rendered":"<p>\u00bfManejando un accidente de cami\u00f3n? Conseguir un abogado. Despu\u00e9s de un accidente, especialmente un accidente de cami\u00f3n, hay muchas cosas que pasan por su mente. [&hellip;]<\/p>\n","protected":false},"author":2,"featured_media":0,"parent":3736,"menu_order":0,"comment_status":"closed","ping_status":"closed","template":"","meta":{"_acf_changed":false,"inline_featured_image":false,"footnotes":""},"class_list":["post-4254","page","type-page","status-publish","hentry"],"acf":[],"_links":{"self":[{"href":"https:\/\/craigswapp.com\/spanish\/wp-json\/wp\/v2\/pages\/4254","targetHints":{"allow":["GET"]}}],"collection":[{"href":"https:\/\/craigswapp.com\/spanish\/wp-json\/wp\/v2\/pages"}],"about":[{"href":"https:\/\/craigswapp.com\/spanish\/wp-json\/wp\/v2\/types\/page"}],"author":[{"embeddable":true,"href":"https:\/\/craigswapp.com\/spanish\/wp-json\/wp\/v2\/users\/2"}],"replies":[{"embeddable":true,"href":"https:\/\/craigswapp.com\/spanish\/wp-json\/wp\/v2\/comments?post=4254"}],"version-history":[{"count":2,"href":"https:\/\/craigswapp.com\/spanish\/wp-json\/wp\/v2\/pages\/4254\/revisions"}],"predecessor-version":[{"id":11082,"href":"https:\/\/craigswapp.com\/spanish\/wp-json\/wp\/v2\/pages\/4254\/revisions\/11082"}],"up":[{"embeddable":true,"href":"https:\/\/craigswapp.com\/spanish\/wp-json\/wp\/v2\/pages\/3736"}],"wp:attachment":[{"href":"https:\/\/craigswapp.com\/spanish\/wp-json\/wp\/v2\/media?parent=4254"}],"curies":[{"name":"wp","href":"https:\/\/api.w.org\/{rel}","templated":true}]}}