{"id":4240,"date":"2016-05-14T20:31:16","date_gmt":"2016-05-14T20:31:16","guid":{"rendered":"http:\/\/craigswapp1.wpengine.com\/?page_id=4240"},"modified":"2021-05-10T13:59:36","modified_gmt":"2021-05-10T13:59:36","slug":"abogado-accidente-carro-pasco","status":"publish","type":"page","link":"https:\/\/craigswapp.com\/spanish\/pasco\/abogado-accidente-carro-pasco\/","title":{"rendered":"Abogado de Accidente de Auto en Pasco"},"content":{"rendered":"<br \/>\n<h2>Nuestro Abogado de Accidente de Auto en Pasco puede Ayudar<\/h2>\n<p>La ciudad de Pasco es parte del condado de Franklin y tambi\u00e9n parte del \u00e1rea de tres estados de Washington. Es el hogar de m\u00e1s de 77.000 personas y ese n\u00famero aumenta con cada a\u00f1o que pasa. Como Pasco gana m\u00e1s residentes y visitantes, las posibilidades de un accidente, como un accidente de carro, aumenta. M\u00e1s personas significan m\u00e1s autos, y m\u00e1s autos significa m\u00e1s accidentes. Es as\u00ed de simple.<\/p>\n<p>Si usted ha pasado por Pasco y estuvo involucrado en un accidente automovil\u00edstico mientras estaba all\u00ed, puede necesitar los servicios de un abogado de accidente de auto en Pasco. Craig Swapp &amp; Associates es un equipo de abogados que trabajan en el \u00e1rea y est\u00e1n disponibles para responder a sus preguntas en este momento. Chat por sitio web, correo electr\u00f3nico, o simplemente llamar para hablar con el abogado que puede ser capaz de cambiar su vida alrededor. Estamos disponibles las 24 horas del d\u00eda.<\/p>\n<p><a href=\"https:\/\/craigswapp.com\/spanish\/wp-content\/uploads\/2015\/05\/iStock_000049963142_Small-e1468560072734.jpg\"><img loading=\"lazy\" decoding=\"async\" class=\"alignnone wp-image-2796 size-medium\" src=\"https:\/\/craigswapp.com\/spanish\/wp-content\/uploads\/2015\/05\/iStock_000059964676_Small-e1468560081962.jpg\" alt=\"Pasco car accident attorney\" width=\"300\" height=\"200\" \/><\/a><\/p>\n<h2>Deje a un Abogado Tratar su Accidente de Carro<\/h2>\n<p>\u00bfSab\u00eda usted que los accidentes automovil\u00edsticos son tan peligrosos, se ha estimado que para el a\u00f1o 2013, los accidentes de tr\u00e1nsito podr\u00eda convertirse en la quinta causa de muerte. M\u00e1s de 37.000 personas mueren cada a\u00f1o de las lesiones sufridas en ellos. Adem\u00e1s de eso, m\u00e1s de 2 millones de personas son lastimadas por ellos, muchos de los cuales permanecen discapacitados por un per\u00edodo prolongado de tiempo.<\/p>\n<p>No se convierta en otra v\u00edctima ignorada. Lo que le sucedi\u00f3 a usted importa, y el dinero que necesita debe proporcionarse como la ley lo permite. Con la ayuda de nuestro abogado de accidentes de auto en Pasco, usted tiene una mejor oportunidad de obtener la compensaci\u00f3n que la ley dice que tiene derecho. Averig\u00fce m\u00e1s detalles sobre c\u00f3mo iniciar su caso comunic\u00e1ndose con la oficina de nuestros abogados y su amable personal de apoyo.<\/p>\n","protected":false},"excerpt":{"rendered":"<p>Nuestro Abogado de Accidente de Auto en Pasco puede Ayudar La ciudad de Pasco es parte del condado de Franklin y tambi\u00e9n parte del \u00e1rea [&hellip;]<\/p>\n","protected":false},"author":2,"featured_media":0,"parent":3737,"menu_order":0,"comment_status":"closed","ping_status":"closed","template":"","meta":{"_acf_changed":false,"inline_featured_image":false,"footnotes":""},"class_list":["post-4240","page","type-page","status-publish","hentry"],"acf":[],"_links":{"self":[{"href":"https:\/\/craigswapp.com\/spanish\/wp-json\/wp\/v2\/pages\/4240","targetHints":{"allow":["GET"]}}],"collection":[{"href":"https:\/\/craigswapp.com\/spanish\/wp-json\/wp\/v2\/pages"}],"about":[{"href":"https:\/\/craigswapp.com\/spanish\/wp-json\/wp\/v2\/types\/page"}],"author":[{"embeddable":true,"href":"https:\/\/craigswapp.com\/spanish\/wp-json\/wp\/v2\/users\/2"}],"replies":[{"embeddable":true,"href":"https:\/\/craigswapp.com\/spanish\/wp-json\/wp\/v2\/comments?post=4240"}],"version-history":[{"count":2,"href":"https:\/\/craigswapp.com\/spanish\/wp-json\/wp\/v2\/pages\/4240\/revisions"}],"predecessor-version":[{"id":11065,"href":"https:\/\/craigswapp.com\/spanish\/wp-json\/wp\/v2\/pages\/4240\/revisions\/11065"}],"up":[{"embeddable":true,"href":"https:\/\/craigswapp.com\/spanish\/wp-json\/wp\/v2\/pages\/3737"}],"wp:attachment":[{"href":"https:\/\/craigswapp.com\/spanish\/wp-json\/wp\/v2\/media?parent=4240"}],"curies":[{"name":"wp","href":"https:\/\/api.w.org\/{rel}","templated":true}]}}