{"id":4225,"date":"2016-05-14T19:45:42","date_gmt":"2016-05-14T19:45:42","guid":{"rendered":"http:\/\/craigswapp1.wpengine.com\/?page_id=4225"},"modified":"2021-05-10T13:54:55","modified_gmt":"2021-05-10T13:54:55","slug":"abogado-accidentes-camiones-moses-lake","status":"publish","type":"page","link":"https:\/\/craigswapp.com\/spanish\/moses-lake\/abogado-accidentes-camiones-moses-lake\/","title":{"rendered":"Abogado de accidentes de camiones en Moses Lake"},"content":{"rendered":"<p>\n\u00bfSab\u00eda que los accidentes con un cami\u00f3n grande, como un cami\u00f3n de 18 ruedas u otro veh\u00edculo comercial, ocurren en promedio en nuestro pa\u00eds un promedio de 25,000 veces al a\u00f1o? \u00bfSab\u00eda tambi\u00e9n que las lesiones causadas por accidentes de camiones suelen ser mucho peores que las de un accidente automovil\u00edstico normal? No solo eso, sino que se aplica un conjunto completo de leyes especiales a este tipo de accidentes. Con todo esto dicho, no es de extra\u00f1ar que casos como este sean manejados mejor por alguien que tenga mucha experiencia en su manejo, como un abogado de accidentes de camiones en Moses Lake de la oficina legal de Craig Swapp &amp; Associates.<br \/>\n<a href=\"https:\/\/craigswapp.com\/spanish\/wp-content\/uploads\/2016\/01\/iStock_000077700689_Small-e1468557188206.jpg\"><img loading=\"lazy\" decoding=\"async\" class=\"wp-image-1875 size-medium alignleft\" src=\"https:\/\/craigswapp.com\/spanish\/wp-content\/uploads\/2015\/12\/iStock_000062619250_Small-e1468557172221.jpg\" alt=\"moses lake truck accident lawyer\" width=\"300\" height=\"200\" \/><\/a>La complejidad de los casos de accidentes de camiones puede ser no solo abrumadora, sino tambi\u00e9n frustrante para una persona que no tiene pleno conocimiento de c\u00f3mo manejarlos. No es algo que deber\u00eda tomarse solo. No est\u00e1 solo. Nuestros abogados est\u00e1n listos para ayudar. Puede contar con la ayuda de nuestro equipo de abogados y su personal de apoyo para ayudarlo a superar este momento dif\u00edcil y asegurarse de que se cumplan sus derechos.<\/p>\n<h2>\u00bfNecesita un abogado de accidentes de Camiones en Moses Lake?<\/h2>\n<p>Dir\u00edgete a nosotros. Nuestros abogados trabajan en los estados de Washington, Utah y Idaho para ayudar a las v\u00edctimas lesionadas de eventos graves, como accidentes de camiones. Cuando ha sido lesionado por negligencia, no debe responsabilizarse por las facturas m\u00e9dicas que se deriven de \u00e9l. No te dejen de lado elija el abogado adecuado para su accidente de cami\u00f3n y obtenga su caso iniciando marcando 800-404-9000. Los representantes est\u00e1n disponibles las 24 horas para tomar su llamada o conversar con usted. Haga la conexi\u00f3n que podr\u00eda cambiar su vida ahora mismo.<\/p>\n","protected":false},"excerpt":{"rendered":"<p>\u00bfSab\u00eda que los accidentes con un cami\u00f3n grande, como un cami\u00f3n de 18 ruedas u otro veh\u00edculo comercial, ocurren en promedio en nuestro pa\u00eds un [&hellip;]<\/p>\n","protected":false},"author":2,"featured_media":0,"parent":3738,"menu_order":0,"comment_status":"closed","ping_status":"closed","template":"","meta":{"_acf_changed":false,"inline_featured_image":false,"footnotes":""},"class_list":["post-4225","page","type-page","status-publish","hentry"],"acf":[],"_links":{"self":[{"href":"https:\/\/craigswapp.com\/spanish\/wp-json\/wp\/v2\/pages\/4225","targetHints":{"allow":["GET"]}}],"collection":[{"href":"https:\/\/craigswapp.com\/spanish\/wp-json\/wp\/v2\/pages"}],"about":[{"href":"https:\/\/craigswapp.com\/spanish\/wp-json\/wp\/v2\/types\/page"}],"author":[{"embeddable":true,"href":"https:\/\/craigswapp.com\/spanish\/wp-json\/wp\/v2\/users\/2"}],"replies":[{"embeddable":true,"href":"https:\/\/craigswapp.com\/spanish\/wp-json\/wp\/v2\/comments?post=4225"}],"version-history":[{"count":1,"href":"https:\/\/craigswapp.com\/spanish\/wp-json\/wp\/v2\/pages\/4225\/revisions"}],"predecessor-version":[{"id":11049,"href":"https:\/\/craigswapp.com\/spanish\/wp-json\/wp\/v2\/pages\/4225\/revisions\/11049"}],"up":[{"embeddable":true,"href":"https:\/\/craigswapp.com\/spanish\/wp-json\/wp\/v2\/pages\/3738"}],"wp:attachment":[{"href":"https:\/\/craigswapp.com\/spanish\/wp-json\/wp\/v2\/media?parent=4225"}],"curies":[{"name":"wp","href":"https:\/\/api.w.org\/{rel}","templated":true}]}}