{"id":4216,"date":"2016-05-14T19:38:32","date_gmt":"2016-05-14T19:38:32","guid":{"rendered":"http:\/\/craigswapp1.wpengine.com\/?page_id=4216"},"modified":"2021-05-10T13:51:37","modified_gmt":"2021-05-10T13:51:37","slug":"abogado-accidentes-camiones-meridian","status":"publish","type":"page","link":"https:\/\/craigswapp.com\/spanish\/meridian\/abogado-accidentes-camiones-meridian\/","title":{"rendered":"Abogado de accidentes de camiones en Meridian"},"content":{"rendered":"<p>\n\u00bfQui\u00e9n tuvo la culpa de su accidente con un cami\u00f3n de 18 ruedas o tractor? Sin un abogado de su lado, puede ser dif\u00edcil saberlo con certeza. Debido a que el proceso de transporte por cami\u00f3n involucra a muchas personas, la falla podr\u00eda terminar en cualquiera de ellos, no solo en el conductor, como algunas personas suponen. Cuando contrate a un abogado, se asegurar\u00e1n de verificar la posibilidad de una falla de:<\/p>\n<ul>\n<li>Quien carg\u00f3 la carga<\/li>\n<li>El due\u00f1o del cami\u00f3n<\/li>\n<li>El due\u00f1o separado del tr\u00e1iler<\/li>\n<li>El due\u00f1o de la compa\u00f1\u00eda<\/li>\n<li>Fabricantes de partes<\/li>\n<li>El mec\u00e1nico<\/li>\n<li>Otras partes involucradas<\/li>\n<\/ul>\n<p>Para determinar qui\u00e9n caus\u00f3 su da\u00f1o, es mejor que converse con un abogado de accidentes de camiones en Meridian tan pronto como sea posible. Aqu\u00ed, en Craig Swapp &amp; Associates, tenemos representantes en vivo disponibles las 24 horas, por lo que siempre que est\u00e9 listo para hablar o chatear, nosotros tambi\u00e9n lo estamos. No le queda atascado pagando las facturas m\u00e9dicas que alguien m\u00e1s ha causado por usted. Eso simplemente no es justo. En cambio, comience con un abogado ahora llamando al 800-404-9000 y explicando c\u00f3mo ocurri\u00f3 su accidente de cami\u00f3n. Nuestros abogado de accidentes de camiones en Meridian est\u00e1 esperando para ayudarlo a usted y a su familia despu\u00e9s de cualquier accidente con un cami\u00f3n de 18 ruedas u otro cami\u00f3n grande.<\/p>\n","protected":false},"excerpt":{"rendered":"<p>\u00bfQui\u00e9n tuvo la culpa de su accidente con un cami\u00f3n de 18 ruedas o tractor? Sin un abogado de su lado, puede ser dif\u00edcil saberlo [&hellip;]<\/p>\n","protected":false},"author":2,"featured_media":0,"parent":3698,"menu_order":0,"comment_status":"closed","ping_status":"closed","template":"","meta":{"_acf_changed":false,"inline_featured_image":false,"footnotes":""},"class_list":["post-4216","page","type-page","status-publish","hentry"],"acf":[],"_links":{"self":[{"href":"https:\/\/craigswapp.com\/spanish\/wp-json\/wp\/v2\/pages\/4216","targetHints":{"allow":["GET"]}}],"collection":[{"href":"https:\/\/craigswapp.com\/spanish\/wp-json\/wp\/v2\/pages"}],"about":[{"href":"https:\/\/craigswapp.com\/spanish\/wp-json\/wp\/v2\/types\/page"}],"author":[{"embeddable":true,"href":"https:\/\/craigswapp.com\/spanish\/wp-json\/wp\/v2\/users\/2"}],"replies":[{"embeddable":true,"href":"https:\/\/craigswapp.com\/spanish\/wp-json\/wp\/v2\/comments?post=4216"}],"version-history":[{"count":2,"href":"https:\/\/craigswapp.com\/spanish\/wp-json\/wp\/v2\/pages\/4216\/revisions"}],"predecessor-version":[{"id":11038,"href":"https:\/\/craigswapp.com\/spanish\/wp-json\/wp\/v2\/pages\/4216\/revisions\/11038"}],"up":[{"embeddable":true,"href":"https:\/\/craigswapp.com\/spanish\/wp-json\/wp\/v2\/pages\/3698"}],"wp:attachment":[{"href":"https:\/\/craigswapp.com\/spanish\/wp-json\/wp\/v2\/media?parent=4216"}],"curies":[{"name":"wp","href":"https:\/\/api.w.org\/{rel}","templated":true}]}}