{"id":4204,"date":"2016-05-14T19:24:49","date_gmt":"2016-05-14T19:24:49","guid":{"rendered":"http:\/\/craigswapp1.wpengine.com\/?page_id=4204"},"modified":"2021-05-10T13:48:06","modified_gmt":"2021-05-10T13:48:06","slug":"abogado-accidentes-camiones-layton","status":"publish","type":"page","link":"https:\/\/craigswapp.com\/spanish\/layton\/abogado-accidentes-camiones-layton\/","title":{"rendered":"Abogado de accidentes de camiones en Layton"},"content":{"rendered":"<p>\nGrandes plataformas, veh\u00edculos de 18 ruedas, semirremolques o remolques de tractores, como los llames, son enormes y est\u00e1n en todas partes. Los camiones grandes representan 23,000 accidentes cada a\u00f1o seg\u00fan la Junta Nacional de Seguridad del Tr\u00e1fico (NTSB), y cuando se producen accidentes, pueden ser letales. NTSB tambi\u00e9n informa que el 80 por ciento de los accidentes de camiones grandes resultan en la muerte. Un autom\u00f3vil simplemente no es rival en una colisi\u00f3n con un cami\u00f3n grande que puede pesar legalmente hasta 80,000 libras.<\/p>\n<p>Puede que est\u00e9 visitando esta p\u00e1gina porque usted o un ser querido han resultado heridos en un accidente con un cami\u00f3n. Si es as\u00ed, definitivamente ha venido al lugar correcto. Somos experimentados y exitosos abogados de accidentes de camiones en Layton, y nuestra firma, Craig Swapp &amp; Associates, tiene d\u00e9cadas de experiencia en ganar los asentamientos m\u00e1s grandes y completos en accidentes de camiones. Estamos listos para luchar por usted y obtener los da\u00f1os que se merece.<\/p>\n<p>Como se mencion\u00f3 anteriormente, los accidentes de camiones pueden ser letales, y si ha sufrido una colisi\u00f3n, puede tratar con:<\/p>\n<p>\u2022 P\u00e9rdida de ingreso<br \/>\n\u2022 P\u00e9rdida de trabajo<br \/>\n\u2022 Facturas m\u00e9dicas que nunca podr\u00eda pagar por su cuenta<br \/>\n\u2022 Familia angustiada que depende de usted<br \/>\n\u2022 Angustia mental y sufrimiento f\u00edsico<\/p>\n<h2>Trabajar con nuestros abogados de accidentes de camiones en Layton<\/h2>\n<p>Lo primero que obtendr\u00e1 es tranquilidad al saber que est\u00e1 trabajando con un abogado de primera categor\u00eda, y tendr\u00e1 la tranquilidad de saber que nos encargaremos de todos sus asuntos legales, desde el momento en que nos lleva a bordo. Hasta el momento en que obtenga su cheque de arreglo. Estamos aqu\u00ed para quitarle la carga.<\/p>\n<p>Nuestros abogados se comprometen a:<\/p>\n<p>\u2022 Maneje todos los aspectos legales de su caso<br \/>\n\u2022 Ofrezca el mayor arreglo posible<br \/>\n\u2022 Elimine los temores de p\u00e9rdida de ingresos y gastos m\u00e9dicos<br \/>\n\u2022 Compensaci\u00f3n r\u00e1pida<\/p>\n<p>Los camiones deben llevar grandes cantidades de seguro de responsabilidad civil. A veces los conductores cometen errores o hay alg\u00fan aspecto de seguridad que se pas\u00f3 por alto. Las causas de los accidentes de camiones pueden incluir:<\/p>\n<p>\u2022 Conductores agotados con demasiadas horas en la carretera<br \/>\n\u2022 Equipo que no se ha mantenido<br \/>\n\u2022 Las cargas que est\u00e1n aseguradas incorrectamente o son demasiado grandes<br \/>\n\u2022 Falla en el equipo<\/p>\n<p>Las compa\u00f1\u00edas de camiones deben tomar precauciones adicionales debido a la naturaleza peligrosa del negocio. Las vidas est\u00e1n literalmente en la balanza cada vez que salen a la carretera.<\/p>\n<p>Si sufri\u00f3 da\u00f1os en un accidente de camiones, comun\u00edquese con nuestro abogado de accidentes de camiones en Layton ahora mismo. 800-404-9000.<\/p>\n","protected":false},"excerpt":{"rendered":"<p>Grandes plataformas, veh\u00edculos de 18 ruedas, semirremolques o remolques de tractores, como los llames, son enormes y est\u00e1n en todas partes. Los camiones grandes representan [&hellip;]<\/p>\n","protected":false},"author":2,"featured_media":0,"parent":3669,"menu_order":0,"comment_status":"closed","ping_status":"closed","template":"","meta":{"_acf_changed":false,"inline_featured_image":false,"footnotes":""},"class_list":["post-4204","page","type-page","status-publish","hentry"],"acf":[],"_links":{"self":[{"href":"https:\/\/craigswapp.com\/spanish\/wp-json\/wp\/v2\/pages\/4204","targetHints":{"allow":["GET"]}}],"collection":[{"href":"https:\/\/craigswapp.com\/spanish\/wp-json\/wp\/v2\/pages"}],"about":[{"href":"https:\/\/craigswapp.com\/spanish\/wp-json\/wp\/v2\/types\/page"}],"author":[{"embeddable":true,"href":"https:\/\/craigswapp.com\/spanish\/wp-json\/wp\/v2\/users\/2"}],"replies":[{"embeddable":true,"href":"https:\/\/craigswapp.com\/spanish\/wp-json\/wp\/v2\/comments?post=4204"}],"version-history":[{"count":1,"href":"https:\/\/craigswapp.com\/spanish\/wp-json\/wp\/v2\/pages\/4204\/revisions"}],"predecessor-version":[{"id":11025,"href":"https:\/\/craigswapp.com\/spanish\/wp-json\/wp\/v2\/pages\/4204\/revisions\/11025"}],"up":[{"embeddable":true,"href":"https:\/\/craigswapp.com\/spanish\/wp-json\/wp\/v2\/pages\/3669"}],"wp:attachment":[{"href":"https:\/\/craigswapp.com\/spanish\/wp-json\/wp\/v2\/media?parent=4204"}],"curies":[{"name":"wp","href":"https:\/\/api.w.org\/{rel}","templated":true}]}}