{"id":4197,"date":"2016-05-14T19:18:34","date_gmt":"2016-05-14T19:18:34","guid":{"rendered":"http:\/\/craigswapp1.wpengine.com\/?page_id=4197"},"modified":"2021-05-10T13:45:47","modified_gmt":"2021-05-10T13:45:47","slug":"accidentes-auto-kennewick","status":"publish","type":"page","link":"https:\/\/craigswapp.com\/spanish\/kennewick\/accidentes-auto-kennewick\/","title":{"rendered":"Abogado de accidentes de auto en Kennewick"},"content":{"rendered":"<p>\nAlgunas personas se sienten culpables por presentar una demanda despu\u00e9s de un accidente automovil\u00edstico. No quieren lastimar a una persona al demandarlos. Puede sorprenderse que cuando se descubre que un accidente es culpa de la otra persona, no es realmente a quien usted est\u00e1 \u00abdemandando\u00bb: es su compa\u00f1\u00eda de seguros. La compa\u00f1\u00eda de seguros de autom\u00f3viles ser\u00e1 la que proporcione su compensaci\u00f3n, y cuando se nieguen a hacer lo que exige la ley, tienen todo el derecho de tomar una posici\u00f3n por s\u00ed mismos. Para ello, contrate a un abogado de accidentes de auto en Kennewick que se defienda y se asegure de que no le fallan. Nuestros abogados en Kennewick est\u00e1n listos para ayudarlo a usted y a su familia: todo lo que necesita hacer es comunicarse con nosotros al 800-404-9000. Si decide, tambi\u00e9n puede participar en una sesi\u00f3n de chat en vivo en nuestro sitio web o enviarnos un correo electr\u00f3nico.<\/p>\n<h2>Un abogado y un doctor<\/h2>\n<p>Es importante que las v\u00edctimas de accidentes automovil\u00edsticos se den cuenta de que el tratamiento m\u00e9dico no debe considerarse opcional. Incluso si no siente dolor, confirmar su estado de salud con un profesional m\u00e9dico es un paso extremadamente importante no solo para su bienestar sino tambi\u00e9n para su reclamo legal. Cualquier buen abogado recomendar\u00eda que veas a un m\u00e9dico, y nuestros abogados no son diferentes. Si tiene preguntas que le gustar\u00eda que le respondan de antemano, no dude en comunicarse con nuestra oficina en cualquier momento.<\/p>\n","protected":false},"excerpt":{"rendered":"<p>Algunas personas se sienten culpables por presentar una demanda despu\u00e9s de un accidente automovil\u00edstico. No quieren lastimar a una persona al demandarlos. Puede sorprenderse que [&hellip;]<\/p>\n","protected":false},"author":2,"featured_media":0,"parent":3739,"menu_order":0,"comment_status":"closed","ping_status":"closed","template":"","meta":{"_acf_changed":false,"inline_featured_image":false,"footnotes":""},"class_list":["post-4197","page","type-page","status-publish","hentry"],"acf":[],"_links":{"self":[{"href":"https:\/\/craigswapp.com\/spanish\/wp-json\/wp\/v2\/pages\/4197","targetHints":{"allow":["GET"]}}],"collection":[{"href":"https:\/\/craigswapp.com\/spanish\/wp-json\/wp\/v2\/pages"}],"about":[{"href":"https:\/\/craigswapp.com\/spanish\/wp-json\/wp\/v2\/types\/page"}],"author":[{"embeddable":true,"href":"https:\/\/craigswapp.com\/spanish\/wp-json\/wp\/v2\/users\/2"}],"replies":[{"embeddable":true,"href":"https:\/\/craigswapp.com\/spanish\/wp-json\/wp\/v2\/comments?post=4197"}],"version-history":[{"count":2,"href":"https:\/\/craigswapp.com\/spanish\/wp-json\/wp\/v2\/pages\/4197\/revisions"}],"predecessor-version":[{"id":11017,"href":"https:\/\/craigswapp.com\/spanish\/wp-json\/wp\/v2\/pages\/4197\/revisions\/11017"}],"up":[{"embeddable":true,"href":"https:\/\/craigswapp.com\/spanish\/wp-json\/wp\/v2\/pages\/3739"}],"wp:attachment":[{"href":"https:\/\/craigswapp.com\/spanish\/wp-json\/wp\/v2\/media?parent=4197"}],"curies":[{"name":"wp","href":"https:\/\/api.w.org\/{rel}","templated":true}]}}