{"id":4181,"date":"2016-05-14T17:20:20","date_gmt":"2016-05-14T17:20:20","guid":{"rendered":"http:\/\/craigswapp1.wpengine.com\/?page_id=4181"},"modified":"2021-05-12T15:12:42","modified_gmt":"2021-05-12T15:12:42","slug":"abogado-accidentes-camiones-draper","status":"publish","type":"page","link":"https:\/\/craigswapp.com\/spanish\/abogado-lesiones-personales-draper\/abogado-accidentes-camiones-draper\/","title":{"rendered":"Abogado de accidentes de camiones en Draper"},"content":{"rendered":"<p>\nGrandes plataformas, semi camiones y 18 ruedas dominan la carretera. La mayor\u00eda de los conductores rara vez les dan mucha importancia, a menos que haya estado en un accidente de cami\u00f3n.<\/p>\n<p>El gobierno federal informa que hay aproximadamente 25,000 accidentes de camiones cada a\u00f1o en los Estados Unidos. Por lo general, estos naufragios causan da\u00f1os importantes, especialmente en veh\u00edculos de pasajeros mucho m\u00e1s peque\u00f1os. Los camiones grandes pueden pesar legalmente hasta 80,000 libras, y causan casi la destrucci\u00f3n total en muchos accidentes.<\/p>\n<p>\u00bfHas sido herido en un accidente de cami\u00f3n? El abogado de accidentes de camiones en Draper, Craig Swapp, puede ayudarlo en su momento de necesidad. Si has sido herido, puedes enfrentarte a:<\/p>\n<p><a href=\"https:\/\/craigswapp.com\/spanish\/wp-content\/uploads\/2016\/01\/iStock_000077700689_Small-e1468557188206.jpg\"><img loading=\"lazy\" decoding=\"async\" class=\"wp-image-1875 size-medium alignleft\" src=\"https:\/\/craigswapp.com\/spanish\/wp-content\/uploads\/2015\/12\/iStock_000062619250_Small-e1468557172221.jpg\" alt=\"moses lake truck accident lawyer\" width=\"300\" height=\"200\" \/><\/a>&#8212; Incapacidad para trabajar debido a sus lesiones<br \/>\n&#8212; Pilas de facturas m\u00e9dicas impagas<br \/>\n&#8212; Dolor f\u00edsico<br \/>\n&#8212; Ingresos perdidos<br \/>\n&#8212; Estr\u00e9s familiar<\/p>\n<h2>Un abogado de accidentes de camiones en Draper ayuda<\/h2>\n<p>Si tiene alguno o todos estos problemas, tomar\u00e1 tiempo sanar y volver a poner su vida en orden. Adem\u00e1s de sus lesiones f\u00edsicas, un problema importante que enfrentan muchas v\u00edctimas de accidentes de camiones es el dilema de c\u00f3mo sobrevivir financieramente durante su recuperaci\u00f3n. Aqu\u00ed es donde un abogado experimentado en accidentes de camiones en Draper puede ayudar. En Craig Swapp &amp; Associates, negociamos con las compa\u00f1\u00edas de seguros en nombre de nuestros clientes. Nuestro objetivo es obtener un acuerdo completo y justo para usted para que pueda concentrarse en su recuperaci\u00f3n.<\/p>\n<p>Muchas v\u00edctimas de accidentes tratan de tratar con la compa\u00f1\u00eda de seguros. Las estad\u00edsticas muestran, sin embargo, que es probable que obtengan mucho menos en un acuerdo que si hubieran trabajado con un abogado s\u00f3lido en accidentes de camiones. Es importante tener en cuenta que la compa\u00f1\u00eda de seguros est\u00e1 excluida por una cosa, y no es necesariamente su bienestar. Es para ahorrar tanto dinero como puedan en su caso.<\/p>\n<p>Llame a nuestros abogados de accidentes de camiones en Draper ahora mismo para una consulta gratuita. Tambi\u00e9n puede usar la funci\u00f3n de chat en la parte inferior derecha de esta p\u00e1gina para comunicarse con un operador en vivo ahora.<\/p>\n<p>Estamos listos para luchar por la compensaci\u00f3n que usted merece. Llame al 1-800-404-9000.<\/p>\n","protected":false},"excerpt":{"rendered":"<p>Grandes plataformas, semi camiones y 18 ruedas dominan la carretera. La mayor\u00eda de los conductores rara vez les dan mucha importancia, a menos que haya [&hellip;]<\/p>\n","protected":false},"author":2,"featured_media":0,"parent":3663,"menu_order":0,"comment_status":"closed","ping_status":"closed","template":"","meta":{"_acf_changed":false,"inline_featured_image":false,"footnotes":""},"class_list":["post-4181","page","type-page","status-publish","hentry"],"acf":[],"_links":{"self":[{"href":"https:\/\/craigswapp.com\/spanish\/wp-json\/wp\/v2\/pages\/4181","targetHints":{"allow":["GET"]}}],"collection":[{"href":"https:\/\/craigswapp.com\/spanish\/wp-json\/wp\/v2\/pages"}],"about":[{"href":"https:\/\/craigswapp.com\/spanish\/wp-json\/wp\/v2\/types\/page"}],"author":[{"embeddable":true,"href":"https:\/\/craigswapp.com\/spanish\/wp-json\/wp\/v2\/users\/2"}],"replies":[{"embeddable":true,"href":"https:\/\/craigswapp.com\/spanish\/wp-json\/wp\/v2\/comments?post=4181"}],"version-history":[{"count":2,"href":"https:\/\/craigswapp.com\/spanish\/wp-json\/wp\/v2\/pages\/4181\/revisions"}],"predecessor-version":[{"id":11482,"href":"https:\/\/craigswapp.com\/spanish\/wp-json\/wp\/v2\/pages\/4181\/revisions\/11482"}],"up":[{"embeddable":true,"href":"https:\/\/craigswapp.com\/spanish\/wp-json\/wp\/v2\/pages\/3663"}],"wp:attachment":[{"href":"https:\/\/craigswapp.com\/spanish\/wp-json\/wp\/v2\/media?parent=4181"}],"curies":[{"name":"wp","href":"https:\/\/api.w.org\/{rel}","templated":true}]}}