{"id":3928,"date":"2016-04-11T15:37:54","date_gmt":"2016-04-11T15:37:54","guid":{"rendered":"http:\/\/craigswapp1.wpengine.com\/?page_id=3928"},"modified":"2021-05-12T13:06:15","modified_gmt":"2021-05-12T13:06:15","slug":"abogado-resbalar-caer-spokane","status":"publish","type":"page","link":"https:\/\/craigswapp.com\/spanish\/spokane\/abogado-resbalar-caer-spokane\/","title":{"rendered":"Abogado de resbalar y caer en Spokane"},"content":{"rendered":"<p>\nLos accidentes ocurren y, a veces, causan m\u00e1s dolor y agravaci\u00f3n de lo que nunca cre\u00edste posible. Algo tan simple como un accidente de resbalar y caer puede resultar en costosas facturas m\u00e9dicas que se acumulan r\u00e1pidamente, as\u00ed como la p\u00e9rdida de tiempo en el trabajo y la incapacidad de realizar las tareas diarias que una vez pudo manejar sin problemas. Dado que Washington es uno de los estados que a menudo experimenta un clima fr\u00edo severo y precipitaciones en todas sus formas, existe una mayor probabilidad de que ocurra un accidente de resbalar y caer aqu\u00ed que en otras \u00e1reas del pa\u00eds. Si est\u00e1 lesionado, necesita un abogado de resbalar y caer en Spokane. Hable con un abogado experimentado en lesiones personales llamando al 1-855-628-5050 o env\u00edenos un mensaje por internet.<\/p>\n<h2>\u00bfQui\u00e9n es responsable de los accidentes de resbalar y caer?<\/h2>\n<p><img loading=\"lazy\" decoding=\"async\" class=\"alignright wp-image-4010 size-medium\" src=\"https:\/\/craigswapp.com\/spanish\/wp-content\/uploads\/2016\/04\/spokane-slip-and-fall-lawyer-1-e1468530152596.jpg\" alt=\"spokane slip and fall lawyer 1\" width=\"229\" height=\"300\" srcset=\"https:\/\/craigswapp.com\/spanish\/wp-content\/uploads\/2016\/04\/spokane-slip-and-fall-lawyer-1-e1468530152596.jpg 400w, https:\/\/craigswapp.com\/spanish\/wp-content\/uploads\/2016\/04\/spokane-slip-and-fall-lawyer-1-e1468530152596-229x300.jpg 229w\" sizes=\"auto, (max-width: 229px) 100vw, 229px\" \/>Una de las preguntas m\u00e1s importantes en este tipo de accidente es d\u00f3nde cae la responsabilidad financiera y qui\u00e9n es el responsable. Un abogado con experiencia en resbalones y ca\u00eddas puede responder mejor a esta pregunta, y a muchas otras, que pueden investigar los detalles y analizar la situaci\u00f3n. Mientras tanto, hay algunas cosas que debe hacer si est\u00e1 involucrado en uno de estos accidentes.<\/p>\n<h2>Documentar todo<\/h2>\n<p>Ya sea que est\u00e9 involucrado en accidentes de resbalar y caer, accidentes automovil\u00edsticos, accidentes de camiones o motocicletas en Spokane, puede ser m\u00e1s importante que nunca documentar todo &#8230; inmediatamente. La verdad es que las personas est\u00e1n protegi\u00e9ndose a s\u00ed mismas y a sus finanzas, incluso si eso tiene un costo para usted y su bienestar. Esto podr\u00eda significar que incluso su mejor amigo podr\u00eda reparar la tabla blanda en el porche por el que se cay\u00f3 antes de poder regresar a tiempo para tomarle una foto. Si bien este m\u00e9todo no es probable que vuele en un tribunal de justicia con un abogado que hace su tarea, es mejor no arriesgarse.<\/p>\n<h2>Toma fotos de la zona del accidente<\/h2>\n<p>Tome fotos con su tel\u00e9fono. Ya sea que est\u00e9 en la casa de un amigo, en una tienda o frente a su propio edificio de apartamentos cuando suceda, es importante tomar fotograf\u00edas de toda el \u00e1rea donde se produce el accidente. Tambi\u00e9n es una buena idea tomar fotograf\u00edas de los paisajes y el cielo, en caso de que el clima sea un factor importante y tenga que presentar pruebas de este tipo de circunstancias que pueden haber jugado un papel en el accidente.<\/p>\n<h2>Mantener registros detallados<\/h2>\n<p>Aseg\u00farese de mantener un registro de todos los documentos subsiguientes tambi\u00e9n, incluidos los registros m\u00e9dicos, recibos, estimaciones y cualquier informaci\u00f3n de reparaci\u00f3n. Toda esta informaci\u00f3n puede ser \u00fatil al mostrar el alcance de sus lesiones y da\u00f1os, y puede hacer una diferencia en el monto de la compensaci\u00f3n que puede recibir. Su abogado puede ayudarlo a determinar exactamente qu\u00e9 registros necesita mantener y mantener a lo largo de su caso.<\/p>\n<h2>Busque asistencia m\u00e9dica<\/h2>\n<p>Si necesita asistencia m\u00e9dica o por da\u00f1os a la propiedad, b\u00fasquelo de inmediato. Como m\u00ednimo, deber\u00e1 tener estimaciones que muestren el costo del da\u00f1o. Resuelva el problema lo antes posible, especialmente si es m\u00e9dico. Si no lo toma en serio, ninguna compa\u00f1\u00eda de seguros o tribunal lo har\u00e1 tampoco.<\/p>\n<p><img loading=\"lazy\" decoding=\"async\" class=\"aligncenter wp-image-4011 size-full\" src=\"https:\/\/craigswapp.com\/spanish\/wp-content\/uploads\/2016\/04\/spokane-slip-and-fall-lawyer-2-e1468530143378.jpg\" alt=\"spokane slip and fall lawyer 2\" width=\"640\" height=\"424\" srcset=\"https:\/\/craigswapp.com\/spanish\/wp-content\/uploads\/2016\/04\/spokane-slip-and-fall-lawyer-2-e1468530143378.jpg 400w, https:\/\/craigswapp.com\/spanish\/wp-content\/uploads\/2016\/04\/spokane-slip-and-fall-lawyer-2-e1468530143378-300x199.jpg 300w\" sizes=\"auto, (max-width: 640px) 100vw, 640px\" \/><\/p>\n<p>Los accidentes de resbalones y ca\u00eddas pueden ocurrir en un abrir y cerrar de ojos, y rara vez le dan tiempo para prepararse. Es posible que no haya pensado en algunas de estas cosas de inmediato simplemente por el impacto del accidente. Si olvid\u00f3 alguno de estos pasos, su abogado puede ayudarlo a recopilar la informaci\u00f3n adecuada y ayudarlo a negociar la mejor oferta posible. Aunque el dinero no puede curar sus lesiones o hacerle olvidar el accidente, puede ayudarlo a pagar sus cuentas y gastos de vida y trabajar para la recuperaci\u00f3n.twi<\/p>\n<h2>Un abogado con experiencia en resbalar y caer en Spokane puede ayudarlo<\/h2>\n<p>Sobre todo, contacte a un abogado de resbalar y caer. La triste verdad es que cuando sucede algo como esto, es raro que la parte responsable est\u00e9 m\u00e1s preocupada por su p\u00e9rdida que por la suya. Incluso pueden intentar manipularlo o proponer un arreglo inadecuado. Un abogado de resbalar y caer en Spokane podr\u00e1 ayudarlo a descubrir c\u00f3mo superar estos problemas para que pueda concentrarse en la curaci\u00f3n y avanzar.<\/p>\n<p>Si se lesiona en un accidente por resbalar y caer, comun\u00edquese con nuestra oficina por internet o llame al 1-855-628-5050 para una consulta gratuita de inmediato.<\/p>\n","protected":false},"excerpt":{"rendered":"<p>Los accidentes ocurren y, a veces, causan m\u00e1s dolor y agravaci\u00f3n de lo que nunca cre\u00edste posible. Algo tan simple como un accidente de resbalar [&hellip;]<\/p>\n","protected":false},"author":2,"featured_media":0,"parent":3734,"menu_order":0,"comment_status":"closed","ping_status":"closed","template":"","meta":{"_acf_changed":false,"inline_featured_image":false,"footnotes":""},"class_list":["post-3928","page","type-page","status-publish","hentry"],"acf":[],"_links":{"self":[{"href":"https:\/\/craigswapp.com\/spanish\/wp-json\/wp\/v2\/pages\/3928","targetHints":{"allow":["GET"]}}],"collection":[{"href":"https:\/\/craigswapp.com\/spanish\/wp-json\/wp\/v2\/pages"}],"about":[{"href":"https:\/\/craigswapp.com\/spanish\/wp-json\/wp\/v2\/types\/page"}],"author":[{"embeddable":true,"href":"https:\/\/craigswapp.com\/spanish\/wp-json\/wp\/v2\/users\/2"}],"replies":[{"embeddable":true,"href":"https:\/\/craigswapp.com\/spanish\/wp-json\/wp\/v2\/comments?post=3928"}],"version-history":[{"count":1,"href":"https:\/\/craigswapp.com\/spanish\/wp-json\/wp\/v2\/pages\/3928\/revisions"}],"predecessor-version":[{"id":11198,"href":"https:\/\/craigswapp.com\/spanish\/wp-json\/wp\/v2\/pages\/3928\/revisions\/11198"}],"up":[{"embeddable":true,"href":"https:\/\/craigswapp.com\/spanish\/wp-json\/wp\/v2\/pages\/3734"}],"wp:attachment":[{"href":"https:\/\/craigswapp.com\/spanish\/wp-json\/wp\/v2\/media?parent=3928"}],"curies":[{"name":"wp","href":"https:\/\/api.w.org\/{rel}","templated":true}]}}