{"id":3927,"date":"2016-04-11T15:36:21","date_gmt":"2016-04-11T15:36:21","guid":{"rendered":"http:\/\/craigswapp1.wpengine.com\/?page_id=3927"},"modified":"2021-05-12T13:47:01","modified_gmt":"2021-05-12T13:47:01","slug":"abogado-resbalar-caer","status":"publish","type":"page","link":"https:\/\/craigswapp.com\/spanish\/abogado-resbalar-caer\/","title":{"rendered":"Abogado de Resbalar y Caer de Salt Lake City"},"content":{"rendered":"<p>\nAunque los accidentes de resbal\u00f3n y ca\u00edda son a menudo bromas sobre, que en realidad puede resultar en lesiones graves. Estas lesiones pueden llegar a afectar a usted ya los miembros de su familia por el resto de sus vidas. Adem\u00e1s de las lesiones en s\u00ed, una de las partes m\u00e1s desafortunadas de un accidente de deslizamiento y ca\u00edda es que muchos son prevenibles. Si usted es herido debido a la negligencia de otra persona, si un due\u00f1o de almac\u00e9n o su vecino de al lado, usted podr\u00eda tener derecho a la remuneraci\u00f3n para sus heridas. Aseg\u00farese de que tiene un calificado abogado de resbalar y caer de su lado.<\/p>\n<h2>Donde Pueden Ocurrir Deslizamientos y Ca\u00eddas<\/h2>\n<p><img loading=\"lazy\" decoding=\"async\" class=\"alignright wp-image-4002 size-medium\" src=\"https:\/\/craigswapp.com\/spanish\/wp-content\/uploads\/2016\/04\/salt-lake-city-slip-and-fall-lawyer-1-e1468530198118.jpg\" alt=\"salt lake city slip and fall lawyer 1\" width=\"300\" height=\"286\" srcset=\"https:\/\/craigswapp.com\/spanish\/wp-content\/uploads\/2016\/04\/salt-lake-city-slip-and-fall-lawyer-1-e1468530198118.jpg 400w, https:\/\/craigswapp.com\/spanish\/wp-content\/uploads\/2016\/04\/salt-lake-city-slip-and-fall-lawyer-1-e1468530198118-300x287.jpg 300w\" sizes=\"auto, (max-width: 300px) 100vw, 300px\" \/><\/p>\n<p>Estos tipos de accidentes pueden ocurrir casi en cualquier lugar desde el supermercado a su restaurante favorito, o incluso fuera de su edificio de apartamentos. La verdad es, un resbal\u00f3n y una ca\u00edda pueden ocurrir en lugares que usted no esperar\u00eda, t\u00edpicamente cuando usted no lo est\u00e1 esperando. Aunque el deslizamiento y la ca\u00edda son una parte com\u00fan de la vida, se convierte en un problema diferente si se produce porque alguien no tom\u00f3 las medidas necesarias para evitar que la gente se lastime. Incluso si usted cae en un \u00e1rea p\u00fablica y no piensa que alguien m\u00e1s tiene la culpa, puede haber circunstancias en torno a la ca\u00edda que merecen investigar.<\/p>\n<h2>Negligencia en Accidentes de Resbal\u00f3n y Ca\u00edda<\/h2>\n<p>Los propietarios tienen la responsabilidad de proporcionar un ambiente seguro que no represente un peligro para los visitantes. Cuando no toman las medidas apropiadas para mantener las pasarelas libres de escombros, no coloque se\u00f1ales de advertencia en superficies resbaladizas, o no hagan reparaciones que lleven a lesiones, pueden considerarse negligentes. Si se lesiona por simplemente resbalar y caer en la propiedad de otra persona y el propietario se descubre que es negligente, puede ser debido compensaci\u00f3n para ayudar a pagar por sus lesiones y recuperaci\u00f3n. Sin embargo, probar negligencia es un asunto complicado que requiere un experimentado abogado de resbalar y caer.<\/p>\n<h2>Buscando Compensaci\u00f3n por Lesiones<\/h2>\n<p>Las lesiones causadas por resbalones y ca\u00eddas pueden variar desde un moret\u00f3n menor hasta un severo lesi\u00f3n de\u00a0cuello y\u00a0<a href=\"http:\/\/www.webmd.com\/back-pain\/\" target=\"_blank\" rel=\"noopener noreferrer\">problemas de la espalda<\/a>\u00a0que requieren tratamiento continuo y pueden conducir a\u00a0<a href=\"http:\/\/www.mayoclinic.org\/diseases-conditions\/traumatic-brain-injury\/basics\/definition\/con-20029302\" target=\"_blank\" rel=\"noopener noreferrer\">trauma cerebral<\/a>. Adem\u00e1s de las lesiones en s\u00ed, a menudo tendr\u00e1 que administrar facturas m\u00e9dicas y tiempo libre de trabajo mientras se recupera. Si estas consecuencias son el resultado de la negligencia de otra persona, usted podr\u00eda ser debida a compensaci\u00f3n para ayudar a cubrir los gastos de la lesi\u00f3n. Aunque el dinero no le sanar\u00e1 o le ayudar\u00e1 a lidiar con el estr\u00e9s del incidente, puede ayudarle a recuperar y aliviar algo de la tensi\u00f3n que un accidente trae.<\/p>\n<h2>Por Qu\u00e9 Necesita un Abogado de Resbalar y Caer<\/h2>\n<p><img loading=\"lazy\" decoding=\"async\" class=\"alignright wp-image-4003 size-medium\" src=\"https:\/\/craigswapp.com\/spanish\/wp-content\/uploads\/2016\/04\/salt-lake-city-slip-and-fall-lawyer-2-e1468530190844.jpg\" alt=\"salt lake city slip and fall lawyer 2\" width=\"300\" height=\"199\" srcset=\"https:\/\/craigswapp.com\/spanish\/wp-content\/uploads\/2016\/04\/salt-lake-city-slip-and-fall-lawyer-2-e1468530190844.jpg 400w, https:\/\/craigswapp.com\/spanish\/wp-content\/uploads\/2016\/04\/salt-lake-city-slip-and-fall-lawyer-2-e1468530190844-300x199.jpg 300w\" sizes=\"auto, (max-width: 300px) 100vw, 300px\" \/><\/p>\n<p>Los accidentes de resbal\u00f3n y ca\u00edda suelen involucrar a profesionales m\u00e9dicos, corporaciones, propietarios, ajustadores de seguros y abogados que representan al otro lado. La mayor\u00eda de estas personas son responsables de proteger los intereses de sus clientes, no los suyos. Esto significa que si recibe una oferta de arreglo en absoluto, es probable que no sea la soluci\u00f3n m\u00e1s justa o m\u00e1s completa para su situaci\u00f3n. La \u00fanica manera de asegurarse de que reciba la compensaci\u00f3n que usted merece por sus lesiones, ahora y en el futuro, es asegurarse de que alguien de su parte represente sus mejores intereses.<\/p>\n<h2>Podemos Ayudar<\/h2>\n<p>Los accidentes de deslizamiento y ca\u00edda son asuntos complejos que requieren la experiencia de aquellos que est\u00e1n familiarizados con la gesti\u00f3n de este tipo de casos. En Craig Swapp &amp; Associates, estamos dedicados a asegurarnos de recibir la compensaci\u00f3n que merece para ayudarle a lidiar con todos los efectos del accidente. No tome la oportunidad de tratar de navegar por el proceso solo y, sobre todo, vamos a mirar todas las ofertas antes de aceptar. Si usted ha sido herido en un resbal\u00f3n y una ca\u00edda, entre en contacto con nuestra\u00a0<a href=\"https:\/\/craigswapp.com\/spanish\/contactenos\/\">oficina de sitio web<\/a>\u00a0o llame al (800) 404-9000 para una consulta gratuita.<\/p>\n","protected":false},"excerpt":{"rendered":"<p>Aunque los accidentes de resbal\u00f3n y ca\u00edda son a menudo bromas sobre, que en realidad puede resultar en lesiones graves. Estas lesiones pueden llegar a [&hellip;]<\/p>\n","protected":false},"author":2,"featured_media":0,"parent":0,"menu_order":0,"comment_status":"closed","ping_status":"closed","template":"","meta":{"_acf_changed":false,"inline_featured_image":false,"footnotes":""},"class_list":["post-3927","page","type-page","status-publish","hentry"],"acf":[],"_links":{"self":[{"href":"https:\/\/craigswapp.com\/spanish\/wp-json\/wp\/v2\/pages\/3927","targetHints":{"allow":["GET"]}}],"collection":[{"href":"https:\/\/craigswapp.com\/spanish\/wp-json\/wp\/v2\/pages"}],"about":[{"href":"https:\/\/craigswapp.com\/spanish\/wp-json\/wp\/v2\/types\/page"}],"author":[{"embeddable":true,"href":"https:\/\/craigswapp.com\/spanish\/wp-json\/wp\/v2\/users\/2"}],"replies":[{"embeddable":true,"href":"https:\/\/craigswapp.com\/spanish\/wp-json\/wp\/v2\/comments?post=3927"}],"version-history":[{"count":1,"href":"https:\/\/craigswapp.com\/spanish\/wp-json\/wp\/v2\/pages\/3927\/revisions"}],"predecessor-version":[{"id":11280,"href":"https:\/\/craigswapp.com\/spanish\/wp-json\/wp\/v2\/pages\/3927\/revisions\/11280"}],"wp:attachment":[{"href":"https:\/\/craigswapp.com\/spanish\/wp-json\/wp\/v2\/media?parent=3927"}],"curies":[{"name":"wp","href":"https:\/\/api.w.org\/{rel}","templated":true}]}}