{"id":3925,"date":"2016-04-11T15:28:25","date_gmt":"2016-04-11T15:28:25","guid":{"rendered":"http:\/\/craigswapp1.wpengine.com\/?page_id=3925"},"modified":"2021-05-06T17:02:10","modified_gmt":"2021-05-06T17:02:10","slug":"abogado-accidentes-carros-idaho","status":"publish","type":"page","link":"https:\/\/craigswapp.com\/spanish\/abogado-accidentes-carros-idaho\/","title":{"rendered":"Abogado de accidentes de carros en Idaho"},"content":{"rendered":"<p>\nCuando sufre un accidente automovil\u00edstico, ya sea en Idaho o en cualquier otro lugar, debe hacer un seguimiento de algunas cosas despu\u00e9s del accidente. Inicialmente, puede sentirse confundido y desorientado, por lo que es posible que no sepa exactamente qu\u00e9 hacer. Este es el curso normal de acci\u00f3n que toma el cuerpo, especialmente si est\u00e1 lesionado. Desv\u00eda la sangre a los \u00f3rganos principales, dej\u00e1ndole en un estado de shock. Antes de hacer cualquier otra cosa, debe ponerse a salvo. Despu\u00e9s de eso, deber\u00e1 tomar medidas para asegurar otras \u00e1reas de su vida como resultado del accidente. Estos pasos van desde obtener atenci\u00f3n m\u00e9dica hasta ponerse en contacto con un abogado de accidentes de carros en Idaho. Puede hablar con un abogado con experiencia en lesiones personales de Idaho llamando a nuestra oficina al 855-628-5050 o envi\u00e1ndonos un mensaje por internet.<\/p>\n<h2>Obtener evaluaciones profesionales despu\u00e9s del accidente<\/h2>\n<p><img loading=\"lazy\" decoding=\"async\" class=\"alignright wp-image-3977 size-medium\" src=\"https:\/\/craigswapp.com\/spanish\/wp-content\/uploads\/2016\/04\/idaho-car-accident-lawyer-1-e1468529632406.jpg\" alt=\"idaho car accident lawyer 1\" width=\"300\" height=\"229\" srcset=\"https:\/\/craigswapp.com\/spanish\/wp-content\/uploads\/2016\/04\/idaho-car-accident-lawyer-1-e1468529632406.jpg 400w, https:\/\/craigswapp.com\/spanish\/wp-content\/uploads\/2016\/04\/idaho-car-accident-lawyer-1-e1468529632406-300x230.jpg 300w\" sizes=\"auto, (max-width: 300px) 100vw, 300px\" \/>Una vez que llegue el personal de emergencia, le pedir\u00e1n su informaci\u00f3n y le dir\u00e1n qu\u00e9 debe hacer. Probablemente le van a decir que vaya al hospital. Incluso si no se siente lastimado, debe revisarle. En muchos casos, cuando el cuerpo entra en shock no reconoce que tiene dolor. Es posible que tenga lesiones de las que no sea consciente de inmediato, y es importante saberlo con seguridad. Cuando se trata de lesiones causadas por accidentes automovil\u00edsticos e incluso accidentes de camiones, no querr\u00e1 arriesgarse a perder nada que podr\u00eda empeorar m\u00e1s tarde. Tambi\u00e9n debe solicitar la licencia y la informaci\u00f3n del seguro al otro conductor si puede hacerlo en este momento.<\/p>\n<p>Una vez que haya atendido su situaci\u00f3n m\u00e9dica, haga que eval\u00faen su veh\u00edculo para tener una idea de cu\u00e1les son los da\u00f1os y cu\u00e1nto le van a costar. Luego, puede tomar una decisi\u00f3n informada sobre qu\u00e9 hacer al respecto. Tambi\u00e9n es importante que durante el proceso se comunique con un abogado de accidentes automovil\u00edsticos para asegurarse de que ha tomado todas las medidas necesarias para su caso.<\/p>\n<h2>Seguros y la ley en Idaho<\/h2>\n<p>En Idaho, la persona que tiene la culpa del accidente es la persona responsable de los da\u00f1os. Deben tener un seguro para cubrir estos da\u00f1os, pero eso no garantiza que la compa\u00f1\u00eda de seguros querr\u00e1 cumplir. Antes de que tomen la decisi\u00f3n, el fallo deber\u00e1 ser determinado. Este puede ser un proceso dif\u00edcil ya que ninguna compa\u00f1\u00eda de seguros en realidad quiere pagar por los da\u00f1os. Tambi\u00e9n es posible que sepa que el otro conductor no tiene seguro, en cuyo caso es posible que deba usar su cl\u00e1usula de conductor no asegurado. En cualquier caso, los abogados de Craig Swapp &amp; Associates pueden ayudarlo a avanzar en el proceso de la mejor manera posible.<\/p>\n<h2>La elecci\u00f3n de un abogado de accidentes de carros en Idaho<\/h2>\n<p><img loading=\"lazy\" decoding=\"async\" class=\"alignright wp-image-3979 size-medium\" src=\"https:\/\/craigswapp.com\/spanish\/wp-content\/uploads\/2016\/04\/idaho-car-accident-lawyer-2-e1468529608307.jpg\" alt=\"idaho car accident lawyer 2\" width=\"285\" height=\"300\" srcset=\"https:\/\/craigswapp.com\/spanish\/wp-content\/uploads\/2016\/04\/idaho-car-accident-lawyer-2-e1468529608307.jpg 400w, https:\/\/craigswapp.com\/spanish\/wp-content\/uploads\/2016\/04\/idaho-car-accident-lawyer-2-e1468529608307-286x300.jpg 286w\" sizes=\"auto, (max-width: 285px) 100vw, 285px\" \/>Es importante que elija a alguien que tenga experiencia en accidentes automovil\u00edsticos y que trate con compa\u00f1\u00edas de seguros. Al hacer esto, puede estar tranquilo sabiendo que todos los detalles est\u00e1n cubiertos y que nada se pasa por alto. Si bien es probable que el otro conductor tenga sus propios profesionales que los asisten, es \u00fatil saber que tiene a alguien de su lado, luchando por usted. Cuando elija un abogado de accidentes de carros en Idaho, aseg\u00farese de proporcionarle la mayor cantidad de informaci\u00f3n posible. Los accidentes automovil\u00edsticos, especialmente cuando son causados \u200b\u200bpor la negligencia de otra persona, requieren una gran cantidad de investigaci\u00f3n e investigaci\u00f3n, y usted quiere asegurarse de contar con el equipo legal correcto de su lado.<\/p>\n<h2>Craig Swapp &amp; Associates puede ayudar<\/h2>\n<p>Los accidentes automovil\u00edsticos pueden ser asuntos dif\u00edciles, especialmente cuando hay que determinar la negligencia y la culpa por el accidente. Sin embargo, no tiene que intentar navegar por este proceso usted mismo. Podemos ayudar. P\u00f3ngase en contacto con nuestra oficina por internet o llame al 855-628-5050 para una consulta gratuita.<\/p>\n","protected":false},"excerpt":{"rendered":"<p>Cuando sufre un accidente automovil\u00edstico, ya sea en Idaho o en cualquier otro lugar, debe hacer un seguimiento de algunas cosas despu\u00e9s del accidente. Inicialmente, [&hellip;]<\/p>\n","protected":false},"author":2,"featured_media":0,"parent":0,"menu_order":0,"comment_status":"closed","ping_status":"closed","template":"","meta":{"_acf_changed":false,"inline_featured_image":false,"footnotes":""},"class_list":["post-3925","page","type-page","status-publish","hentry"],"acf":[],"_links":{"self":[{"href":"https:\/\/craigswapp.com\/spanish\/wp-json\/wp\/v2\/pages\/3925","targetHints":{"allow":["GET"]}}],"collection":[{"href":"https:\/\/craigswapp.com\/spanish\/wp-json\/wp\/v2\/pages"}],"about":[{"href":"https:\/\/craigswapp.com\/spanish\/wp-json\/wp\/v2\/types\/page"}],"author":[{"embeddable":true,"href":"https:\/\/craigswapp.com\/spanish\/wp-json\/wp\/v2\/users\/2"}],"replies":[{"embeddable":true,"href":"https:\/\/craigswapp.com\/spanish\/wp-json\/wp\/v2\/comments?post=3925"}],"version-history":[{"count":1,"href":"https:\/\/craigswapp.com\/spanish\/wp-json\/wp\/v2\/pages\/3925\/revisions"}],"predecessor-version":[{"id":10794,"href":"https:\/\/craigswapp.com\/spanish\/wp-json\/wp\/v2\/pages\/3925\/revisions\/10794"}],"wp:attachment":[{"href":"https:\/\/craigswapp.com\/spanish\/wp-json\/wp\/v2\/media?parent=3925"}],"curies":[{"name":"wp","href":"https:\/\/api.w.org\/{rel}","templated":true}]}}