{"id":3905,"date":"2016-04-10T21:45:27","date_gmt":"2016-04-10T21:45:27","guid":{"rendered":"http:\/\/craigswapp1.wpengine.com\/?page_id=3905"},"modified":"2021-05-10T13:00:53","modified_gmt":"2021-05-10T13:00:53","slug":"abogado-de-heridas-graves","status":"publish","type":"page","link":"https:\/\/craigswapp.com\/spanish\/abogado-de-heridas-graves\/","title":{"rendered":"Abogado de Heridas Graves"},"content":{"rendered":"<p>\nSi usted \u00a0ha sido herido en un accidente automovil\u00edstico, usted puede beneficiarse de la asistencia de un abogado de lesiones graves. Existen diferencias significativas entre las heridas personales y heridas graves, sobre todo en la forma en que la lesi\u00f3n afecta a su vida. La mayor\u00eda de los casos de accidentes automovil\u00edsticos involucran heridas dolorosas que toman tiempo para sanar, pero la mayor\u00eda de las actividades diarias son todav\u00eda posibles. Aun si sus actividades no incluyen los de alto impacto, los actividades como ir al trabajo son posibles. Con una herida grave, es improbable que se puede trabajar con la misma capacidad que lo hac\u00eda antes del accidente. Tambi\u00e9n es posible que se necesitan numerosas cirug\u00edas o procedimientos para restablecer la calidad de su vida. En este caso es necesario tener un abogado profesional a su lado que puede luchar por sus derechos, y asegurar que reciba la m\u00e1xima compensaci\u00f3n por sus heridas.<\/p>\n<h2>Como abogados de heridas graves, podemos ayudarle recibir los servicios m\u00e9dicos<\/h2>\n<p>Al sufrir una herida grave en un accidente, es probable que usted. requerir\u00e1 cirug\u00edas y otros procedimientos m\u00e9dicos significativos. Con demasiada frecuencia, las compa\u00f1\u00edas aseguradoras tratan de negar estas solicitudes, explicando que no son necesidades m\u00e9dicas. Si est\u00e1s en conflicto con su compa\u00f1\u00eda aseguradora sobre las recomendaciones de su m\u00e9dico, llame a nosotros. Podemos trabajar para la aprobaci\u00f3n de su procedimiento, para que puedes recibir el alcance total de los servicios m\u00e9dicos para recuperarse o guardar lo m\u00e1ximo de su movilidad que posible.<\/p>\n<h2>Un abogado de heridas graves puede ayudarle obtener m\u00e1s indemnizaci\u00f3n por sus heridas<\/h2>\n<p>Un gran aspecto de lo que nosotros hacemos es alcanzar al m\u00e1ximo su reclamaci\u00f3n de heridas. Con demasiada frecuencia, los v\u00edctimas pierden dinero porque no saben que ellos cumplen los requisitos para m\u00e1s compensaci\u00f3n. La meta de las compa\u00f1\u00edas aseguradoras es pagar un gasto m\u00e1s m\u00ednimo posible, entonces si les permite hacer esto \u2013 lo har\u00e1n. Nosotros revisaremos su caso completamente y discutiremos la manera de que la herida afecta su vida. Nuestro objetivo es asegurarle que puedes recibir el pago que necesitas para cubrir no solo los gastos incurridos en este momento, sino tambi\u00e9n gastos para procedimientos futuros. Tendr\u00e1 el mejor oportunidad de maximizar el valor total de su reclamaci\u00f3n trabajando junto con un abogado.<\/p>\n<h2>El pago por los servicios m\u00e9dicos prolongados<\/h2>\n<p>Nosotros trabajaremos con su m\u00e9dico para determinar el alcance de servicios m\u00e9dicos prolongados que Ud. requerir\u00e1. Si necesitar\u00e1 atenci\u00f3n m\u00e9dica diaria o de 24 horas, hay que calcular y incluir esto en nuestro demanda judicial. Aun si un c\u00f3nyuge o familiar decide a proveerle el cuidado, necesitamos calcular los salarios que esta persona pudiera ganar si hubieran podido trabajar tiempo completo en otro sitio. Esta persona no debe rendirse sus ingresos sin una compensaci\u00f3n. La meta es proveerle con los servicios m\u00e9dicos que necesitas, sin abrumar financieramente su familia.<\/p>\n<h2>Ud. puede calificar para los beneficios de incapacidad prolongada<\/h2>\n<p>Otro beneficio de trabajar con un abogado es que nosotros podemos ayudarle determinar si Ud. califique para los pagos de <a href=\"http:\/\/www.ssdrc.com\/disabilityquestions3-24.html\" target=\"_blank\" rel=\"noopener noreferrer\">incapacidad<\/a> prolongada y a\u00fan ayudarle solicitar por esto. Si Ud. tiene una herida grave que durar\u00e1 por 12 meses o m\u00e1s, y esta herida le impide trabajar, Ud. pueda ser el candidato ideal para los pagos mensuales de incapacidad. La obtenci\u00f3n de aprobaci\u00f3n por su cuenta puede ser dif\u00edcil, y mucha gente elige contratar un abogado por su ayuda. Nosotros podemos encargarse de cada aspecto de su caso en nuestra oficina de abogados.<\/p>\n<h2>Programe una consulta gratis<\/h2>\n<p>Solo <a href=\"https:\/\/craigswapp.com\/spanish\/\">una llamada<\/a> \u2013 es todo. Llame a 855-628-5050 para obtener respuestas legales 24\/7 del personal disponible de d\u00eda o de noche. Craig Swapp &amp; Associates est\u00e1 aqu\u00ed para servirle y contestar a sus preguntas legales, y puede proveerle con una <a href=\"https:\/\/craigswapp.com\/spanish\/contactenos\/\">consulta<\/a> para discutir su caso.<\/p>\n","protected":false},"excerpt":{"rendered":"<p>Si usted \u00a0ha sido herido en un accidente automovil\u00edstico, usted puede beneficiarse de la asistencia de un abogado de lesiones graves. Existen diferencias significativas entre [&hellip;]<\/p>\n","protected":false},"author":2,"featured_media":0,"parent":0,"menu_order":0,"comment_status":"open","ping_status":"open","template":"","meta":{"_acf_changed":false,"inline_featured_image":false,"footnotes":""},"class_list":["post-3905","page","type-page","status-publish","hentry"],"acf":[],"_links":{"self":[{"href":"https:\/\/craigswapp.com\/spanish\/wp-json\/wp\/v2\/pages\/3905","targetHints":{"allow":["GET"]}}],"collection":[{"href":"https:\/\/craigswapp.com\/spanish\/wp-json\/wp\/v2\/pages"}],"about":[{"href":"https:\/\/craigswapp.com\/spanish\/wp-json\/wp\/v2\/types\/page"}],"author":[{"embeddable":true,"href":"https:\/\/craigswapp.com\/spanish\/wp-json\/wp\/v2\/users\/2"}],"replies":[{"embeddable":true,"href":"https:\/\/craigswapp.com\/spanish\/wp-json\/wp\/v2\/comments?post=3905"}],"version-history":[{"count":2,"href":"https:\/\/craigswapp.com\/spanish\/wp-json\/wp\/v2\/pages\/3905\/revisions"}],"predecessor-version":[{"id":10883,"href":"https:\/\/craigswapp.com\/spanish\/wp-json\/wp\/v2\/pages\/3905\/revisions\/10883"}],"wp:attachment":[{"href":"https:\/\/craigswapp.com\/spanish\/wp-json\/wp\/v2\/media?parent=3905"}],"curies":[{"name":"wp","href":"https:\/\/api.w.org\/{rel}","templated":true}]}}