{"id":3884,"date":"2016-04-08T19:09:19","date_gmt":"2016-04-08T19:09:19","guid":{"rendered":"http:\/\/craigswapp1.wpengine.com\/?page_id=3884"},"modified":"2021-05-12T13:12:03","modified_gmt":"2021-05-12T13:12:03","slug":"abogado-accidentes-camiones-utah","status":"publish","type":"page","link":"https:\/\/craigswapp.com\/spanish\/abogado-lesiones-personales-utah\/abogado-accidentes-camiones-utah\/","title":{"rendered":"Abogado de accidentes de camiones en Utah"},"content":{"rendered":"<p>\nDespu\u00e9s de estar en un accidente con un cami\u00f3n, llame a un abogado de accidentes de camiones en Utah. Los camiones grandes son esenciales para el transporte de mercanc\u00edas en todo el pa\u00eds. Cuando quiere fresas en enero, depende de un cami\u00f3n para llevarlas a su supermercado local. La mayor\u00eda de las veces, estos viajes se realizan sin incidentes. Sin embargo, los camioneros conducen durante largas horas y, a menudo, en condiciones clim\u00e1ticas adversas. La fatiga, el tr\u00e1fico, el clima y las distracciones pueden provocar accidentes. Si fue v\u00edctima de uno, necesita ayuda legal para asegurarse de que sus derechos est\u00e9n protegidos.<\/p>\n<h2>Estad\u00edsticas de accidentes de camiones<br \/>\n<img loading=\"lazy\" decoding=\"async\" class=\"alignright wp-image-4049 size-medium\" src=\"https:\/\/craigswapp.com\/spanish\/wp-content\/uploads\/2016\/04\/truck-accident-lawyer-utah-1-e1468529937576.jpg\" alt=\"truck-accident-lawyer-utah-1\" width=\"300\" height=\"178\" srcset=\"https:\/\/craigswapp.com\/spanish\/wp-content\/uploads\/2016\/04\/truck-accident-lawyer-utah-1-e1468529937576.jpg 400w, https:\/\/craigswapp.com\/spanish\/wp-content\/uploads\/2016\/04\/truck-accident-lawyer-utah-1-e1468529937576-300x179.jpg 300w\" sizes=\"auto, (max-width: 300px) 100vw, 300px\" \/><\/h2>\n<p>Seg\u00fan la Administraci\u00f3n Nacional de Seguridad en las Carreteras, las muertes relacionadas con camiones han disminuido. Esa es la buena noticia. Sin embargo, los accidentes de camiones tienden a causar lesiones m\u00e1s graves debido al tama\u00f1o total del cami\u00f3n en comparaci\u00f3n con el autom\u00f3vil promedio. Para asegurarse de recibir la compensaci\u00f3n que necesita para pagar las facturas m\u00e9dicas y los salarios perdidos, necesita la ayuda de un abogado.<\/p>\n<h2>No est\u00e1 solo<\/h2>\n<p>Ser atropellado por un cami\u00f3n es un evento traum\u00e1tico, tanto que muchas personas tienen miedo de conducir despu\u00e9s. Solo recuerda que no est\u00e1s solo. Estamos aqu\u00ed para ayudarlo e incluso podemos manejar la relaci\u00f3n con su compa\u00f1\u00eda de seguros para que pueda dedicar toda su atenci\u00f3n a su recuperaci\u00f3n.<\/p>\n<h2>Proteja sus derechos contratando a un abogado de accidentes de camiones en Utah<br \/>\n<img loading=\"lazy\" decoding=\"async\" class=\"alignright wp-image-4050 size-medium\" src=\"https:\/\/craigswapp.com\/spanish\/wp-content\/uploads\/2016\/04\/truck-accident-lawyer-utah-2-e1468529930805.jpg\" alt=\"truck-accident-lawyer-utah-2\" width=\"300\" height=\"178\" srcset=\"https:\/\/craigswapp.com\/spanish\/wp-content\/uploads\/2016\/04\/truck-accident-lawyer-utah-2-e1468529930805.jpg 400w, https:\/\/craigswapp.com\/spanish\/wp-content\/uploads\/2016\/04\/truck-accident-lawyer-utah-2-e1468529930805-300x179.jpg 300w\" sizes=\"auto, (max-width: 300px) 100vw, 300px\" \/><\/h2>\n<p>Una de las formas en que protegemos sus derechos es asegurarnos de que tenga su d\u00eda en la corte. En Utah, debe presentarla antes de que se alcance el plazo de prescripci\u00f3n o su caso podr\u00eda ser desechado, lo que significa que el caso no se escuchar\u00e1. Como resultado, debe presentar su reclamo antes de los tres a\u00f1os posteriores a su accidente para asegurarse de que puede atacar los da\u00f1os a la propiedad y las lesiones personales.<\/p>\n<h2>Un abogado de accidentes de camiones en Utah luchar\u00e1 por m\u00e1s que sus facturas m\u00e9dicas<\/h2>\n<p>Una vez que haya contratado a nuestra oficina, trabajaremos para recopilar pruebas y tratar de valorar su reclamo. Comenzamos analizando lo que ha pagado en facturas m\u00e9dicas hasta la fecha y lo que probablemente pagar\u00e1 en el futuro. Esto, sin embargo, no es donde termina. Tambi\u00e9n tomamos en consideraci\u00f3n cu\u00e1nto tiempo ha perdido en el trabajo debido al accidente y las citas m\u00e9dicas posteriores. Tambi\u00e9n consideraremos si puede o no regresar a sus tareas normales de trabajo, si a\u00fan puede conducir, si necesita atenci\u00f3n adicional para usted o sus hijos, etc. Miramos el panorama completo, por lo que usted y su familia no tienen que sufrir financieramente debido al accidente.<\/p>\n<h2>Determinando la negligencia<\/h2>\n<p>Antes de presentar una demanda, debemos identificar a todas las partes involucradas y determinar el papel que jugaron en el accidente. Esto es importante para determinar la negligencia y es m\u00e1s complicado que si otro conductor lo hubiera golpeado. Un conductor de cami\u00f3n podr\u00eda haber estado trabajando para una compa\u00f1\u00eda en el momento del accidente. Como tal, evaluaremos cosas como si el cami\u00f3n se mantuvo correctamente o no, si el conductor ten\u00eda la licencia correcta y estaba debidamente capacitado, si obtuvo la cantidad necesaria de descanso, etc. Estas preguntas y las respuestas a ellas nos ayudar\u00e1n determine qui\u00e9n fue el culpable de su accidente, para que podamos nombrar a las partes apropiadas en la demanda.<\/p>\n<h2>Prepararse para ir a la corte<br \/>\n<img loading=\"lazy\" decoding=\"async\" class=\"alignright wp-image-4051 size-medium\" src=\"https:\/\/craigswapp.com\/spanish\/wp-content\/uploads\/2016\/04\/truck-accident-lawyer-utah-3-e1468529921235.jpg\" alt=\"truck-accident-lawyer-utah-3\" width=\"300\" height=\"178\" srcset=\"https:\/\/craigswapp.com\/spanish\/wp-content\/uploads\/2016\/04\/truck-accident-lawyer-utah-3-e1468529921235.jpg 400w, https:\/\/craigswapp.com\/spanish\/wp-content\/uploads\/2016\/04\/truck-accident-lawyer-utah-3-e1468529921235-300x179.jpg 300w\" sizes=\"auto, (max-width: 300px) 100vw, 300px\" \/><\/h2>\n<p>Debe prepararse para ir a la corte desde el primer momento en que le pegan. Si bien podemos intentar resolver su reclamo, no hay garant\u00eda de que reciba una oferta de liquidaci\u00f3n justa. Por esta raz\u00f3n, siempre planeamos ir a la corte y prepararnos en consecuencia. Reunir evidencia y entrevistar a los testigos son dos de las cosas que hacemos en anticipaci\u00f3n. De esta manera, estamos preparados independientemente del seguimiento que tome su caso y tendr\u00e1 la mejor oportunidad para un resultado exitoso.<\/p>\n<h2>Hable con un abogado de accidentes de camiones en Utah hoy<\/h2>\n<p>Puede obtener la ayuda que necesita de inmediato. Todo lo que necesita es \u00abuna llamada basta\u00bb. Obtenga respuestas legales las 24 horas del d\u00eda, los 7 d\u00edas de la semana, con el personal disponible d\u00eda y noche llamando al 855-628-5050. Craig Swapp &amp; Associates est\u00e1 aqu\u00ed para responder todas sus preguntas legales y puede proporcionarle una consulta para discutir su caso.<\/p>\n","protected":false},"excerpt":{"rendered":"<p>Despu\u00e9s de estar en un accidente con un cami\u00f3n, llame a un abogado de accidentes de camiones en Utah. Los camiones grandes son esenciales para [&hellip;]<\/p>\n","protected":false},"author":2,"featured_media":0,"parent":3873,"menu_order":0,"comment_status":"closed","ping_status":"closed","template":"","meta":{"_acf_changed":false,"inline_featured_image":false,"footnotes":""},"class_list":["post-3884","page","type-page","status-publish","hentry"],"acf":[],"_links":{"self":[{"href":"https:\/\/craigswapp.com\/spanish\/wp-json\/wp\/v2\/pages\/3884","targetHints":{"allow":["GET"]}}],"collection":[{"href":"https:\/\/craigswapp.com\/spanish\/wp-json\/wp\/v2\/pages"}],"about":[{"href":"https:\/\/craigswapp.com\/spanish\/wp-json\/wp\/v2\/types\/page"}],"author":[{"embeddable":true,"href":"https:\/\/craigswapp.com\/spanish\/wp-json\/wp\/v2\/users\/2"}],"replies":[{"embeddable":true,"href":"https:\/\/craigswapp.com\/spanish\/wp-json\/wp\/v2\/comments?post=3884"}],"version-history":[{"count":1,"href":"https:\/\/craigswapp.com\/spanish\/wp-json\/wp\/v2\/pages\/3884\/revisions"}],"predecessor-version":[{"id":11224,"href":"https:\/\/craigswapp.com\/spanish\/wp-json\/wp\/v2\/pages\/3884\/revisions\/11224"}],"up":[{"embeddable":true,"href":"https:\/\/craigswapp.com\/spanish\/wp-json\/wp\/v2\/pages\/3873"}],"wp:attachment":[{"href":"https:\/\/craigswapp.com\/spanish\/wp-json\/wp\/v2\/media?parent=3884"}],"curies":[{"name":"wp","href":"https:\/\/api.w.org\/{rel}","templated":true}]}}