{"id":3879,"date":"2016-04-08T19:01:35","date_gmt":"2016-04-08T19:01:35","guid":{"rendered":"http:\/\/craigswapp1.wpengine.com\/?page_id=3879"},"modified":"2021-05-12T13:12:11","modified_gmt":"2021-05-12T13:12:11","slug":"abogado-accidentes-carros-utah","status":"publish","type":"page","link":"https:\/\/craigswapp.com\/spanish\/abogado-lesiones-personales-utah\/abogado-accidentes-carros-utah\/","title":{"rendered":"Abogado de accidentes de carros en Utah"},"content":{"rendered":"<p>\nCuando haya estado en un accidente, llame a un abogado de accidentes de carros en Utah. Podemos trabajar para proteger sus derechos y asegurarnos de que reciba la compensaci\u00f3n financiera que merece. Seg\u00fan la Administraci\u00f3n Nacional de Seguridad del Tr\u00e1fico en Carreteras, hubo un aumento del 8 por ciento en los choques que causaron da\u00f1os a la propiedad sin lesiones. En caso de que estuviera en un accidente y crea que solo sufri\u00f3 da\u00f1os a la propiedad, ll\u00e1menos de todos modos. Hemos encontrado por experiencia que las lesiones a menudo toman tiempo para manifestarse, por lo que es mejor no ser demasiado r\u00e1pido para juzgar sino visitar al m\u00e9dico y esperar a ver c\u00f3mo se siente en una semana o dos. Una vez que el impacto desaparece, es posible que se produzca un da\u00f1o en los tejidos blandos y que le cause una gran incomodidad.<\/p>\n<h2>\u00bfC\u00f3mo sabe que necesita un abogado de accidentes de carros en Utah?<\/h2>\n<p>Recomendamos contratar a un abogado cada vez que tenga un accidente. Esto se debe a que no se enfrentar\u00e1 al otro conductor, sino a su compa\u00f1\u00eda de seguros. Sin embargo, si solo desea trabajar con un abogado despu\u00e9s de un accidente grave, aseg\u00farese de llamarnos si sus lesiones causan suficiente incomodidad para cambiar su rutina de forma temporal o permanente.<\/p>\n<h2>El papel de la compa\u00f1\u00eda de seguros<\/h2>\n<p>Cuando decimos que usted va en contra de la compa\u00f1\u00eda de seguros, lo decimos en serio. La compa\u00f1\u00eda a la que le paga su prima mensual puede ser amable y tratarlo bien. Sin embargo, tan pronto como presente una reclamaci\u00f3n, los roles cambian. De repente, debe estar preparado para demostrar que se lesion\u00f3, la magnitud de las lesiones, el tipo de atenci\u00f3n m\u00e9dica que necesita y c\u00f3mo no fue su culpa que se lesionara en primer lugar. Desafortunadamente, conseguir que la compa\u00f1\u00eda de seguros pague no siempre es f\u00e1cil. De hecho, puede ser bastante dif\u00edcil. Aqu\u00ed es donde entramos nosotros. Podemos convertirnos en su defensor de la compa\u00f1\u00eda de seguros para garantizar que sus derechos est\u00e9n protegidos, que no se aprovechen de usted y que reciba el mayor premio financiero posible.<\/p>\n<h2>Un abogado especializado en accidentes de carros en Utah lo ayudar\u00e1 a recibir el nivel adecuado de atenci\u00f3n<\/h2>\n<p>Otra \u00e1rea en la que podemos ayudarlo es su atenci\u00f3n m\u00e9dica. Al igual que las compa\u00f1\u00edas de seguros tratan de limitar el tama\u00f1o de su pago, tambi\u00e9n pueden restringir el tipo de atenci\u00f3n a la que tiene acceso. Es demasiado com\u00fan que las compa\u00f1\u00edas de seguros nieguen ciertos procedimientos o cirug\u00edas, incluso cuando son recomendadas por un m\u00e9dico. Si est\u00e1 luchando contra ellos en este punto, ll\u00e1manos. Podemos convertirnos en su defensor y trabajar para que se apruebe el procedimiento para que pueda recuperarse lo m\u00e1s posible.<\/p>\n<h2>Proteja su futuro financiero con la ayuda de un abogado especializado en accidentes de carros en Utah<br \/>\n<img loading=\"lazy\" decoding=\"async\" class=\"alignright wp-image-4039 size-medium\" src=\"https:\/\/craigswapp.com\/spanish\/wp-content\/uploads\/2016\/04\/car-accident-lawyer-utah-1-e1468530033700.jpg\" alt=\"car accident lawyer utah 2\" width=\"300\" height=\"264\" \/><\/h2>\n<p>Con un estatuto de limitaciones claro, debe presentar su demanda de inmediato. En Utah, son tres a\u00f1os por da\u00f1os a su propiedad y cuatro por da\u00f1os personales. Como tal, recomendamos presentar su demanda lo antes posible. No necesita estar bien para presentar su solicitud ni necesita saber cu\u00e1les son los da\u00f1os exactos. Trabajaremos con usted durante este proceso para que podamos identificar el valor de su reclamo y trabajar para recibir la m\u00e1xima compensaci\u00f3n. La clave es que si bien no necesita todas las respuestas para archivar, s\u00ed necesita hacerlo. Una vez que llegue al estatuto de limitaciones, la otra parte puede solicitar que su caso sea desechado, algo que definitivamente no desea.<\/p>\n<h2>Haga que sus preguntas sean respondidas gratis<\/h2>\n<p>Independientemente de lo que desee saber, estamos aqu\u00ed para responder sus preguntas. Hacemos que sea m\u00e1s f\u00e1cil que nunca hablar con un abogado, gracias a nuestra garant\u00eda \u00abUna llamada basta\u00bb. Puede obtener respuestas legales las 24 horas del d\u00eda, los 7 d\u00edas de la semana, ya que nuestro personal est\u00e1 disponible d\u00eda o noche llamando al 855-628-5050. Craig Swapp &amp; Associates est\u00e1 aqu\u00ed para responder todas sus preguntas legales y puede proporcionarle una consulta para discutir su caso.<\/p>\n","protected":false},"excerpt":{"rendered":"<p>Cuando haya estado en un accidente, llame a un abogado de accidentes de carros en Utah. Podemos trabajar para proteger sus derechos y asegurarnos de [&hellip;]<\/p>\n","protected":false},"author":2,"featured_media":0,"parent":3873,"menu_order":0,"comment_status":"closed","ping_status":"closed","template":"","meta":{"_acf_changed":false,"inline_featured_image":false,"footnotes":""},"class_list":["post-3879","page","type-page","status-publish","hentry"],"acf":[],"_links":{"self":[{"href":"https:\/\/craigswapp.com\/spanish\/wp-json\/wp\/v2\/pages\/3879","targetHints":{"allow":["GET"]}}],"collection":[{"href":"https:\/\/craigswapp.com\/spanish\/wp-json\/wp\/v2\/pages"}],"about":[{"href":"https:\/\/craigswapp.com\/spanish\/wp-json\/wp\/v2\/types\/page"}],"author":[{"embeddable":true,"href":"https:\/\/craigswapp.com\/spanish\/wp-json\/wp\/v2\/users\/2"}],"replies":[{"embeddable":true,"href":"https:\/\/craigswapp.com\/spanish\/wp-json\/wp\/v2\/comments?post=3879"}],"version-history":[{"count":2,"href":"https:\/\/craigswapp.com\/spanish\/wp-json\/wp\/v2\/pages\/3879\/revisions"}],"predecessor-version":[{"id":10719,"href":"https:\/\/craigswapp.com\/spanish\/wp-json\/wp\/v2\/pages\/3879\/revisions\/10719"}],"up":[{"embeddable":true,"href":"https:\/\/craigswapp.com\/spanish\/wp-json\/wp\/v2\/pages\/3873"}],"wp:attachment":[{"href":"https:\/\/craigswapp.com\/spanish\/wp-json\/wp\/v2\/media?parent=3879"}],"curies":[{"name":"wp","href":"https:\/\/api.w.org\/{rel}","templated":true}]}}