{"id":3739,"date":"2016-03-31T03:07:42","date_gmt":"2016-03-31T03:07:42","guid":{"rendered":"http:\/\/craigswapp1.wpengine.com\/?page_id=3739"},"modified":"2021-05-10T13:44:32","modified_gmt":"2021-05-10T13:44:32","slug":"kennewick","status":"publish","type":"page","link":"https:\/\/craigswapp.com\/spanish\/kennewick\/","title":{"rendered":"Abogado de Lesiones Personales en Kennewick"},"content":{"rendered":"<br \/>\n<hr \/>\n<div class=\"row google-map\"><iframe loading=\"lazy\" src=\"https:\/\/www.google.com\/maps\/embed?pb=!1m18!1m12!1m3!1d88371.55800223889!2d-119.17705945!3d46.1982954!2m3!1f0!2f0!3f0!3m2!1i1024!2i768!4f13.1!3m3!1m2!1s0x54987854e7f54da3%3A0x787d7dadae8c8ae0!2sKennewick%2C+WA!5e0!3m2!1sen!2sus!4v1435678169903\" width=\"600\" height=\"450\" frameborder=\"0\" allowfullscreen=\"allowfullscreen\"><\/iframe><\/div>\n<p>&nbsp;<\/p>\n<h2>\u00bfLesionado en Kennewick? Llame a un Abogado<\/h2>\n<p><img loading=\"lazy\" decoding=\"async\" width=\"400\" height=\"259\" class=\"alignleft wp-image-1047 size-thumbnail\" src=\"https:\/\/craigswapp.com\/spanish\/wp-content\/uploads\/2014\/09\/constitution-e1468559230449.jpg\" alt=\"Kennewick Personal Injury Lawyer\" srcset=\"https:\/\/craigswapp.com\/spanish\/wp-content\/uploads\/2014\/09\/constitution-e1468559230449.jpg 400w, https:\/\/craigswapp.com\/spanish\/wp-content\/uploads\/2014\/09\/constitution-e1468559230449-300x194.jpg 300w\" sizes=\"auto, (max-width: 400px) 100vw, 400px\" \/><\/p>\n<p>Las lesiones personales afectan m\u00e1s que a la persona que est\u00e1 herida. La familia que depende de ellos tambi\u00e9n est\u00e1 sufriendo. Saber que su ser querido est\u00e1 en el dolor, lidiando con un menor ingreso debido a facturas m\u00e9dicas, y pregunt\u00e1ndose si las cosas volver\u00e1n a la normalidad &#8230; que es un modo de vida infeliz para cualquier persona a tratar. Nuestros abogados quieren ayudarle a encontrar una manera de volver a la normalidad f\u00edsica y financieramente. No s\u00f3lo para usted, sino para el grupo que depende de usted. Deje que nuestros abogados ayuden a usted ya su familia durante este tiempo dif\u00edcil.<\/p>\n<p>Siendo una de las ciudades m\u00e1s grandes de Washington, usted puede apostar que las lesiones personales ocurren todos los d\u00edas en Kennewick, y un abogado de lesiones personales en Kennewick de Craig Swapp &amp; Associates est\u00e1 listo para ayudar a todas estas v\u00edctimas d\u00eda o noche con nuestro nuevo 24 horas viven Servicio.<\/p>\n<h2>Un Abogado de Lesiones Personales est\u00e1 Disponible para Usted<\/h2>\n<p>Con m\u00e1s de 160 mil residentes, entendemos que esta ciudad necesita atenci\u00f3n constante cuando se trata de lesiones personales y las leyes que rodean estas reclamaciones. Hemos hecho que el proceso de iniciar una reclamaci\u00f3n por lesiones personales sea muy sencillo al ofrecerle un representante en vivo, literalmente, a cualquier hora, d\u00eda o noche. Nuestro abogado de lesiones personales en Kennewick le ayuda. Puede comenzar a charlar o llame al 855-628-5050. Sea cual sea el m\u00e9todo que elija, obtenga la ayuda que necesita dejando que un miembro de nuestro personal de atenci\u00f3n personal eval\u00fae su caso de lesiones personales en este momento.<\/p>\n<table class=\"table table-bordered\">\n<tbody>\n<tr>\n<td><\/td>\n<td>GOOGLE<\/td>\n<td><a href=\"https:\/\/plus.google.com\/+CraigswappWashingtonAttorney\/about\" target=\"_blank\" rel=\"noopener noreferrer\">Reivsar las Clasificaciones<\/a><\/td>\n<\/tr>\n<tr>\n<td><\/td>\n<td>YELLOW PAGES<\/td>\n<td><a href=\"http:\/\/www.yellowpages.com\/search?search_terms=craig-swapp-associates&amp;geo_location_terms=sandy-ut\" target=\"_blank\" rel=\"noopener noreferrer\">Revisar las Clasificaciones<\/a><\/td>\n<\/tr>\n<tr>\n<td><\/td>\n<td>CITY SEARCH<\/td>\n<td><a href=\"https:\/\/utah.citysearch.com\/profile\/604424392\/sandy_ut\/craig_swapp_associates.html\" target=\"_blank\" rel=\"noopener noreferrer\">Revisar las Clasificaciones<\/a><\/td>\n<\/tr>\n<tr>\n<td><\/td>\n<td>INSIDER PAGES<\/td>\n<td><i class=\"fa fa-map-marker\"><\/i>Revisar las Clasificaciones<\/td>\n<\/tr>\n<tr>\n<td><\/td>\n<td>AVVO<\/td>\n<td>Revisar las Clasificaciones<\/td>\n<\/tr>\n<\/tbody>\n<\/table>\n<h3><i class=\"fa fa-comments fa-4x\"><\/i>Escuche lo que dicen nuestros\u00a0clientes:<\/h3>\n<p>Los abogados todos han sido muy \u00fatil.Una vez un mes que llamar para hacerme saber cualquier nueva informaci\u00f3n, sent\u00ed que est\u00e1n trabajando para m\u00ed. Le dir\u00e9 a la gente acerca de Craig Swapp. Gracias.<\/p>\n<p><strong>Craig Swapp<\/strong><br \/>\nCraig Swapp and Associates<br \/>\nAbogado de Lesiones Personales<br \/>\nKennewick, Washington<br \/>\n99336<br \/>\nUnited States<br \/>\n<i class=\"fa fa-envelope-o\"><\/i> <a href=\"mailto:info@craigswapp.com\" rel=\"nofollow\">info@craigswapp.com<\/a><br \/>\n<i class=\"fa fa-phone\"><\/i> <a href=\"tel:8004049000\" rel=\"nofollow\">1-855-628-5050<\/a><\/p>\n","protected":false},"excerpt":{"rendered":"<p>&nbsp; \u00bfLesionado en Kennewick? Llame a un Abogado Las lesiones personales afectan m\u00e1s que a la persona que est\u00e1 herida. La familia que depende de [&hellip;]<\/p>\n","protected":false},"author":2,"featured_media":0,"parent":0,"menu_order":0,"comment_status":"closed","ping_status":"closed","template":"","meta":{"_acf_changed":false,"inline_featured_image":false,"footnotes":""},"class_list":["post-3739","page","type-page","status-publish","hentry"],"acf":[],"_links":{"self":[{"href":"https:\/\/craigswapp.com\/spanish\/wp-json\/wp\/v2\/pages\/3739","targetHints":{"allow":["GET"]}}],"collection":[{"href":"https:\/\/craigswapp.com\/spanish\/wp-json\/wp\/v2\/pages"}],"about":[{"href":"https:\/\/craigswapp.com\/spanish\/wp-json\/wp\/v2\/types\/page"}],"author":[{"embeddable":true,"href":"https:\/\/craigswapp.com\/spanish\/wp-json\/wp\/v2\/users\/2"}],"replies":[{"embeddable":true,"href":"https:\/\/craigswapp.com\/spanish\/wp-json\/wp\/v2\/comments?post=3739"}],"version-history":[{"count":1,"href":"https:\/\/craigswapp.com\/spanish\/wp-json\/wp\/v2\/pages\/3739\/revisions"}],"predecessor-version":[{"id":11015,"href":"https:\/\/craigswapp.com\/spanish\/wp-json\/wp\/v2\/pages\/3739\/revisions\/11015"}],"wp:attachment":[{"href":"https:\/\/craigswapp.com\/spanish\/wp-json\/wp\/v2\/media?parent=3739"}],"curies":[{"name":"wp","href":"https:\/\/api.w.org\/{rel}","templated":true}]}}